{"id":8865,"date":"2022-02-23T18:31:59","date_gmt":"2022-02-23T16:31:59","guid":{"rendered":"https:\/\/team2go.es\/?page_id=8865"},"modified":"2024-09-18T13:20:55","modified_gmt":"2024-09-18T11:20:55","slug":"kpis-de-recursos-humanos-infografia","status":"publish","type":"page","link":"https:\/\/team2go.es\/pt\/kpis-de-recursos-humanos-infografia\/","title":{"rendered":"KPIs de Recursos Humanos: Infograf\u00eda"},"content":{"rendered":"<div class=\"wpb-content-wrapper\">[vc_row][vc_column][vc_column_text]\n[\/vc_column_text][\/vc_column][\/vc_row][vc_row fullwidth=&#8221;true&#8221; fullwidth_content=&#8221;false&#8221; el_class=&#8221;slider-home&#8221;][vc_column][vc_row_inner el_class=&#8221;flex&#8221;][vc_column_inner width=&#8221;5\/12&#8243;][vc_column_text css=&#8221;.vc_custom_1726658341031{margin-bottom: 0px !important;}&#8221;]\n<h1><strong> KPIs de RH: <\/strong>lista dos indicadores de recursos humanos mais importantes. [INFOGRAF\u00cdA]<\/h1>\n[\/vc_column_text][vc_raw_html]JTNDc3ZnJTIweG1sbnMlM0QlMjJodHRwJTNBJTJGJTJGd3d3LnczLm9yZyUyRjIwMDAlMkZzdmclMjIlMjB3aWR0aCUzRCUyMjE3NC4xMjklMjIlMjBoZWlnaHQlM0QlMjIxNjAuMzclMjIlMjB2aWV3Qm94JTNEJTIyMCUyMDAlMjAxNzQuMTI5JTIwMTYwLjM3JTIyJTNFJTBBJTIwJTIwJTNDZyUyMGlkJTNEJTIyZG93bmxvYWQtY2xvdWQtbGluZSUyMiUyMHRyYW5zZm9ybSUzRCUyMnRyYW5zbGF0ZSUyOC0xLjc0NCUyMC0yLjY3OCUyOSUyMiUzRSUwQSUyMCUyMCUyMCUyMCUzQ3BhdGglMjBpZCUzRCUyMlRyYXphZG9fMTQ5MjclMjIlMjBkYXRhLW5hbWUlM0QlMjJUcmF6YWRvJTIwMTQ5MjclMjIlMjBkJTNEJTIyTTE1My45MzMlMkM1Ny42Njl2LTEuN0E1NC42NjElMkM1NC42NjElMkMwJTJDMCUyQzAlMkM5OC4yNiUyQzIuNjg4YTU1Ljc4JTJDNTUuNzglMkMwJTJDMCUyQzAtNTEuMTQ1JTJDMzIuNSUyQzUxLjQxMSUyQzUxLjQxMSUyQzAlMkMwJTJDMCUyQzMuMzU2JTJDMTAyLjQlMkMxNS45ODMlMkMxNS45ODMlMkMwJTJDMCUyQzElMkMwLTEwLjY1NSUyQzQwLjc1NiUyQzQwLjc1NiUyQzAlMkMwJTJDMSUyQy41ODYtODEuM2gzLjU2OWwxLjIyNS0zLjM1NkE0NC45MTIlMkM0NC45MTIlMkMwJTJDMCUyQzElMkM5OC40NzMlMkMxMy41YTQ0LjAwNiUyQzQ0LjAwNiUyQzAlMkMwJTJDMSUyQzQ1LjAxOCUyQzQyLjYyMSUyQzQxLjMlMkM0MS4zJTJDMCUyQzAlMkMxJTJDMCUyQzQuMjYybC0uNDI2JTJDMy44MzYlMkMzLjQ2MyUyQzEuNkEzMS45NjYlMkMzMS45NjYlMkMwJTJDMCUyQzElMkMxMzMlMkMxMjYuOTI3aC02Ljg3M2ExNS45ODMlMkMxNS45ODMlMkMwJTJDMCUyQzElMkMwJTJDMTAuNjU1aDYuODE5QTQyLjYyMSUyQzQyLjYyMSUyQzAlMkMwJTJDMCUyQzE1My44OCUyQzU3LjY2OVolMjIlMjB0cmFuc2Zvcm0lM0QlMjJ0cmFuc2xhdGUlMjgwJTIwMCUyOSUyMiUyMGZpbGwlM0QlMjIlMjNmZmYlMjIlMkYlM0UlMEElMjAlMjAlMjAlMjAlM0NwYXRoJTIwaWQlM0QlMjJUcmF6YWRvXzE0OTI4JTIyJTIwZGF0YS1uYW1lJTNEJTIyVHJhemFkbyUyMDE0OTI4JTIyJTIwZCUzRCUyMk02My42OTElMkM3MS4wMzRhNS4zMjglMkM1LjMyOCUyQzAlMkMwJTJDMC0zLjc4MyUyQzEuNTQ1TDQ2LjIxNyUyQzg2LjMyNFYyMS4wMDhhNS4zMjglMkM1LjMyOCUyQzAlMkMwJTJDMC0xMC42NTUlMkMwVjg2LjMyNEwyMS44NyUyQzcyLjYzMmE1LjM1JTJDNS4zNSUyQzAlMkMxJTJDMC03LjYxOCUyQzcuNTEybDI2LjYzOCUyQzI2LjYzOEw2Ny41MjclMkM4MC4xNDRhNS4zMjglMkM1LjMyOCUyQzAlMkMwJTJDMC0zLjc4My05LjExWiUyMiUyMHRyYW5zZm9ybSUzRCUyMnRyYW5zbGF0ZSUyODQ3LjQ2MSUyMDU2LjI2NyUyOSUyMiUyMGZpbGwlM0QlMjIlMjNmZmYlMjIlMkYlM0UlMEElMjAlMjAlM0MlMkZnJTNFJTBBJTNDJTJGc3ZnJTNFJTBB[\/vc_raw_html][\/vc_column_inner][vc_column_inner width=&#8221;1\/12&#8243;][\/vc_column_inner][vc_column_inner el_class=&#8221;slider-form&#8221; width=&#8221;6\/12&#8243;][vc_column_text el_class=&#8221;texto&#8221; css=&#8221;.vc_custom_1726658274027{margin-bottom: 0px !important;}&#8221;]\n<p style=\"text-align: center;\">BAIXE AQUI O INFOGR\u00c1FICO: OS PRINCIPAIS KPIS DE RECURSOS HUMANOS<\/p>\n[\/vc_column_text][vc_column_text css=&#8221;.vc_custom_1645631673273{margin-bottom: 0px !important;}&#8221;]<script type=\"text\/javascript\" src=\"\/\/mautic.team2go.es\/form\/generate.js?id=13\"><\/script>[\/vc_column_text][\/vc_column_inner][\/vc_row_inner][\/vc_column][\/vc_row][vc_row css=&#8221;.vc_custom_1646137767259{margin-top: 30px !important;}&#8221;][vc_column][vc_row_inner el_class=&#8221;flex-center&#8221;][vc_column_inner width=&#8221;1\/2&#8243;][vc_column_text el_class=&#8221;psize&#8221; css=&#8221;.vc_custom_1726658374522{margin-bottom: 0px !important;}&#8221;]<em>O mundo dos Recursos Humanos est\u00e1 evoluindo em um ritmo vertiginoso e, com isso, \u00e9 necess\u00e1rio adaptar nossas estrat\u00e9gias \u00e0s novas tend\u00eancias e mudan\u00e7as que surgem no campo.<\/em>[\/vc_column_text][vc_column_text el_class=&#8221;psize&#8221; css=&#8221;.vc_custom_1726658420044{margin-bottom: 0px !important;}&#8221;]Para verificar se suas a\u00e7\u00f5es t\u00eam um funcionamento adequado e se os objetivos estabelecidos em sua empresa est\u00e3o sendo alcan\u00e7ados, \u00e9 necess\u00e1rio ter as informa\u00e7\u00f5es necess\u00e1rias e relevantes para tomar as melhores decis\u00f5es. Para isso, podemos contar com os chamados KPIs de recursos humanos ou indicadores de desempenho.<\/p>\n<p>A escolha de nossos pr\u00f3prios KPIs \u00e9 essencial para alcan\u00e7ar o sucesso e obter os melhores resultados na cria\u00e7\u00e3o de nossos planos estrat\u00e9gicos, para entender como o departamento est\u00e1 evoluindo e para adquirir uma vis\u00e3o global do desempenho da empresa.[\/vc_column_text][vc_column_text el_class=&#8221;psize&#8221; css=&#8221;.vc_custom_1726658445254{margin-bottom: 0px !important;}&#8221;]<em>Neste infogr\u00e1fico, voc\u00ea encontrar\u00e1 os KPIs de RH mais importantes que voc\u00ea pode come\u00e7ar a usar hoje, bem como por que estes s\u00e3o importantes, quais caracter\u00edsticas devem atender para serem considerados adequados e algumas recomenda\u00e7\u00f5es exclusivas feitas pela equipa da Team2Go que permitir\u00e3o que voc\u00ea obtenha o m\u00e1ximo de seus KPIs.<\/em>[\/vc_column_text][\/vc_column_inner][vc_column_inner el_class=&#8221;mockup&#8221; width=&#8221;1\/2&#8243;][vc_single_image image=&#8221;5404&#8243; img_size=&#8221;600&#215;824&#8243; alignment=&#8221;center&#8221;][\/vc_column_inner][\/vc_row_inner][\/vc_column][\/vc_row][vc_row][vc_column][vc_empty_space height=&#8221;60px&#8221;][\/vc_column][\/vc_row]\n<\/div>","protected":false},"excerpt":{"rendered":"<p>[vc_row][vc_column][vc_column_text] [\/vc_column_text][\/vc_column][\/vc_row][vc_row fullwidth=&#8221;true&#8221; fullwidth_content=&#8221;false&#8221; el_class=&#8221;slider-home&#8221;][vc_column][vc_row_inner el_class=&#8221;flex&#8221;][vc_column_inner width=&#8221;5\/12&#8243;][vc_column_text css=&#8221;.vc_custom_1726658341031{margin-bottom: 0px !important;}&#8221;] KPIs de RH: lista dos indicadores de recursos humanos mais importantes. [INFOGRAF\u00cdA] [\/vc_column_text][vc_raw_html]JTNDc3ZnJTIweG1sbnMlM0QlMjJodHRwJTNBJTJGJTJGd3d3LnczLm9yZyUyRjIwMDAlMkZzdmclMjIlMjB3aWR0aCUzRCUyMjE3NC4xMjklMjIlMjBoZWlnaHQlM0QlMjIxNjAuMzclMjIlMjB2aWV3Qm94JTNEJTIyMCUyMDAlMjAxNzQuMTI5JTIwMTYwLjM3JTIyJTNFJTBBJTIwJTIwJTNDZyUyMGlkJTNEJTIyZG93bmxvYWQtY2xvdWQtbGluZSUyMiUyMHRyYW5zZm9ybSUzRCUyMnRyYW5zbGF0ZSUyOC0xLjc0NCUyMC0yLjY3OCUyOSUyMiUzRSUwQSUyMCUyMCUyMCUyMCUzQ3BhdGglMjBpZCUzRCUyMlRyYXphZG9fMTQ5MjclMjIlMjBkYXRhLW5hbWUlM0QlMjJUcmF6YWRvJTIwMTQ5MjclMjIlMjBkJTNEJTIyTTE1My45MzMlMkM1Ny42Njl2LTEuN0E1NC42NjElMkM1NC42NjElMkMwJTJDMCUyQzAlMkM5OC4yNiUyQzIuNjg4YTU1Ljc4JTJDNTUuNzglMkMwJTJDMCUyQzAtNTEuMTQ1JTJDMzIuNSUyQzUxLjQxMSUyQzUxLjQxMSUyQzAlMkMwJTJDMCUyQzMuMzU2JTJDMTAyLjQlMkMxNS45ODMlMkMxNS45ODMlMkMwJTJDMCUyQzElMkMwLTEwLjY1NSUyQzQwLjc1NiUyQzQwLjc1NiUyQzAlMkMwJTJDMSUyQy41ODYtODEuM2gzLjU2OWwxLjIyNS0zLjM1NkE0NC45MTIlMkM0NC45MTIlMkMwJTJDMCUyQzElMkM5OC40NzMlMkMxMy41YTQ0LjAwNiUyQzQ0LjAwNiUyQzAlMkMwJTJDMSUyQzQ1LjAxOCUyQzQyLjYyMSUyQzQxLjMlMkM0MS4zJTJDMCUyQzAlMkMxJTJDMCUyQzQuMjYybC0uNDI2JTJDMy44MzYlMkMzLjQ2MyUyQzEuNkEzMS45NjYlMkMzMS45NjYlMkMwJTJDMCUyQzElMkMxMzMlMkMxMjYuOTI3aC02Ljg3M2ExNS45ODMlMkMxNS45ODMlMkMwJTJDMCUyQzElMkMwJTJDMTAuNjU1aDYuODE5QTQyLjYyMSUyQzQyLjYyMSUyQzAlMkMwJTJDMCUyQzE1My44OCUyQzU3LjY2OVolMjIlMjB0cmFuc2Zvcm0lM0QlMjJ0cmFuc2xhdGUlMjgwJTIwMCUyOSUyMiUyMGZpbGwlM0QlMjIlMjNmZmYlMjIlMkYlM0UlMEElMjAlMjAlMjAlMjAlM0NwYXRoJTIwaWQlM0QlMjJUcmF6YWRvXzE0OTI4JTIyJTIwZGF0YS1uYW1lJTNEJTIyVHJhemFkbyUyMDE0OTI4JTIyJTIwZCUzRCUyMk02My42OTElMkM3MS4wMzRhNS4zMjglMkM1LjMyOCUyQzAlMkMwJTJDMC0zLjc4MyUyQzEuNTQ1TDQ2LjIxNyUyQzg2LjMyNFYyMS4wMDhhNS4zMjglMkM1LjMyOCUyQzAlMkMwJTJDMC0xMC42NTUlMkMwVjg2LjMyNEwyMS44NyUyQzcyLjYzMmE1LjM1JTJDNS4zNSUyQzAlMkMxJTJDMC03LjYxOCUyQzcuNTEybDI2LjYzOCUyQzI2LjYzOEw2Ny41MjclMkM4MC4xNDRhNS4zMjglMkM1LjMyOCUyQzAlMkMwJTJDMC0zLjc4My05LjExWiUyMiUyMHRyYW5zZm9ybSUzRCUyMnRyYW5zbGF0ZSUyODQ3LjQ2MSUyMDU2LjI2NyUyOSUyMiUyMGZpbGwlM0QlMjIlMjNmZmYlMjIlMkYlM0UlMEElMjAlMjAlM0MlMkZnJTNFJTBBJTNDJTJGc3ZnJTNFJTBB[\/vc_raw_html][\/vc_column_inner][vc_column_inner width=&#8221;1\/12&#8243;][\/vc_column_inner][vc_column_inner el_class=&#8221;slider-form&#8221; width=&#8221;6\/12&#8243;][vc_column_text el_class=&#8221;texto&#8221; css=&#8221;.vc_custom_1726658274027{margin-bottom: 0px !important;}&#8221;] [&hellip;]<\/p>\n","protected":false},"author":2,"featured_media":0,"parent":0,"menu_order":0,"comment_status":"closed","ping_status":"closed","template":"","meta":{"inline_featured_image":false,"_uag_custom_page_level_css":"","footnotes":""},"class_list":["post-8865","page","type-page","status-publish","hentry"],"yoast_head":"<!-- This site is optimized with the Yoast SEO plugin v27.4 - https:\/\/yoast.com\/product\/yoast-seo-wordpress\/ -->\n<title>KPIs de Recursos Humanos: Infograf\u00eda - Team2go<\/title>\n<meta name=\"robots\" content=\"index, follow, max-snippet:-1, max-image-preview:large, max-video-preview:-1\" \/>\n<link rel=\"canonical\" href=\"https:\/\/team2go.es\/pt\/kpis-de-recursos-humanos-infografia\/\" \/>\n<meta property=\"og:locale\" content=\"pt_PT\" \/>\n<meta property=\"og:type\" content=\"article\" \/>\n<meta property=\"og:title\" content=\"KPIs de Recursos Humanos: Infograf\u00eda - Team2go\" \/>\n<meta property=\"og:description\" content=\"[vc_row][vc_column][vc_column_text] [\/vc_column_text][\/vc_column][\/vc_row][vc_row fullwidth=&#8221;true&#8221; fullwidth_content=&#8221;false&#8221; el_class=&#8221;slider-home&#8221;][vc_column][vc_row_inner el_class=&#8221;flex&#8221;][vc_column_inner width=&#8221;5\/12&#8243;][vc_column_text css=&#8221;.vc_custom_1726658341031{margin-bottom: 0px !important;}&#8221;] KPIs de RH: lista dos indicadores de recursos humanos mais importantes. [INFOGRAF\u00cdA] [\/vc_column_text][vc_raw_html]JTNDc3ZnJTIweG1sbnMlM0QlMjJodHRwJTNBJTJGJTJGd3d3LnczLm9yZyUyRjIwMDAlMkZzdmclMjIlMjB3aWR0aCUzRCUyMjE3NC4xMjklMjIlMjBoZWlnaHQlM0QlMjIxNjAuMzclMjIlMjB2aWV3Qm94JTNEJTIyMCUyMDAlMjAxNzQuMTI5JTIwMTYwLjM3JTIyJTNFJTBBJTIwJTIwJTNDZyUyMGlkJTNEJTIyZG93bmxvYWQtY2xvdWQtbGluZSUyMiUyMHRyYW5zZm9ybSUzRCUyMnRyYW5zbGF0ZSUyOC0xLjc0NCUyMC0yLjY3OCUyOSUyMiUzRSUwQSUyMCUyMCUyMCUyMCUzQ3BhdGglMjBpZCUzRCUyMlRyYXphZG9fMTQ5MjclMjIlMjBkYXRhLW5hbWUlM0QlMjJUcmF6YWRvJTIwMTQ5MjclMjIlMjBkJTNEJTIyTTE1My45MzMlMkM1Ny42Njl2LTEuN0E1NC42NjElMkM1NC42NjElMkMwJTJDMCUyQzAlMkM5OC4yNiUyQzIuNjg4YTU1Ljc4JTJDNTUuNzglMkMwJTJDMCUyQzAtNTEuMTQ1JTJDMzIuNSUyQzUxLjQxMSUyQzUxLjQxMSUyQzAlMkMwJTJDMCUyQzMuMzU2JTJDMTAyLjQlMkMxNS45ODMlMkMxNS45ODMlMkMwJTJDMCUyQzElMkMwLTEwLjY1NSUyQzQwLjc1NiUyQzQwLjc1NiUyQzAlMkMwJTJDMSUyQy41ODYtODEuM2gzLjU2OWwxLjIyNS0zLjM1NkE0NC45MTIlMkM0NC45MTIlMkMwJTJDMCUyQzElMkM5OC40NzMlMkMxMy41YTQ0LjAwNiUyQzQ0LjAwNiUyQzAlMkMwJTJDMSUyQzQ1LjAxOCUyQzQyLjYyMSUyQzQxLjMlMkM0MS4zJTJDMCUyQzAlMkMxJTJDMCUyQzQuMjYybC0uNDI2JTJDMy44MzYlMkMzLjQ2MyUyQzEuNkEzMS45NjYlMkMzMS45NjYlMkMwJTJDMCUyQzElMkMxMzMlMkMxMjYuOTI3aC02Ljg3M2ExNS45ODMlMkMxNS45ODMlMkMwJTJDMCUyQzElMkMwJTJDMTAuNjU1aDYuODE5QTQyLjYyMSUyQzQyLjYyMSUyQzAlMkMwJTJDMCUyQzE1My44OCUyQzU3LjY2OVolMjIlMjB0cmFuc2Zvcm0lM0QlMjJ0cmFuc2xhdGUlMjgwJTIwMCUyOSUyMiUyMGZpbGwlM0QlMjIlMjNmZmYlMjIlMkYlM0UlMEElMjAlMjAlMjAlMjAlM0NwYXRoJTIwaWQlM0QlMjJUcmF6YWRvXzE0OTI4JTIyJTIwZGF0YS1uYW1lJTNEJTIyVHJhemFkbyUyMDE0OTI4JTIyJTIwZCUzRCUyMk02My42OTElMkM3MS4wMzRhNS4zMjglMkM1LjMyOCUyQzAlMkMwJTJDMC0zLjc4MyUyQzEuNTQ1TDQ2LjIxNyUyQzg2LjMyNFYyMS4wMDhhNS4zMjglMkM1LjMyOCUyQzAlMkMwJTJDMC0xMC42NTUlMkMwVjg2LjMyNEwyMS44NyUyQzcyLjYzMmE1LjM1JTJDNS4zNSUyQzAlMkMxJTJDMC03LjYxOCUyQzcuNTEybDI2LjYzOCUyQzI2LjYzOEw2Ny41MjclMkM4MC4xNDRhNS4zMjglMkM1LjMyOCUyQzAlMkMwJTJDMC0zLjc4My05LjExWiUyMiUyMHRyYW5zZm9ybSUzRCUyMnRyYW5zbGF0ZSUyODQ3LjQ2MSUyMDU2LjI2NyUyOSUyMiUyMGZpbGwlM0QlMjIlMjNmZmYlMjIlMkYlM0UlMEElMjAlMjAlM0MlMkZnJTNFJTBBJTNDJTJGc3ZnJTNFJTBB[\/vc_raw_html][\/vc_column_inner][vc_column_inner width=&#8221;1\/12&#8243;][\/vc_column_inner][vc_column_inner el_class=&#8221;slider-form&#8221; width=&#8221;6\/12&#8243;][vc_column_text el_class=&#8221;texto&#8221; css=&#8221;.vc_custom_1726658274027{margin-bottom: 0px !important;}&#8221;] [&hellip;]\" \/>\n<meta property=\"og:url\" content=\"https:\/\/team2go.es\/pt\/kpis-de-recursos-humanos-infografia\/\" \/>\n<meta property=\"og:site_name\" content=\"Team2go\" \/>\n<meta property=\"article:publisher\" content=\"https:\/\/www.facebook.com\/Team2go-1797808423856946\/\" \/>\n<meta property=\"article:modified_time\" content=\"2024-09-18T11:20:55+00:00\" \/>\n<meta property=\"og:image\" content=\"https:\/\/team2go.es\/wp-content\/uploads\/2022\/02\/logo-team2go.png\" \/>\n\t<meta property=\"og:image:width\" content=\"200\" \/>\n\t<meta property=\"og:image:height\" content=\"200\" \/>\n\t<meta property=\"og:image:type\" content=\"image\/png\" \/>\n<meta name=\"twitter:card\" content=\"summary_large_image\" \/>\n<meta name=\"twitter:site\" content=\"@MYTEAM2GO\" \/>\n<meta name=\"twitter:label1\" content=\"Tempo estimado de leitura\" \/>\n\t<meta name=\"twitter:data1\" content=\"2 minutos\" \/>\n<script type=\"application\/ld+json\" class=\"yoast-schema-graph\">{\"@context\":\"https:\\\/\\\/schema.org\",\"@graph\":[{\"@type\":\"WebPage\",\"@id\":\"https:\\\/\\\/team2go.es\\\/pt\\\/kpis-de-recursos-humanos-infografia\\\/\",\"url\":\"https:\\\/\\\/team2go.es\\\/pt\\\/kpis-de-recursos-humanos-infografia\\\/\",\"name\":\"KPIs de Recursos Humanos: Infograf\u00eda - Team2go\",\"isPartOf\":{\"@id\":\"https:\\\/\\\/team2go.es\\\/pt\\\/#website\"},\"datePublished\":\"2022-02-23T16:31:59+00:00\",\"dateModified\":\"2024-09-18T11:20:55+00:00\",\"breadcrumb\":{\"@id\":\"https:\\\/\\\/team2go.es\\\/pt\\\/kpis-de-recursos-humanos-infografia\\\/#breadcrumb\"},\"inLanguage\":\"pt-PT\",\"potentialAction\":[{\"@type\":\"ReadAction\",\"target\":[\"https:\\\/\\\/team2go.es\\\/pt\\\/kpis-de-recursos-humanos-infografia\\\/\"]}]},{\"@type\":\"BreadcrumbList\",\"@id\":\"https:\\\/\\\/team2go.es\\\/pt\\\/kpis-de-recursos-humanos-infografia\\\/#breadcrumb\",\"itemListElement\":[{\"@type\":\"ListItem\",\"position\":1,\"name\":\"Portada\",\"item\":\"https:\\\/\\\/team2go.es\\\/pt\\\/\"},{\"@type\":\"ListItem\",\"position\":2,\"name\":\"KPIs de Recursos Humanos: Infograf\u00eda\"}]},{\"@type\":\"WebSite\",\"@id\":\"https:\\\/\\\/team2go.es\\\/pt\\\/#website\",\"url\":\"https:\\\/\\\/team2go.es\\\/pt\\\/\",\"name\":\"Team2go\",\"description\":\"Software de Recursos Humanos\",\"potentialAction\":[{\"@type\":\"SearchAction\",\"target\":{\"@type\":\"EntryPoint\",\"urlTemplate\":\"https:\\\/\\\/team2go.es\\\/pt\\\/?s={search_term_string}\"},\"query-input\":{\"@type\":\"PropertyValueSpecification\",\"valueRequired\":true,\"valueName\":\"search_term_string\"}}],\"inLanguage\":\"pt-PT\"}]}<\/script>\n<!-- \/ Yoast SEO plugin. -->","yoast_head_json":{"title":"KPIs de Recursos Humanos: Infograf\u00eda - Team2go","robots":{"index":"index","follow":"follow","max-snippet":"max-snippet:-1","max-image-preview":"max-image-preview:large","max-video-preview":"max-video-preview:-1"},"canonical":"https:\/\/team2go.es\/pt\/kpis-de-recursos-humanos-infografia\/","og_locale":"pt_PT","og_type":"article","og_title":"KPIs de Recursos Humanos: Infograf\u00eda - Team2go","og_description":"[vc_row][vc_column][vc_column_text] [\/vc_column_text][\/vc_column][\/vc_row][vc_row fullwidth=&#8221;true&#8221; fullwidth_content=&#8221;false&#8221; el_class=&#8221;slider-home&#8221;][vc_column][vc_row_inner el_class=&#8221;flex&#8221;][vc_column_inner width=&#8221;5\/12&#8243;][vc_column_text css=&#8221;.vc_custom_1726658341031{margin-bottom: 0px !important;}&#8221;] KPIs de RH: lista dos indicadores de recursos humanos mais importantes. [INFOGRAF\u00cdA] [\/vc_column_text][vc_raw_html]JTNDc3ZnJTIweG1sbnMlM0QlMjJodHRwJTNBJTJGJTJGd3d3LnczLm9yZyUyRjIwMDAlMkZzdmclMjIlMjB3aWR0aCUzRCUyMjE3NC4xMjklMjIlMjBoZWlnaHQlM0QlMjIxNjAuMzclMjIlMjB2aWV3Qm94JTNEJTIyMCUyMDAlMjAxNzQuMTI5JTIwMTYwLjM3JTIyJTNFJTBBJTIwJTIwJTNDZyUyMGlkJTNEJTIyZG93bmxvYWQtY2xvdWQtbGluZSUyMiUyMHRyYW5zZm9ybSUzRCUyMnRyYW5zbGF0ZSUyOC0xLjc0NCUyMC0yLjY3OCUyOSUyMiUzRSUwQSUyMCUyMCUyMCUyMCUzQ3BhdGglMjBpZCUzRCUyMlRyYXphZG9fMTQ5MjclMjIlMjBkYXRhLW5hbWUlM0QlMjJUcmF6YWRvJTIwMTQ5MjclMjIlMjBkJTNEJTIyTTE1My45MzMlMkM1Ny42Njl2LTEuN0E1NC42NjElMkM1NC42NjElMkMwJTJDMCUyQzAlMkM5OC4yNiUyQzIuNjg4YTU1Ljc4JTJDNTUuNzglMkMwJTJDMCUyQzAtNTEuMTQ1JTJDMzIuNSUyQzUxLjQxMSUyQzUxLjQxMSUyQzAlMkMwJTJDMCUyQzMuMzU2JTJDMTAyLjQlMkMxNS45ODMlMkMxNS45ODMlMkMwJTJDMCUyQzElMkMwLTEwLjY1NSUyQzQwLjc1NiUyQzQwLjc1NiUyQzAlMkMwJTJDMSUyQy41ODYtODEuM2gzLjU2OWwxLjIyNS0zLjM1NkE0NC45MTIlMkM0NC45MTIlMkMwJTJDMCUyQzElMkM5OC40NzMlMkMxMy41YTQ0LjAwNiUyQzQ0LjAwNiUyQzAlMkMwJTJDMSUyQzQ1LjAxOCUyQzQyLjYyMSUyQzQxLjMlMkM0MS4zJTJDMCUyQzAlMkMxJTJDMCUyQzQuMjYybC0uNDI2JTJDMy44MzYlMkMzLjQ2MyUyQzEuNkEzMS45NjYlMkMzMS45NjYlMkMwJTJDMCUyQzElMkMxMzMlMkMxMjYuOTI3aC02Ljg3M2ExNS45ODMlMkMxNS45ODMlMkMwJTJDMCUyQzElMkMwJTJDMTAuNjU1aDYuODE5QTQyLjYyMSUyQzQyLjYyMSUyQzAlMkMwJTJDMCUyQzE1My44OCUyQzU3LjY2OVolMjIlMjB0cmFuc2Zvcm0lM0QlMjJ0cmFuc2xhdGUlMjgwJTIwMCUyOSUyMiUyMGZpbGwlM0QlMjIlMjNmZmYlMjIlMkYlM0UlMEElMjAlMjAlMjAlMjAlM0NwYXRoJTIwaWQlM0QlMjJUcmF6YWRvXzE0OTI4JTIyJTIwZGF0YS1uYW1lJTNEJTIyVHJhemFkbyUyMDE0OTI4JTIyJTIwZCUzRCUyMk02My42OTElMkM3MS4wMzRhNS4zMjglMkM1LjMyOCUyQzAlMkMwJTJDMC0zLjc4MyUyQzEuNTQ1TDQ2LjIxNyUyQzg2LjMyNFYyMS4wMDhhNS4zMjglMkM1LjMyOCUyQzAlMkMwJTJDMC0xMC42NTUlMkMwVjg2LjMyNEwyMS44NyUyQzcyLjYzMmE1LjM1JTJDNS4zNSUyQzAlMkMxJTJDMC03LjYxOCUyQzcuNTEybDI2LjYzOCUyQzI2LjYzOEw2Ny41MjclMkM4MC4xNDRhNS4zMjglMkM1LjMyOCUyQzAlMkMwJTJDMC0zLjc4My05LjExWiUyMiUyMHRyYW5zZm9ybSUzRCUyMnRyYW5zbGF0ZSUyODQ3LjQ2MSUyMDU2LjI2NyUyOSUyMiUyMGZpbGwlM0QlMjIlMjNmZmYlMjIlMkYlM0UlMEElMjAlMjAlM0MlMkZnJTNFJTBBJTNDJTJGc3ZnJTNFJTBB[\/vc_raw_html][\/vc_column_inner][vc_column_inner width=&#8221;1\/12&#8243;][\/vc_column_inner][vc_column_inner el_class=&#8221;slider-form&#8221; width=&#8221;6\/12&#8243;][vc_column_text el_class=&#8221;texto&#8221; css=&#8221;.vc_custom_1726658274027{margin-bottom: 0px !important;}&#8221;] [&hellip;]","og_url":"https:\/\/team2go.es\/pt\/kpis-de-recursos-humanos-infografia\/","og_site_name":"Team2go","article_publisher":"https:\/\/www.facebook.com\/Team2go-1797808423856946\/","article_modified_time":"2024-09-18T11:20:55+00:00","og_image":[{"width":200,"height":200,"url":"https:\/\/team2go.es\/wp-content\/uploads\/2022\/02\/logo-team2go.png","type":"image\/png"}],"twitter_card":"summary_large_image","twitter_site":"@MYTEAM2GO","twitter_misc":{"Tempo estimado de leitura":"2 minutos"},"schema":{"@context":"https:\/\/schema.org","@graph":[{"@type":"WebPage","@id":"https:\/\/team2go.es\/pt\/kpis-de-recursos-humanos-infografia\/","url":"https:\/\/team2go.es\/pt\/kpis-de-recursos-humanos-infografia\/","name":"KPIs de Recursos Humanos: Infograf\u00eda - Team2go","isPartOf":{"@id":"https:\/\/team2go.es\/pt\/#website"},"datePublished":"2022-02-23T16:31:59+00:00","dateModified":"2024-09-18T11:20:55+00:00","breadcrumb":{"@id":"https:\/\/team2go.es\/pt\/kpis-de-recursos-humanos-infografia\/#breadcrumb"},"inLanguage":"pt-PT","potentialAction":[{"@type":"ReadAction","target":["https:\/\/team2go.es\/pt\/kpis-de-recursos-humanos-infografia\/"]}]},{"@type":"BreadcrumbList","@id":"https:\/\/team2go.es\/pt\/kpis-de-recursos-humanos-infografia\/#breadcrumb","itemListElement":[{"@type":"ListItem","position":1,"name":"Portada","item":"https:\/\/team2go.es\/pt\/"},{"@type":"ListItem","position":2,"name":"KPIs de Recursos Humanos: Infograf\u00eda"}]},{"@type":"WebSite","@id":"https:\/\/team2go.es\/pt\/#website","url":"https:\/\/team2go.es\/pt\/","name":"Team2go","description":"Software de Recursos Humanos","potentialAction":[{"@type":"SearchAction","target":{"@type":"EntryPoint","urlTemplate":"https:\/\/team2go.es\/pt\/?s={search_term_string}"},"query-input":{"@type":"PropertyValueSpecification","valueRequired":true,"valueName":"search_term_string"}}],"inLanguage":"pt-PT"}]}},"uagb_featured_image_src":{"full":false,"thumbnail":false,"medium":false,"medium_large":false,"large":false,"1536x1536":false,"2048x2048":false,"image-size-150x150":false,"image-size-550x550":false,"image-size-550x550-@2x":false,"photo-album-thumbnail-small":false,"photo-album-thumbnail-square":false,"employees-large":false,"employees-small":false,"blog-magazine-thumbnail":false,"blog-magazine-thumbnail-@2x":false,"woocommerce-recent-carousel":false,"blog-carousel":false,"blog-carousel-@2x":false,"blog-showcase":false,"blog-showcase-@2x":false,"portfolio-x_x":false,"portfolio-two_x_x":false,"portfolio-four_x_x":false,"portfolio-x_two_x":false,"portfolio-two_x_two_x":false,"portfolio-three_x_two_x":false,"portfolio-three_x_x":false,"portfolio-four_x_two_x":false,"portfolio-x_x-@2x":false,"portfolio-two_x_x-@2x":false,"portfolio-four_x_x-@2x":false,"portfolio-x_two_x-@2x":false,"portfolio-two_x_two_x-@2x":false,"portfolio-three_x_x-@2x":false,"portfolio-three_x_two_x-@2x":false,"portfolio-four_x_two_x-@2x":false,"portfolio-four_x_x-@mobile":false,"portfolio-three_x_x-@mobile":false,"portfolio-three_x_two_x-@mobile":false,"portfolio-four_x_two_x-@mobile":false,"landscape-desktop":false,"landscape-tablet":false,"landscape-mobile":false,"portrait-desktop":false,"portrait-tablet":false,"portrait-mobile":false,"bdpp-medium":false},"uagb_author_info":{"display_name":"Team2Go","author_link":"https:\/\/team2go.es\/pt\/author\/businessgo_2019\/"},"uagb_comment_info":0,"uagb_excerpt":"[vc_row][vc_column][vc_column_text] [\/vc_column_text][\/vc_column][\/vc_row][vc_row fullwidth=&#8221;true&#8221; fullwidth_content=&#8221;false&#8221; el_class=&#8221;slider-home&#8221;][vc_column][vc_row_inner el_class=&#8221;flex&#8221;][vc_column_inner width=&#8221;5\/12&#8243;][vc_column_text css=&#8221;.vc_custom_1726658341031{margin-bottom: 0px !important;}&#8221;] KPIs de RH: lista dos indicadores de recursos humanos mais importantes. [INFOGRAF\u00cdA] [\/vc_column_text][vc_raw_html]JTNDc3ZnJTIweG1sbnMlM0QlMjJodHRwJTNBJTJGJTJGd3d3LnczLm9yZyUyRjIwMDAlMkZzdmclMjIlMjB3aWR0aCUzRCUyMjE3NC4xMjklMjIlMjBoZWlnaHQlM0QlMjIxNjAuMzclMjIlMjB2aWV3Qm94JTNEJTIyMCUyMDAlMjAxNzQuMTI5JTIwMTYwLjM3JTIyJTNFJTBBJTIwJTIwJTNDZyUyMGlkJTNEJTIyZG93bmxvYWQtY2xvdWQtbGluZSUyMiUyMHRyYW5zZm9ybSUzRCUyMnRyYW5zbGF0ZSUyOC0xLjc0NCUyMC0yLjY3OCUyOSUyMiUzRSUwQSUyMCUyMCUyMCUyMCUzQ3BhdGglMjBpZCUzRCUyMlRyYXphZG9fMTQ5MjclMjIlMjBkYXRhLW5hbWUlM0QlMjJUcmF6YWRvJTIwMTQ5MjclMjIlMjBkJTNEJTIyTTE1My45MzMlMkM1Ny42Njl2LTEuN0E1NC42NjElMkM1NC42NjElMkMwJTJDMCUyQzAlMkM5OC4yNiUyQzIuNjg4YTU1Ljc4JTJDNTUuNzglMkMwJTJDMCUyQzAtNTEuMTQ1JTJDMzIuNSUyQzUxLjQxMSUyQzUxLjQxMSUyQzAlMkMwJTJDMCUyQzMuMzU2JTJDMTAyLjQlMkMxNS45ODMlMkMxNS45ODMlMkMwJTJDMCUyQzElMkMwLTEwLjY1NSUyQzQwLjc1NiUyQzQwLjc1NiUyQzAlMkMwJTJDMSUyQy41ODYtODEuM2gzLjU2OWwxLjIyNS0zLjM1NkE0NC45MTIlMkM0NC45MTIlMkMwJTJDMCUyQzElMkM5OC40NzMlMkMxMy41YTQ0LjAwNiUyQzQ0LjAwNiUyQzAlMkMwJTJDMSUyQzQ1LjAxOCUyQzQyLjYyMSUyQzQxLjMlMkM0MS4zJTJDMCUyQzAlMkMxJTJDMCUyQzQuMjYybC0uNDI2JTJDMy44MzYlMkMzLjQ2MyUyQzEuNkEzMS45NjYlMkMzMS45NjYlMkMwJTJDMCUyQzElMkMxMzMlMkMxMjYuOTI3aC02Ljg3M2ExNS45ODMlMkMxNS45ODMlMkMwJTJDMCUyQzElMkMwJTJDMTAuNjU1aDYuODE5QTQyLjYyMSUyQzQyLjYyMSUyQzAlMkMwJTJDMCUyQzE1My44OCUyQzU3LjY2OVolMjIlMjB0cmFuc2Zvcm0lM0QlMjJ0cmFuc2xhdGUlMjgwJTIwMCUyOSUyMiUyMGZpbGwlM0QlMjIlMjNmZmYlMjIlMkYlM0UlMEElMjAlMjAlMjAlMjAlM0NwYXRoJTIwaWQlM0QlMjJUcmF6YWRvXzE0OTI4JTIyJTIwZGF0YS1uYW1lJTNEJTIyVHJhemFkbyUyMDE0OTI4JTIyJTIwZCUzRCUyMk02My42OTElMkM3MS4wMzRhNS4zMjglMkM1LjMyOCUyQzAlMkMwJTJDMC0zLjc4MyUyQzEuNTQ1TDQ2LjIxNyUyQzg2LjMyNFYyMS4wMDhhNS4zMjglMkM1LjMyOCUyQzAlMkMwJTJDMC0xMC42NTUlMkMwVjg2LjMyNEwyMS44NyUyQzcyLjYzMmE1LjM1JTJDNS4zNSUyQzAlMkMxJTJDMC03LjYxOCUyQzcuNTEybDI2LjYzOCUyQzI2LjYzOEw2Ny41MjclMkM4MC4xNDRhNS4zMjglMkM1LjMyOCUyQzAlMkMwJTJDMC0zLjc4My05LjExWiUyMiUyMHRyYW5zZm9ybSUzRCUyMnRyYW5zbGF0ZSUyODQ3LjQ2MSUyMDU2LjI2NyUyOSUyMiUyMGZpbGwlM0QlMjIlMjNmZmYlMjIlMkYlM0UlMEElMjAlMjAlM0MlMkZnJTNFJTBBJTNDJTJGc3ZnJTNFJTBB[\/vc_raw_html][\/vc_column_inner][vc_column_inner width=&#8221;1\/12&#8243;][\/vc_column_inner][vc_column_inner el_class=&#8221;slider-form&#8221; width=&#8221;6\/12&#8243;][vc_column_text el_class=&#8221;texto&#8221; css=&#8221;.vc_custom_1726658274027{margin-bottom: 0px !important;}&#8221;] [&hellip;]","_links":{"self":[{"href":"https:\/\/team2go.es\/pt\/wp-json\/wp\/v2\/pages\/8865","targetHints":{"allow":["GET"]}}],"collection":[{"href":"https:\/\/team2go.es\/pt\/wp-json\/wp\/v2\/pages"}],"about":[{"href":"https:\/\/team2go.es\/pt\/wp-json\/wp\/v2\/types\/page"}],"author":[{"embeddable":true,"href":"https:\/\/team2go.es\/pt\/wp-json\/wp\/v2\/users\/2"}],"replies":[{"embeddable":true,"href":"https:\/\/team2go.es\/pt\/wp-json\/wp\/v2\/comments?post=8865"}],"version-history":[{"count":0,"href":"https:\/\/team2go.es\/pt\/wp-json\/wp\/v2\/pages\/8865\/revisions"}],"wp:attachment":[{"href":"https:\/\/team2go.es\/pt\/wp-json\/wp\/v2\/media?parent=8865"}],"curies":[{"name":"wp","href":"https:\/\/api.w.org\/{rel}","templated":true}]}}