{"id":8863,"date":"2022-04-21T12:31:51","date_gmt":"2022-04-21T10:31:51","guid":{"rendered":"https:\/\/team2go.es\/?page_id=8863"},"modified":"2025-09-02T13:27:19","modified_gmt":"2025-09-02T11:27:19","slug":"ciclo-de-vida-do-funcionario","status":"publish","type":"page","link":"https:\/\/team2go.es\/pt\/ciclo-de-vida-do-funcionario\/","title":{"rendered":"Ciclo de vida do funcion\u00e1rio"},"content":{"rendered":"<div class=\"wpb-content-wrapper\">[vc_row][vc_column][vc_column_text]\n[\/vc_column_text][\/vc_column][\/vc_row][vc_row fullwidth=&#8221;true&#8221; fullwidth_content=&#8221;false&#8221; el_class=&#8221;slider-home&#8221;][vc_column][vc_row_inner el_class=&#8221;flex&#8221;][vc_column_inner width=&#8221;5\/12&#8243;][vc_column_text css=&#8221;.vc_custom_1726759943439{margin-bottom: 0px !important;}&#8221;]\n<h1><strong>Otimizar o ciclo de vida do funcion\u00e1rio.<br \/>\n<span style=\"font-size: 26px;\">[CONTE\u00daDO EXCLUSIVO: INFOGR\u00c1FICO + DICAS + DICA EXTRA]<\/span><\/strong><\/h1>\n[\/vc_column_text][vc_raw_html]JTNDc3ZnJTIweG1sbnMlM0QlMjJodHRwJTNBJTJGJTJGd3d3LnczLm9yZyUyRjIwMDAlMkZzdmclMjIlMjB3aWR0aCUzRCUyMjE3NC4xMjklMjIlMjBoZWlnaHQlM0QlMjIxNjAuMzclMjIlMjB2aWV3Qm94JTNEJTIyMCUyMDAlMjAxNzQuMTI5JTIwMTYwLjM3JTIyJTNFJTBBJTIwJTIwJTNDZyUyMGlkJTNEJTIyZG93bmxvYWQtY2xvdWQtbGluZSUyMiUyMHRyYW5zZm9ybSUzRCUyMnRyYW5zbGF0ZSUyOC0xLjc0NCUyMC0yLjY3OCUyOSUyMiUzRSUwQSUyMCUyMCUyMCUyMCUzQ3BhdGglMjBpZCUzRCUyMlRyYXphZG9fMTQ5MjclMjIlMjBkYXRhLW5hbWUlM0QlMjJUcmF6YWRvJTIwMTQ5MjclMjIlMjBkJTNEJTIyTTE1My45MzMlMkM1Ny42Njl2LTEuN0E1NC42NjElMkM1NC42NjElMkMwJTJDMCUyQzAlMkM5OC4yNiUyQzIuNjg4YTU1Ljc4JTJDNTUuNzglMkMwJTJDMCUyQzAtNTEuMTQ1JTJDMzIuNSUyQzUxLjQxMSUyQzUxLjQxMSUyQzAlMkMwJTJDMCUyQzMuMzU2JTJDMTAyLjQlMkMxNS45ODMlMkMxNS45ODMlMkMwJTJDMCUyQzElMkMwLTEwLjY1NSUyQzQwLjc1NiUyQzQwLjc1NiUyQzAlMkMwJTJDMSUyQy41ODYtODEuM2gzLjU2OWwxLjIyNS0zLjM1NkE0NC45MTIlMkM0NC45MTIlMkMwJTJDMCUyQzElMkM5OC40NzMlMkMxMy41YTQ0LjAwNiUyQzQ0LjAwNiUyQzAlMkMwJTJDMSUyQzQ1LjAxOCUyQzQyLjYyMSUyQzQxLjMlMkM0MS4zJTJDMCUyQzAlMkMxJTJDMCUyQzQuMjYybC0uNDI2JTJDMy44MzYlMkMzLjQ2MyUyQzEuNkEzMS45NjYlMkMzMS45NjYlMkMwJTJDMCUyQzElMkMxMzMlMkMxMjYuOTI3aC02Ljg3M2ExNS45ODMlMkMxNS45ODMlMkMwJTJDMCUyQzElMkMwJTJDMTAuNjU1aDYuODE5QTQyLjYyMSUyQzQyLjYyMSUyQzAlMkMwJTJDMCUyQzE1My44OCUyQzU3LjY2OVolMjIlMjB0cmFuc2Zvcm0lM0QlMjJ0cmFuc2xhdGUlMjgwJTIwMCUyOSUyMiUyMGZpbGwlM0QlMjIlMjNmZmYlMjIlMkYlM0UlMEElMjAlMjAlMjAlMjAlM0NwYXRoJTIwaWQlM0QlMjJUcmF6YWRvXzE0OTI4JTIyJTIwZGF0YS1uYW1lJTNEJTIyVHJhemFkbyUyMDE0OTI4JTIyJTIwZCUzRCUyMk02My42OTElMkM3MS4wMzRhNS4zMjglMkM1LjMyOCUyQzAlMkMwJTJDMC0zLjc4MyUyQzEuNTQ1TDQ2LjIxNyUyQzg2LjMyNFYyMS4wMDhhNS4zMjglMkM1LjMyOCUyQzAlMkMwJTJDMC0xMC42NTUlMkMwVjg2LjMyNEwyMS44NyUyQzcyLjYzMmE1LjM1JTJDNS4zNSUyQzAlMkMxJTJDMC03LjYxOCUyQzcuNTEybDI2LjYzOCUyQzI2LjYzOEw2Ny41MjclMkM4MC4xNDRhNS4zMjglMkM1LjMyOCUyQzAlMkMwJTJDMC0zLjc4My05LjExWiUyMiUyMHRyYW5zZm9ybSUzRCUyMnRyYW5zbGF0ZSUyODQ3LjQ2MSUyMDU2LjI2NyUyOSUyMiUyMGZpbGwlM0QlMjIlMjNmZmYlMjIlMkYlM0UlMEElMjAlMjAlM0MlMkZnJTNFJTBBJTNDJTJGc3ZnJTNFJTBB[\/vc_raw_html][\/vc_column_inner][vc_column_inner width=&#8221;1\/12&#8243;][\/vc_column_inner][vc_column_inner el_class=&#8221;slider-form&#8221; width=&#8221;6\/12&#8243;][vc_column_text el_class=&#8221;texto&#8221; css=&#8221;.vc_custom_1726759963608{margin-bottom: 0px !important;}&#8221;]\n<p style=\"text-align: center;\">Preencha este formul\u00e1rio e fa\u00e7a o download do infogr\u00e1fico.<\/p>\n[\/vc_column_text][vc_column_text css=&#8221;.vc_custom_1650536849863{margin-bottom: 0px !important;}&#8221;]<script type=\"text\/javascript\" src=\"\/\/mautic.team2go.es\/form\/generate.js?id=14\"><\/script>[\/vc_column_text][\/vc_column_inner][\/vc_row_inner][\/vc_column][\/vc_row][vc_row css=&#8221;.vc_custom_1646137767259{margin-top: 30px !important;}&#8221;][vc_column][vc_row_inner el_class=&#8221;flex-center&#8221;][vc_column_inner width=&#8221;1\/2&#8243;][vc_column_text el_class=&#8221;psize&#8221; css=&#8221;.vc_custom_1726760011834{margin-bottom: 0px !important;}&#8221;]<em>Ao longo de nossa vida profissional em uma empresa, passamos por diferentes est\u00e1gios nos quais nossas expectativas, requisitos, habilidades e at\u00e9 mesmo motiva\u00e7\u00f5es variam de acordo com a empresa e o momento em que nos encontramos.<\/em><\/p>\n<p><em>Essas fases como um todo formam o que \u00e9 conhecido como ciclo de vida do funcion\u00e1rio. Conhec\u00ea-lo em profundidade e ser capaz de discernir claramente em que est\u00e1gio as pessoas que fazem parte da organiza\u00e7\u00e3o se encontram e quais s\u00e3o suas necessidades nos permite selecionar as melhores estrat\u00e9gias e a\u00e7\u00f5es a serem implementadas. Sua principal miss\u00e3o?<\/em><\/p>\n<p><em>Otimizar ao m\u00e1ximo todo o processo para aplicar as melhores t\u00e9cnicas e obter o m\u00e1ximo de satisfa\u00e7\u00e3o no trabalho para os membros da sua equipa. E, portanto, maximizar o desempenho deles e contribuir para a realiza\u00e7\u00e3o dos objetivos comerciais. Como conseguir isso? Fa\u00e7a o download deste infogr\u00e1fico completo que cont\u00e9m as chaves para melhorar o ciclo de vida do funcion\u00e1rio e as recomenda\u00e7\u00f5es fundamentais para explorar todo o potencial de cada um dos est\u00e1gios que comp\u00f5em esse ciclo.<\/em>[\/vc_column_text][vc_column_text css=&#8221;.vc_custom_1726760082436{margin-bottom: 0px !important;}&#8221;]\n<h2>O que voc\u00ea encontrar\u00e1 neste infogr\u00e1fico?<\/h2>\n<ul class=\"listcheck\">\n<li>O que \u00e9 o ciclo de vida do empregado<\/li>\n<li>A import\u00e2ncia do planejamento<\/li>\n<li>Est\u00e1gios do ciclo de vida do funcion\u00e1rio<\/li>\n<li>As 10 dicas para melhorar o gerenciamento do ciclo de vida do funcion\u00e1rio<\/li>\n<li>Trilha de b\u00f4nus para otimiza\u00e7\u00e3o<\/li>\n<\/ul>\n[\/vc_column_text][\/vc_column_inner][vc_column_inner el_class=&#8221;mockup&#8221; width=&#8221;1\/2&#8243;][vc_single_image image=&#8221;5530&#8243; img_size=&#8221;600&#215;824&#8243; alignment=&#8221;center&#8221;][\/vc_column_inner][\/vc_row_inner][\/vc_column][\/vc_row][vc_row][vc_column][vc_empty_space height=&#8221;60px&#8221;][\/vc_column][\/vc_row]\n<\/div>","protected":false},"excerpt":{"rendered":"<p>[vc_row][vc_column][vc_column_text] [\/vc_column_text][\/vc_column][\/vc_row][vc_row fullwidth=&#8221;true&#8221; fullwidth_content=&#8221;false&#8221; el_class=&#8221;slider-home&#8221;][vc_column][vc_row_inner el_class=&#8221;flex&#8221;][vc_column_inner width=&#8221;5\/12&#8243;][vc_column_text css=&#8221;.vc_custom_1726759943439{margin-bottom: 0px !important;}&#8221;] Otimizar o ciclo de vida do funcion\u00e1rio. [CONTE\u00daDO EXCLUSIVO: INFOGR\u00c1FICO + DICAS + DICA EXTRA] [\/vc_column_text][vc_raw_html]JTNDc3ZnJTIweG1sbnMlM0QlMjJodHRwJTNBJTJGJTJGd3d3LnczLm9yZyUyRjIwMDAlMkZzdmclMjIlMjB3aWR0aCUzRCUyMjE3NC4xMjklMjIlMjBoZWlnaHQlM0QlMjIxNjAuMzclMjIlMjB2aWV3Qm94JTNEJTIyMCUyMDAlMjAxNzQuMTI5JTIwMTYwLjM3JTIyJTNFJTBBJTIwJTIwJTNDZyUyMGlkJTNEJTIyZG93bmxvYWQtY2xvdWQtbGluZSUyMiUyMHRyYW5zZm9ybSUzRCUyMnRyYW5zbGF0ZSUyOC0xLjc0NCUyMC0yLjY3OCUyOSUyMiUzRSUwQSUyMCUyMCUyMCUyMCUzQ3BhdGglMjBpZCUzRCUyMlRyYXphZG9fMTQ5MjclMjIlMjBkYXRhLW5hbWUlM0QlMjJUcmF6YWRvJTIwMTQ5MjclMjIlMjBkJTNEJTIyTTE1My45MzMlMkM1Ny42Njl2LTEuN0E1NC42NjElMkM1NC42NjElMkMwJTJDMCUyQzAlMkM5OC4yNiUyQzIuNjg4YTU1Ljc4JTJDNTUuNzglMkMwJTJDMCUyQzAtNTEuMTQ1JTJDMzIuNSUyQzUxLjQxMSUyQzUxLjQxMSUyQzAlMkMwJTJDMCUyQzMuMzU2JTJDMTAyLjQlMkMxNS45ODMlMkMxNS45ODMlMkMwJTJDMCUyQzElMkMwLTEwLjY1NSUyQzQwLjc1NiUyQzQwLjc1NiUyQzAlMkMwJTJDMSUyQy41ODYtODEuM2gzLjU2OWwxLjIyNS0zLjM1NkE0NC45MTIlMkM0NC45MTIlMkMwJTJDMCUyQzElMkM5OC40NzMlMkMxMy41YTQ0LjAwNiUyQzQ0LjAwNiUyQzAlMkMwJTJDMSUyQzQ1LjAxOCUyQzQyLjYyMSUyQzQxLjMlMkM0MS4zJTJDMCUyQzAlMkMxJTJDMCUyQzQuMjYybC0uNDI2JTJDMy44MzYlMkMzLjQ2MyUyQzEuNkEzMS45NjYlMkMzMS45NjYlMkMwJTJDMCUyQzElMkMxMzMlMkMxMjYuOTI3aC02Ljg3M2ExNS45ODMlMkMxNS45ODMlMkMwJTJDMCUyQzElMkMwJTJDMTAuNjU1aDYuODE5QTQyLjYyMSUyQzQyLjYyMSUyQzAlMkMwJTJDMCUyQzE1My44OCUyQzU3LjY2OVolMjIlMjB0cmFuc2Zvcm0lM0QlMjJ0cmFuc2xhdGUlMjgwJTIwMCUyOSUyMiUyMGZpbGwlM0QlMjIlMjNmZmYlMjIlMkYlM0UlMEElMjAlMjAlMjAlMjAlM0NwYXRoJTIwaWQlM0QlMjJUcmF6YWRvXzE0OTI4JTIyJTIwZGF0YS1uYW1lJTNEJTIyVHJhemFkbyUyMDE0OTI4JTIyJTIwZCUzRCUyMk02My42OTElMkM3MS4wMzRhNS4zMjglMkM1LjMyOCUyQzAlMkMwJTJDMC0zLjc4MyUyQzEuNTQ1TDQ2LjIxNyUyQzg2LjMyNFYyMS4wMDhhNS4zMjglMkM1LjMyOCUyQzAlMkMwJTJDMC0xMC42NTUlMkMwVjg2LjMyNEwyMS44NyUyQzcyLjYzMmE1LjM1JTJDNS4zNSUyQzAlMkMxJTJDMC03LjYxOCUyQzcuNTEybDI2LjYzOCUyQzI2LjYzOEw2Ny41MjclMkM4MC4xNDRhNS4zMjglMkM1LjMyOCUyQzAlMkMwJTJDMC0zLjc4My05LjExWiUyMiUyMHRyYW5zZm9ybSUzRCUyMnRyYW5zbGF0ZSUyODQ3LjQ2MSUyMDU2LjI2NyUyOSUyMiUyMGZpbGwlM0QlMjIlMjNmZmYlMjIlMkYlM0UlMEElMjAlMjAlM0MlMkZnJTNFJTBBJTNDJTJGc3ZnJTNFJTBB[\/vc_raw_html][\/vc_column_inner][vc_column_inner width=&#8221;1\/12&#8243;][\/vc_column_inner][vc_column_inner el_class=&#8221;slider-form&#8221; width=&#8221;6\/12&#8243;][vc_column_text el_class=&#8221;texto&#8221; [&hellip;]<\/p>\n","protected":false},"author":2,"featured_media":0,"parent":0,"menu_order":0,"comment_status":"closed","ping_status":"closed","template":"","meta":{"inline_featured_image":false,"_uag_custom_page_level_css":"","footnotes":""},"class_list":["post-8863","page","type-page","status-publish","hentry"],"yoast_head":"<!-- This site is optimized with the Yoast SEO plugin v27.4 - https:\/\/yoast.com\/product\/yoast-seo-wordpress\/ -->\n<title>Ciclo de vida do funcion\u00e1rio - Team2go<\/title>\n<meta name=\"robots\" content=\"index, follow, max-snippet:-1, max-image-preview:large, max-video-preview:-1\" \/>\n<link rel=\"canonical\" href=\"https:\/\/team2go.es\/pt\/ciclo-de-vida-do-funcionario\/\" \/>\n<meta property=\"og:locale\" content=\"pt_PT\" \/>\n<meta property=\"og:type\" content=\"article\" \/>\n<meta property=\"og:title\" content=\"Ciclo de vida do funcion\u00e1rio - Team2go\" \/>\n<meta property=\"og:description\" content=\"[vc_row][vc_column][vc_column_text] [\/vc_column_text][\/vc_column][\/vc_row][vc_row fullwidth=&#8221;true&#8221; fullwidth_content=&#8221;false&#8221; el_class=&#8221;slider-home&#8221;][vc_column][vc_row_inner el_class=&#8221;flex&#8221;][vc_column_inner width=&#8221;5\/12&#8243;][vc_column_text css=&#8221;.vc_custom_1726759943439{margin-bottom: 0px !important;}&#8221;] Otimizar o ciclo de vida do funcion\u00e1rio. [CONTE\u00daDO EXCLUSIVO: INFOGR\u00c1FICO + DICAS + DICA EXTRA] [\/vc_column_text][vc_raw_html]JTNDc3ZnJTIweG1sbnMlM0QlMjJodHRwJTNBJTJGJTJGd3d3LnczLm9yZyUyRjIwMDAlMkZzdmclMjIlMjB3aWR0aCUzRCUyMjE3NC4xMjklMjIlMjBoZWlnaHQlM0QlMjIxNjAuMzclMjIlMjB2aWV3Qm94JTNEJTIyMCUyMDAlMjAxNzQuMTI5JTIwMTYwLjM3JTIyJTNFJTBBJTIwJTIwJTNDZyUyMGlkJTNEJTIyZG93bmxvYWQtY2xvdWQtbGluZSUyMiUyMHRyYW5zZm9ybSUzRCUyMnRyYW5zbGF0ZSUyOC0xLjc0NCUyMC0yLjY3OCUyOSUyMiUzRSUwQSUyMCUyMCUyMCUyMCUzQ3BhdGglMjBpZCUzRCUyMlRyYXphZG9fMTQ5MjclMjIlMjBkYXRhLW5hbWUlM0QlMjJUcmF6YWRvJTIwMTQ5MjclMjIlMjBkJTNEJTIyTTE1My45MzMlMkM1Ny42Njl2LTEuN0E1NC42NjElMkM1NC42NjElMkMwJTJDMCUyQzAlMkM5OC4yNiUyQzIuNjg4YTU1Ljc4JTJDNTUuNzglMkMwJTJDMCUyQzAtNTEuMTQ1JTJDMzIuNSUyQzUxLjQxMSUyQzUxLjQxMSUyQzAlMkMwJTJDMCUyQzMuMzU2JTJDMTAyLjQlMkMxNS45ODMlMkMxNS45ODMlMkMwJTJDMCUyQzElMkMwLTEwLjY1NSUyQzQwLjc1NiUyQzQwLjc1NiUyQzAlMkMwJTJDMSUyQy41ODYtODEuM2gzLjU2OWwxLjIyNS0zLjM1NkE0NC45MTIlMkM0NC45MTIlMkMwJTJDMCUyQzElMkM5OC40NzMlMkMxMy41YTQ0LjAwNiUyQzQ0LjAwNiUyQzAlMkMwJTJDMSUyQzQ1LjAxOCUyQzQyLjYyMSUyQzQxLjMlMkM0MS4zJTJDMCUyQzAlMkMxJTJDMCUyQzQuMjYybC0uNDI2JTJDMy44MzYlMkMzLjQ2MyUyQzEuNkEzMS45NjYlMkMzMS45NjYlMkMwJTJDMCUyQzElMkMxMzMlMkMxMjYuOTI3aC02Ljg3M2ExNS45ODMlMkMxNS45ODMlMkMwJTJDMCUyQzElMkMwJTJDMTAuNjU1aDYuODE5QTQyLjYyMSUyQzQyLjYyMSUyQzAlMkMwJTJDMCUyQzE1My44OCUyQzU3LjY2OVolMjIlMjB0cmFuc2Zvcm0lM0QlMjJ0cmFuc2xhdGUlMjgwJTIwMCUyOSUyMiUyMGZpbGwlM0QlMjIlMjNmZmYlMjIlMkYlM0UlMEElMjAlMjAlMjAlMjAlM0NwYXRoJTIwaWQlM0QlMjJUcmF6YWRvXzE0OTI4JTIyJTIwZGF0YS1uYW1lJTNEJTIyVHJhemFkbyUyMDE0OTI4JTIyJTIwZCUzRCUyMk02My42OTElMkM3MS4wMzRhNS4zMjglMkM1LjMyOCUyQzAlMkMwJTJDMC0zLjc4MyUyQzEuNTQ1TDQ2LjIxNyUyQzg2LjMyNFYyMS4wMDhhNS4zMjglMkM1LjMyOCUyQzAlMkMwJTJDMC0xMC42NTUlMkMwVjg2LjMyNEwyMS44NyUyQzcyLjYzMmE1LjM1JTJDNS4zNSUyQzAlMkMxJTJDMC03LjYxOCUyQzcuNTEybDI2LjYzOCUyQzI2LjYzOEw2Ny41MjclMkM4MC4xNDRhNS4zMjglMkM1LjMyOCUyQzAlMkMwJTJDMC0zLjc4My05LjExWiUyMiUyMHRyYW5zZm9ybSUzRCUyMnRyYW5zbGF0ZSUyODQ3LjQ2MSUyMDU2LjI2NyUyOSUyMiUyMGZpbGwlM0QlMjIlMjNmZmYlMjIlMkYlM0UlMEElMjAlMjAlM0MlMkZnJTNFJTBBJTNDJTJGc3ZnJTNFJTBB[\/vc_raw_html][\/vc_column_inner][vc_column_inner width=&#8221;1\/12&#8243;][\/vc_column_inner][vc_column_inner el_class=&#8221;slider-form&#8221; width=&#8221;6\/12&#8243;][vc_column_text el_class=&#8221;texto&#8221; [&hellip;]\" \/>\n<meta property=\"og:url\" content=\"https:\/\/team2go.es\/pt\/ciclo-de-vida-do-funcionario\/\" \/>\n<meta property=\"og:site_name\" content=\"Team2go\" \/>\n<meta property=\"article:publisher\" content=\"https:\/\/www.facebook.com\/Team2go-1797808423856946\/\" \/>\n<meta property=\"article:modified_time\" content=\"2025-09-02T11:27:19+00:00\" \/>\n<meta property=\"og:image\" content=\"https:\/\/team2go.es\/wp-content\/uploads\/2022\/02\/logo-team2go.png\" \/>\n\t<meta property=\"og:image:width\" content=\"200\" \/>\n\t<meta property=\"og:image:height\" content=\"200\" \/>\n\t<meta property=\"og:image:type\" content=\"image\/png\" \/>\n<meta name=\"twitter:card\" content=\"summary_large_image\" \/>\n<meta name=\"twitter:site\" content=\"@MYTEAM2GO\" \/>\n<meta name=\"twitter:label1\" content=\"Tempo estimado de leitura\" \/>\n\t<meta name=\"twitter:data1\" content=\"2 minutos\" \/>\n<script type=\"application\/ld+json\" class=\"yoast-schema-graph\">{\"@context\":\"https:\\\/\\\/schema.org\",\"@graph\":[{\"@type\":\"WebPage\",\"@id\":\"https:\\\/\\\/team2go.es\\\/pt\\\/ciclo-de-vida-do-funcionario\\\/\",\"url\":\"https:\\\/\\\/team2go.es\\\/pt\\\/ciclo-de-vida-do-funcionario\\\/\",\"name\":\"Ciclo de vida do funcion\u00e1rio - Team2go\",\"isPartOf\":{\"@id\":\"https:\\\/\\\/team2go.es\\\/pt\\\/#website\"},\"datePublished\":\"2022-04-21T10:31:51+00:00\",\"dateModified\":\"2025-09-02T11:27:19+00:00\",\"breadcrumb\":{\"@id\":\"https:\\\/\\\/team2go.es\\\/pt\\\/ciclo-de-vida-do-funcionario\\\/#breadcrumb\"},\"inLanguage\":\"pt-PT\",\"potentialAction\":[{\"@type\":\"ReadAction\",\"target\":[\"https:\\\/\\\/team2go.es\\\/pt\\\/ciclo-de-vida-do-funcionario\\\/\"]}]},{\"@type\":\"BreadcrumbList\",\"@id\":\"https:\\\/\\\/team2go.es\\\/pt\\\/ciclo-de-vida-do-funcionario\\\/#breadcrumb\",\"itemListElement\":[{\"@type\":\"ListItem\",\"position\":1,\"name\":\"Portada\",\"item\":\"https:\\\/\\\/team2go.es\\\/pt\\\/\"},{\"@type\":\"ListItem\",\"position\":2,\"name\":\"Ciclo de vida do funcion\u00e1rio\"}]},{\"@type\":\"WebSite\",\"@id\":\"https:\\\/\\\/team2go.es\\\/pt\\\/#website\",\"url\":\"https:\\\/\\\/team2go.es\\\/pt\\\/\",\"name\":\"Team2go\",\"description\":\"Software de Recursos Humanos\",\"potentialAction\":[{\"@type\":\"SearchAction\",\"target\":{\"@type\":\"EntryPoint\",\"urlTemplate\":\"https:\\\/\\\/team2go.es\\\/pt\\\/?s={search_term_string}\"},\"query-input\":{\"@type\":\"PropertyValueSpecification\",\"valueRequired\":true,\"valueName\":\"search_term_string\"}}],\"inLanguage\":\"pt-PT\"}]}<\/script>\n<!-- \/ Yoast SEO plugin. -->","yoast_head_json":{"title":"Ciclo de vida do funcion\u00e1rio - Team2go","robots":{"index":"index","follow":"follow","max-snippet":"max-snippet:-1","max-image-preview":"max-image-preview:large","max-video-preview":"max-video-preview:-1"},"canonical":"https:\/\/team2go.es\/pt\/ciclo-de-vida-do-funcionario\/","og_locale":"pt_PT","og_type":"article","og_title":"Ciclo de vida do funcion\u00e1rio - Team2go","og_description":"[vc_row][vc_column][vc_column_text] [\/vc_column_text][\/vc_column][\/vc_row][vc_row fullwidth=&#8221;true&#8221; fullwidth_content=&#8221;false&#8221; el_class=&#8221;slider-home&#8221;][vc_column][vc_row_inner el_class=&#8221;flex&#8221;][vc_column_inner width=&#8221;5\/12&#8243;][vc_column_text css=&#8221;.vc_custom_1726759943439{margin-bottom: 0px !important;}&#8221;] Otimizar o ciclo de vida do funcion\u00e1rio. [CONTE\u00daDO EXCLUSIVO: INFOGR\u00c1FICO + DICAS + DICA EXTRA] [\/vc_column_text][vc_raw_html]JTNDc3ZnJTIweG1sbnMlM0QlMjJodHRwJTNBJTJGJTJGd3d3LnczLm9yZyUyRjIwMDAlMkZzdmclMjIlMjB3aWR0aCUzRCUyMjE3NC4xMjklMjIlMjBoZWlnaHQlM0QlMjIxNjAuMzclMjIlMjB2aWV3Qm94JTNEJTIyMCUyMDAlMjAxNzQuMTI5JTIwMTYwLjM3JTIyJTNFJTBBJTIwJTIwJTNDZyUyMGlkJTNEJTIyZG93bmxvYWQtY2xvdWQtbGluZSUyMiUyMHRyYW5zZm9ybSUzRCUyMnRyYW5zbGF0ZSUyOC0xLjc0NCUyMC0yLjY3OCUyOSUyMiUzRSUwQSUyMCUyMCUyMCUyMCUzQ3BhdGglMjBpZCUzRCUyMlRyYXphZG9fMTQ5MjclMjIlMjBkYXRhLW5hbWUlM0QlMjJUcmF6YWRvJTIwMTQ5MjclMjIlMjBkJTNEJTIyTTE1My45MzMlMkM1Ny42Njl2LTEuN0E1NC42NjElMkM1NC42NjElMkMwJTJDMCUyQzAlMkM5OC4yNiUyQzIuNjg4YTU1Ljc4JTJDNTUuNzglMkMwJTJDMCUyQzAtNTEuMTQ1JTJDMzIuNSUyQzUxLjQxMSUyQzUxLjQxMSUyQzAlMkMwJTJDMCUyQzMuMzU2JTJDMTAyLjQlMkMxNS45ODMlMkMxNS45ODMlMkMwJTJDMCUyQzElMkMwLTEwLjY1NSUyQzQwLjc1NiUyQzQwLjc1NiUyQzAlMkMwJTJDMSUyQy41ODYtODEuM2gzLjU2OWwxLjIyNS0zLjM1NkE0NC45MTIlMkM0NC45MTIlMkMwJTJDMCUyQzElMkM5OC40NzMlMkMxMy41YTQ0LjAwNiUyQzQ0LjAwNiUyQzAlMkMwJTJDMSUyQzQ1LjAxOCUyQzQyLjYyMSUyQzQxLjMlMkM0MS4zJTJDMCUyQzAlMkMxJTJDMCUyQzQuMjYybC0uNDI2JTJDMy44MzYlMkMzLjQ2MyUyQzEuNkEzMS45NjYlMkMzMS45NjYlMkMwJTJDMCUyQzElMkMxMzMlMkMxMjYuOTI3aC02Ljg3M2ExNS45ODMlMkMxNS45ODMlMkMwJTJDMCUyQzElMkMwJTJDMTAuNjU1aDYuODE5QTQyLjYyMSUyQzQyLjYyMSUyQzAlMkMwJTJDMCUyQzE1My44OCUyQzU3LjY2OVolMjIlMjB0cmFuc2Zvcm0lM0QlMjJ0cmFuc2xhdGUlMjgwJTIwMCUyOSUyMiUyMGZpbGwlM0QlMjIlMjNmZmYlMjIlMkYlM0UlMEElMjAlMjAlMjAlMjAlM0NwYXRoJTIwaWQlM0QlMjJUcmF6YWRvXzE0OTI4JTIyJTIwZGF0YS1uYW1lJTNEJTIyVHJhemFkbyUyMDE0OTI4JTIyJTIwZCUzRCUyMk02My42OTElMkM3MS4wMzRhNS4zMjglMkM1LjMyOCUyQzAlMkMwJTJDMC0zLjc4MyUyQzEuNTQ1TDQ2LjIxNyUyQzg2LjMyNFYyMS4wMDhhNS4zMjglMkM1LjMyOCUyQzAlMkMwJTJDMC0xMC42NTUlMkMwVjg2LjMyNEwyMS44NyUyQzcyLjYzMmE1LjM1JTJDNS4zNSUyQzAlMkMxJTJDMC03LjYxOCUyQzcuNTEybDI2LjYzOCUyQzI2LjYzOEw2Ny41MjclMkM4MC4xNDRhNS4zMjglMkM1LjMyOCUyQzAlMkMwJTJDMC0zLjc4My05LjExWiUyMiUyMHRyYW5zZm9ybSUzRCUyMnRyYW5zbGF0ZSUyODQ3LjQ2MSUyMDU2LjI2NyUyOSUyMiUyMGZpbGwlM0QlMjIlMjNmZmYlMjIlMkYlM0UlMEElMjAlMjAlM0MlMkZnJTNFJTBBJTNDJTJGc3ZnJTNFJTBB[\/vc_raw_html][\/vc_column_inner][vc_column_inner width=&#8221;1\/12&#8243;][\/vc_column_inner][vc_column_inner el_class=&#8221;slider-form&#8221; width=&#8221;6\/12&#8243;][vc_column_text el_class=&#8221;texto&#8221; [&hellip;]","og_url":"https:\/\/team2go.es\/pt\/ciclo-de-vida-do-funcionario\/","og_site_name":"Team2go","article_publisher":"https:\/\/www.facebook.com\/Team2go-1797808423856946\/","article_modified_time":"2025-09-02T11:27:19+00:00","og_image":[{"width":200,"height":200,"url":"https:\/\/team2go.es\/wp-content\/uploads\/2022\/02\/logo-team2go.png","type":"image\/png"}],"twitter_card":"summary_large_image","twitter_site":"@MYTEAM2GO","twitter_misc":{"Tempo estimado de leitura":"2 minutos"},"schema":{"@context":"https:\/\/schema.org","@graph":[{"@type":"WebPage","@id":"https:\/\/team2go.es\/pt\/ciclo-de-vida-do-funcionario\/","url":"https:\/\/team2go.es\/pt\/ciclo-de-vida-do-funcionario\/","name":"Ciclo de vida do funcion\u00e1rio - Team2go","isPartOf":{"@id":"https:\/\/team2go.es\/pt\/#website"},"datePublished":"2022-04-21T10:31:51+00:00","dateModified":"2025-09-02T11:27:19+00:00","breadcrumb":{"@id":"https:\/\/team2go.es\/pt\/ciclo-de-vida-do-funcionario\/#breadcrumb"},"inLanguage":"pt-PT","potentialAction":[{"@type":"ReadAction","target":["https:\/\/team2go.es\/pt\/ciclo-de-vida-do-funcionario\/"]}]},{"@type":"BreadcrumbList","@id":"https:\/\/team2go.es\/pt\/ciclo-de-vida-do-funcionario\/#breadcrumb","itemListElement":[{"@type":"ListItem","position":1,"name":"Portada","item":"https:\/\/team2go.es\/pt\/"},{"@type":"ListItem","position":2,"name":"Ciclo de vida do funcion\u00e1rio"}]},{"@type":"WebSite","@id":"https:\/\/team2go.es\/pt\/#website","url":"https:\/\/team2go.es\/pt\/","name":"Team2go","description":"Software de Recursos Humanos","potentialAction":[{"@type":"SearchAction","target":{"@type":"EntryPoint","urlTemplate":"https:\/\/team2go.es\/pt\/?s={search_term_string}"},"query-input":{"@type":"PropertyValueSpecification","valueRequired":true,"valueName":"search_term_string"}}],"inLanguage":"pt-PT"}]}},"uagb_featured_image_src":{"full":false,"thumbnail":false,"medium":false,"medium_large":false,"large":false,"1536x1536":false,"2048x2048":false,"image-size-150x150":false,"image-size-550x550":false,"image-size-550x550-@2x":false,"photo-album-thumbnail-small":false,"photo-album-thumbnail-square":false,"employees-large":false,"employees-small":false,"blog-magazine-thumbnail":false,"blog-magazine-thumbnail-@2x":false,"woocommerce-recent-carousel":false,"blog-carousel":false,"blog-carousel-@2x":false,"blog-showcase":false,"blog-showcase-@2x":false,"portfolio-x_x":false,"portfolio-two_x_x":false,"portfolio-four_x_x":false,"portfolio-x_two_x":false,"portfolio-two_x_two_x":false,"portfolio-three_x_two_x":false,"portfolio-three_x_x":false,"portfolio-four_x_two_x":false,"portfolio-x_x-@2x":false,"portfolio-two_x_x-@2x":false,"portfolio-four_x_x-@2x":false,"portfolio-x_two_x-@2x":false,"portfolio-two_x_two_x-@2x":false,"portfolio-three_x_x-@2x":false,"portfolio-three_x_two_x-@2x":false,"portfolio-four_x_two_x-@2x":false,"portfolio-four_x_x-@mobile":false,"portfolio-three_x_x-@mobile":false,"portfolio-three_x_two_x-@mobile":false,"portfolio-four_x_two_x-@mobile":false,"landscape-desktop":false,"landscape-tablet":false,"landscape-mobile":false,"portrait-desktop":false,"portrait-tablet":false,"portrait-mobile":false,"bdpp-medium":false},"uagb_author_info":{"display_name":"Team2Go","author_link":"https:\/\/team2go.es\/pt\/author\/businessgo_2019\/"},"uagb_comment_info":0,"uagb_excerpt":"[vc_row][vc_column][vc_column_text] [\/vc_column_text][\/vc_column][\/vc_row][vc_row fullwidth=&#8221;true&#8221; fullwidth_content=&#8221;false&#8221; el_class=&#8221;slider-home&#8221;][vc_column][vc_row_inner el_class=&#8221;flex&#8221;][vc_column_inner width=&#8221;5\/12&#8243;][vc_column_text css=&#8221;.vc_custom_1726759943439{margin-bottom: 0px !important;}&#8221;] Otimizar o ciclo de vida do funcion\u00e1rio. [CONTE\u00daDO EXCLUSIVO: INFOGR\u00c1FICO + DICAS + DICA EXTRA] [\/vc_column_text][vc_raw_html]JTNDc3ZnJTIweG1sbnMlM0QlMjJodHRwJTNBJTJGJTJGd3d3LnczLm9yZyUyRjIwMDAlMkZzdmclMjIlMjB3aWR0aCUzRCUyMjE3NC4xMjklMjIlMjBoZWlnaHQlM0QlMjIxNjAuMzclMjIlMjB2aWV3Qm94JTNEJTIyMCUyMDAlMjAxNzQuMTI5JTIwMTYwLjM3JTIyJTNFJTBBJTIwJTIwJTNDZyUyMGlkJTNEJTIyZG93bmxvYWQtY2xvdWQtbGluZSUyMiUyMHRyYW5zZm9ybSUzRCUyMnRyYW5zbGF0ZSUyOC0xLjc0NCUyMC0yLjY3OCUyOSUyMiUzRSUwQSUyMCUyMCUyMCUyMCUzQ3BhdGglMjBpZCUzRCUyMlRyYXphZG9fMTQ5MjclMjIlMjBkYXRhLW5hbWUlM0QlMjJUcmF6YWRvJTIwMTQ5MjclMjIlMjBkJTNEJTIyTTE1My45MzMlMkM1Ny42Njl2LTEuN0E1NC42NjElMkM1NC42NjElMkMwJTJDMCUyQzAlMkM5OC4yNiUyQzIuNjg4YTU1Ljc4JTJDNTUuNzglMkMwJTJDMCUyQzAtNTEuMTQ1JTJDMzIuNSUyQzUxLjQxMSUyQzUxLjQxMSUyQzAlMkMwJTJDMCUyQzMuMzU2JTJDMTAyLjQlMkMxNS45ODMlMkMxNS45ODMlMkMwJTJDMCUyQzElMkMwLTEwLjY1NSUyQzQwLjc1NiUyQzQwLjc1NiUyQzAlMkMwJTJDMSUyQy41ODYtODEuM2gzLjU2OWwxLjIyNS0zLjM1NkE0NC45MTIlMkM0NC45MTIlMkMwJTJDMCUyQzElMkM5OC40NzMlMkMxMy41YTQ0LjAwNiUyQzQ0LjAwNiUyQzAlMkMwJTJDMSUyQzQ1LjAxOCUyQzQyLjYyMSUyQzQxLjMlMkM0MS4zJTJDMCUyQzAlMkMxJTJDMCUyQzQuMjYybC0uNDI2JTJDMy44MzYlMkMzLjQ2MyUyQzEuNkEzMS45NjYlMkMzMS45NjYlMkMwJTJDMCUyQzElMkMxMzMlMkMxMjYuOTI3aC02Ljg3M2ExNS45ODMlMkMxNS45ODMlMkMwJTJDMCUyQzElMkMwJTJDMTAuNjU1aDYuODE5QTQyLjYyMSUyQzQyLjYyMSUyQzAlMkMwJTJDMCUyQzE1My44OCUyQzU3LjY2OVolMjIlMjB0cmFuc2Zvcm0lM0QlMjJ0cmFuc2xhdGUlMjgwJTIwMCUyOSUyMiUyMGZpbGwlM0QlMjIlMjNmZmYlMjIlMkYlM0UlMEElMjAlMjAlMjAlMjAlM0NwYXRoJTIwaWQlM0QlMjJUcmF6YWRvXzE0OTI4JTIyJTIwZGF0YS1uYW1lJTNEJTIyVHJhemFkbyUyMDE0OTI4JTIyJTIwZCUzRCUyMk02My42OTElMkM3MS4wMzRhNS4zMjglMkM1LjMyOCUyQzAlMkMwJTJDMC0zLjc4MyUyQzEuNTQ1TDQ2LjIxNyUyQzg2LjMyNFYyMS4wMDhhNS4zMjglMkM1LjMyOCUyQzAlMkMwJTJDMC0xMC42NTUlMkMwVjg2LjMyNEwyMS44NyUyQzcyLjYzMmE1LjM1JTJDNS4zNSUyQzAlMkMxJTJDMC03LjYxOCUyQzcuNTEybDI2LjYzOCUyQzI2LjYzOEw2Ny41MjclMkM4MC4xNDRhNS4zMjglMkM1LjMyOCUyQzAlMkMwJTJDMC0zLjc4My05LjExWiUyMiUyMHRyYW5zZm9ybSUzRCUyMnRyYW5zbGF0ZSUyODQ3LjQ2MSUyMDU2LjI2NyUyOSUyMiUyMGZpbGwlM0QlMjIlMjNmZmYlMjIlMkYlM0UlMEElMjAlMjAlM0MlMkZnJTNFJTBBJTNDJTJGc3ZnJTNFJTBB[\/vc_raw_html][\/vc_column_inner][vc_column_inner width=&#8221;1\/12&#8243;][\/vc_column_inner][vc_column_inner el_class=&#8221;slider-form&#8221; width=&#8221;6\/12&#8243;][vc_column_text el_class=&#8221;texto&#8221; [&hellip;]","_links":{"self":[{"href":"https:\/\/team2go.es\/pt\/wp-json\/wp\/v2\/pages\/8863","targetHints":{"allow":["GET"]}}],"collection":[{"href":"https:\/\/team2go.es\/pt\/wp-json\/wp\/v2\/pages"}],"about":[{"href":"https:\/\/team2go.es\/pt\/wp-json\/wp\/v2\/types\/page"}],"author":[{"embeddable":true,"href":"https:\/\/team2go.es\/pt\/wp-json\/wp\/v2\/users\/2"}],"replies":[{"embeddable":true,"href":"https:\/\/team2go.es\/pt\/wp-json\/wp\/v2\/comments?post=8863"}],"version-history":[{"count":0,"href":"https:\/\/team2go.es\/pt\/wp-json\/wp\/v2\/pages\/8863\/revisions"}],"wp:attachment":[{"href":"https:\/\/team2go.es\/pt\/wp-json\/wp\/v2\/media?parent=8863"}],"curies":[{"name":"wp","href":"https:\/\/api.w.org\/{rel}","templated":true}]}}