{"id":8826,"date":"2019-03-12T09:21:40","date_gmt":"2019-03-12T07:21:40","guid":{"rendered":"https:\/\/team2go.es\/politica-de-privacidade\/"},"modified":"2024-09-17T13:50:11","modified_gmt":"2024-09-17T11:50:11","slug":"politica-de-privacidade","status":"publish","type":"page","link":"https:\/\/team2go.es\/pt\/politica-de-privacidade\/","title":{"rendered":"Pol\u00edtica de Privacidade"},"content":{"rendered":"\n<h1 class=\"wp-block-heading\">Pol\u00edtica de Privacidade<\/h1>\n\n<p>Em conformidade com o direito \u00e0 informa\u00e7\u00e3o incorporado no Regulamento (UE) 2016\/679 do Parlamento Europeu e do Conselho, de 27 de abril de 2016, sobre prote\u00e7\u00e3o de dados de pessoas f\u00edsicas e na Lei Org\u00e2nica 3\/2018, de 5 de dezembro, sobre Prote\u00e7\u00e3o de Dados Pessoais e Garantias de Direitos Digitais, TEAM2GO TALENT MANAGEMENT SOLUTIONS, S.L. \u00e9 o propriet\u00e1rio do site (doravante Team2Go) e informa a seguir sobre o processamento de seus dados.<\/p>\n\n<p>A Team2Go garante que os dados pessoais de seus Usu\u00e1rios e\/ou clientes ser\u00e3o tratados de acordo com os princ\u00edpios de transpar\u00eancia, limita\u00e7\u00e3o de finalidade, minimiza\u00e7\u00e3o de dados, exatid\u00e3o, integridade e confidencialidade; cumprindo em todos os casos com as obriga\u00e7\u00f5es e garantias derivadas da normativa.<\/p>\n\n<p><strong>1.1. Informa\u00e7\u00e3o sobre o Respons\u00e1vel dos Dados<\/strong><\/p>\n\n<p>Os dados do Controlador de Dados deste site est\u00e3o definidos abaixo:<\/p>\n\n<ul class=\"wp-block-list\">\n<li>Titular: \u00a0TEAM2GO TALENT MANAGEMENT SOLUTIONS, S.L. (Team2Go)<\/li>\n\n\n\n<li>CIF: B90362716<\/li>\n\n\n\n<li>Endere\u00e7o: Rua Leonardo da Vinci 18, pl 5\u00aa, m\u00f3d. 5 Edif. Tecnoincubadora Marie Curie PCT Cartuja, 41092, Sevilha, Espanha<\/li>\n\n\n\n<li>E-mail: <a href=\"mailto:info@team2go.es\">info@team2go.es<\/a><\/li>\n\n\n\n<li>Respons\u00e1vel de Prote\u00e7\u00e3o de Datos: Macarena Guti\u00e9rrez P\u00e9rez, dpd@gutper.com.<\/li>\n<\/ul>\n\n<p><strong>1.2. Por que coletamos seus dados?<\/strong><\/p>\n\n<p>Como controladores de dados, gostar\u00edamos de inform\u00e1-lo sobre as finalidades para as quais coletamos seus dados:<\/p>\n\n<ul class=\"wp-block-list\">\n<li>Atendimento ao cliente<\/li>\n\n\n\n<li>Contato com partes interessadas e\/ou clientes em potencial.<\/li>\n\n\n\n<li>Informa\u00e7\u00e3o sobre o nosso site.<\/li>\n\n\n\n<li>Aten\u00e7\u00e3o para as solicita\u00e7\u00f5es de emprego.<\/li>\n<\/ul>\n\n<p><strong>1.3. \u00bfC\u00f3mo obtemos seus dados?<\/strong><\/p>\n\n<p>Os dados s\u00e3o coletados por meio dos formul\u00e1rios estabelecidos neste site, bem como pessoalmente nos escrit\u00f3rios da Team2Go ou por terceiros colaboradores ou parceiros. A origem desses dados \u00e9 de responsabilidade do usu\u00e1rio, que deve garantir a autenticidade e a actualiza\u00e7\u00e3o de todos os dados fornecidos \u00e0 Team2Go, sendo respons\u00e1vel pelos dados falsos ou imprecisos fornecidos.<\/p>\n\n<p><strong>1.4 Qual \u00e9 a legitimidade do processamento de informa\u00e7\u00f5es pessoais? \u00a0<\/strong><\/p>\n\n<p>Para processar suas informa\u00e7\u00f5es pessoais, exigimos a base legal necess\u00e1ria para os fins descritos acima. As bases legais nas quais nosso processamento se baseia s\u00e3o as seguintes:<\/p>\n\n<ul class=\"wp-block-list\">\n<li>O pr\u00f3prio consentimento do titular dos dados, ao concordar em fornecer seus dados \u00e0 Team2Go nos formul\u00e1rios de coleta de dados, bem como ao aceitar a Pol\u00edtica de Privacidade deste site.<\/li>\n\n\n\n<li>A execu\u00e7\u00e3o de um contrato, quando a pessoa em quest\u00e3o tiver entrado em um relacionamento comercial com a Team2Go.<\/li>\n<\/ul>\n\n<p><strong>1.5. Limite de tempo para o armazenamento de dados pessoais.<\/strong><\/p>\n\n<p>Em conformidade com o princ\u00edpio da limita\u00e7\u00e3o temporal e de acordo com as disposi\u00e7\u00f5es da legisla\u00e7\u00e3o aplic\u00e1vel em vigor, informamos que os dados pessoais ser\u00e3o mantidos e processados pelo tempo estritamente necess\u00e1rio e para os fins para os quais foram coletados em cada caso, e desde que seja mantida uma rela\u00e7\u00e3o contratual e\/ou comercial entre as partes, at\u00e9 que voc\u00ea exer\u00e7a seu direito de excluir, cancelar e\/ou limitar o processamento dos mesmos. Nesses casos, manteremos os dados devidamente bloqueados, sem fazer uso deles, enquanto forem necess\u00e1rios para o exerc\u00edcio ou a defesa de reivindica\u00e7\u00f5es, ou enquanto qualquer tipo de responsabilidade legal, jur\u00eddica ou contratual puder surgir de seu processamento, que deva ser atendido e para o qual sua recupera\u00e7\u00e3o seja necess\u00e1ria, e somente durante os prazos de prescri\u00e7\u00e3o de tais responsabilidades. Uma vez expirados esses per\u00edodos, estes ser\u00e3o exclu\u00eddos definitivamente por meio de m\u00e9todos seguros garantidos.<\/p>\n\n<p>No entanto, um per\u00edodo de reten\u00e7\u00e3o mais longo pode ser definido por disposi\u00e7\u00e3o legal obrigat\u00f3ria por motivos de seguran\u00e7a jur\u00eddica e para responder a reclama\u00e7\u00f5es de usu\u00e1rios.<\/p>\n\n<p><strong>1.6 Como Voc\u00ea pode exercer seus direitos?<\/strong><\/p>\n\n<p>Como usu\u00e1rio, voc\u00ea tem os seguintes direitos em rela\u00e7\u00e3o \u00e0s suas informa\u00e7\u00f5es pessoais.<\/p>\n\n<ul class=\"wp-block-list\">\n<li>O direito de solicitar acesso \u00e0s informa\u00e7\u00f5es pessoais que coletamos e de ter controlo sobre elas.\t\t\t\t\t\t\t&#8220;<\/li>\n\n\n\n<li>O direito de solicitar a retifica\u00e7\u00e3o de dados imprecisos.<\/li>\n\n\n\n<li>O direito de solicitar a exclus\u00e3o ou o cancelamento desses dados (direito de ser esquecido) quando os dados n\u00e3o forem necess\u00e1rios para a finalidade para a qual foram coletados.<\/li>\n\n\n\n<li>O direito de solicitar a limita\u00e7\u00e3o de decis\u00f5es individuais automatizadas.<\/li>\n\n\n\n<li>O direito de limitar o processamento de suas informa\u00e7\u00f5es pessoais, solicitando que as mantenhamos.<\/li>\n\n\n\n<li>O direito de se opor ao processamento de seus dados em determinadas circunst\u00e2ncias e por motivos relacionados \u00e0 sua situa\u00e7\u00e3o espec\u00edfica. Suas informa\u00e7\u00f5es pessoais n\u00e3o ser\u00e3o mais processadas para os fins para os quais voc\u00ea expressou sua obje\u00e7\u00e3o.<\/li>\n\n\n\n<li>O direito de solicitar a portabilidade de seus dados para outro controlador de dados.<\/li>\n\n\n\n<li>O direito de apresentar uma reclama\u00e7\u00e3o \u00e0 Ag\u00eancia Espanhola de Prote\u00e7\u00e3o de Dados, por meio de seu pr\u00f3prio site: https:\/\/www.aepd.es\/index.html.<\/li>\n<\/ul>\n\n<p>&#8220;Voc\u00ea pode exercer seus direitos gratuitamente e receber uma resposta dentro dos prazos estabelecidos pela legisla\u00e7\u00e3o vigente sobre prote\u00e7\u00e3o de dados, escolhendo entre os seguintes meios:<\/p>\n\n<ul class=\"wp-block-list\">\n<li>Por meio de uma solicita\u00e7\u00e3o escrita e assinada dirigida \u00e0 Team2Go no endere\u00e7o postal indicado neste texto, incluindo a refer\u00eancia Prote\u00e7\u00e3o de Dados e anexando uma fotoc\u00f3pia da carteira de identidade do solicitante.<\/li>\n\n\n\n<li>Por meio de solicita\u00e7\u00e3o escrita e assinada dirigida \u00e0 Team2Go no endere\u00e7o <a href=\"mailto:info@team2go.es\">info@team2go.es<\/a>, com a Prote\u00e7\u00e3o de Dados de refer\u00eancia inclusa e anexando uma fotoc\u00f3pia do documento de identidade do solicitante.<\/li>\n<\/ul>\n\n<p><strong>\u00a01.7.- Decis\u00f5es automatizadas sobre dados pessoais.<\/strong><\/p>\n\n<p>Garantimos que nenhuma decis\u00e3o automatizada, cria\u00e7\u00e3o de perfil ou processamento l\u00f3gico de dados pessoais ser\u00e1 realizado.<\/p>\n\n<p><strong>\u00a0 1.8.- Medidas de seguran\u00e7a e confidencialidade no processamento de seus dados pessoais.<\/strong><\/p>\n\n<p>Preocupamo-nos em garantir a seguran\u00e7a, o sigilo e a confidencialidade dos dados pessoais de nossos Usu\u00e1rios. Portanto, em conformidade com a legisla\u00e7\u00e3o vigente, nos comprometemos a adotar medidas de seguran\u00e7a rigorosas e meios t\u00e9cnicos adequados para evitar a perda, o uso indevido ou o acesso n\u00e3o autorizado aos seus dados pessoais.<\/p>\n\n<p>Dessa forma, os dados pessoais que a Team2Go coletar por meio das comunica\u00e7\u00f5es ou contato que possa ter com seu usu\u00e1rio, ser\u00e3o tratados com absoluta confidencialidade, comprometendo-nos a mant\u00ea-los em sigilo e garantindo o dever de guard\u00e1-los, adotando todas as medidas necess\u00e1rias e razo\u00e1veis para evitar sua altera\u00e7\u00e3o, perda e tratamento ou acesso n\u00e3o autorizado, de acordo com o estabelecido na legisla\u00e7\u00e3o aplic\u00e1vel.<\/p>\n\n<p><strong>1.9. Actualiza\u00e7\u00f5es e modifica\u00e7\u00f5es<\/strong><\/p>\n\n<p>A Team2Go se reserva o direito de modificar e\/ou actualizar as informa\u00e7\u00f5es sobre prote\u00e7\u00e3o de dados quando for necess\u00e1rio para o correto cumprimento do Regulamento de Prote\u00e7\u00e3o de Dados ou da Lei Org\u00e2nica de Prote\u00e7\u00e3o de Dados e Garantias dos Direitos Digitais. No caso de qualquer modifica\u00e7\u00e3o, o novo texto ser\u00e1 publicado nesta p\u00e1gina, onde voc\u00ea poder\u00e1 acessar a pol\u00edtica atual. Em todos os casos, o relacionamento com os usu\u00e1rios ser\u00e1 regido pelas regras em vigor no momento exato em que o site for acessado.<\/p>\n\n<p>Estes termos de uso s\u00e3o regidos pela legisla\u00e7\u00e3o espanhola.<\/p>\n\n<p> \u00daltima actualiza\u00e7\u00e3o: junho de 2024.<\/p>\n","protected":false},"excerpt":{"rendered":"<p>Pol\u00edtica de Privacidade Em conformidade com o direito \u00e0 informa\u00e7\u00e3o incorporado no Regulamento (UE) 2016\/679 do Parlamento Europeu e do Conselho, de 27 de abril de 2016, sobre prote\u00e7\u00e3o de [&hellip;]<\/p>\n","protected":false},"author":2,"featured_media":0,"parent":0,"menu_order":0,"comment_status":"closed","ping_status":"closed","template":"","meta":{"inline_featured_image":false,"_uag_custom_page_level_css":"","footnotes":""},"class_list":["post-8826","page","type-page","status-publish","hentry"],"yoast_head":"<!-- This site is optimized with the Yoast SEO plugin v27.4 - https:\/\/yoast.com\/product\/yoast-seo-wordpress\/ -->\n<title>Pol\u00edtica de Privacidade - Team2go<\/title>\n<meta name=\"robots\" content=\"noindex, nofollow\" \/>\n<meta property=\"og:locale\" content=\"pt_PT\" \/>\n<meta property=\"og:type\" content=\"article\" \/>\n<meta property=\"og:title\" content=\"Pol\u00edtica de Privacidade - Team2go\" \/>\n<meta property=\"og:description\" content=\"Pol\u00edtica de Privacidade Em conformidade com o direito \u00e0 informa\u00e7\u00e3o incorporado no Regulamento (UE) 2016\/679 do Parlamento Europeu e do Conselho, de 27 de abril de 2016, sobre prote\u00e7\u00e3o de [&hellip;]\" \/>\n<meta property=\"og:url\" content=\"https:\/\/team2go.es\/pt\/politica-de-privacidade\/\" \/>\n<meta property=\"og:site_name\" content=\"Team2go\" \/>\n<meta property=\"article:publisher\" content=\"https:\/\/www.facebook.com\/Team2go-1797808423856946\/\" \/>\n<meta property=\"article:modified_time\" content=\"2024-09-17T11:50:11+00:00\" \/>\n<meta property=\"og:image\" content=\"https:\/\/team2go.es\/wp-content\/uploads\/2022\/02\/logo-team2go.png\" \/>\n\t<meta property=\"og:image:width\" content=\"200\" \/>\n\t<meta property=\"og:image:height\" content=\"200\" \/>\n\t<meta property=\"og:image:type\" content=\"image\/png\" \/>\n<meta name=\"twitter:card\" content=\"summary_large_image\" \/>\n<meta name=\"twitter:site\" content=\"@MYTEAM2GO\" \/>\n<meta name=\"twitter:label1\" content=\"Tempo estimado de leitura\" \/>\n\t<meta name=\"twitter:data1\" content=\"5 minutos\" \/>\n<script type=\"application\/ld+json\" class=\"yoast-schema-graph\">{\"@context\":\"https:\\\/\\\/schema.org\",\"@graph\":[{\"@type\":\"WebPage\",\"@id\":\"https:\\\/\\\/team2go.es\\\/pt\\\/politica-de-privacidade\\\/\",\"url\":\"https:\\\/\\\/team2go.es\\\/pt\\\/politica-de-privacidade\\\/\",\"name\":\"Pol\u00edtica de Privacidade - Team2go\",\"isPartOf\":{\"@id\":\"https:\\\/\\\/team2go.es\\\/pt\\\/#website\"},\"datePublished\":\"2019-03-12T07:21:40+00:00\",\"dateModified\":\"2024-09-17T11:50:11+00:00\",\"breadcrumb\":{\"@id\":\"https:\\\/\\\/team2go.es\\\/pt\\\/politica-de-privacidade\\\/#breadcrumb\"},\"inLanguage\":\"pt-PT\",\"potentialAction\":[{\"@type\":\"ReadAction\",\"target\":[\"https:\\\/\\\/team2go.es\\\/pt\\\/politica-de-privacidade\\\/\"]}]},{\"@type\":\"BreadcrumbList\",\"@id\":\"https:\\\/\\\/team2go.es\\\/pt\\\/politica-de-privacidade\\\/#breadcrumb\",\"itemListElement\":[{\"@type\":\"ListItem\",\"position\":1,\"name\":\"Portada\",\"item\":\"https:\\\/\\\/team2go.es\\\/pt\\\/\"},{\"@type\":\"ListItem\",\"position\":2,\"name\":\"Pol\u00edtica de Privacidade\"}]},{\"@type\":\"WebSite\",\"@id\":\"https:\\\/\\\/team2go.es\\\/pt\\\/#website\",\"url\":\"https:\\\/\\\/team2go.es\\\/pt\\\/\",\"name\":\"Team2go\",\"description\":\"Software de Recursos Humanos\",\"potentialAction\":[{\"@type\":\"SearchAction\",\"target\":{\"@type\":\"EntryPoint\",\"urlTemplate\":\"https:\\\/\\\/team2go.es\\\/pt\\\/?s={search_term_string}\"},\"query-input\":{\"@type\":\"PropertyValueSpecification\",\"valueRequired\":true,\"valueName\":\"search_term_string\"}}],\"inLanguage\":\"pt-PT\"}]}<\/script>\n<!-- \/ Yoast SEO plugin. -->","yoast_head_json":{"title":"Pol\u00edtica de Privacidade - Team2go","robots":{"index":"noindex","follow":"nofollow"},"og_locale":"pt_PT","og_type":"article","og_title":"Pol\u00edtica de Privacidade - Team2go","og_description":"Pol\u00edtica de Privacidade Em conformidade com o direito \u00e0 informa\u00e7\u00e3o incorporado no Regulamento (UE) 2016\/679 do Parlamento Europeu e do Conselho, de 27 de abril de 2016, sobre prote\u00e7\u00e3o de [&hellip;]","og_url":"https:\/\/team2go.es\/pt\/politica-de-privacidade\/","og_site_name":"Team2go","article_publisher":"https:\/\/www.facebook.com\/Team2go-1797808423856946\/","article_modified_time":"2024-09-17T11:50:11+00:00","og_image":[{"width":200,"height":200,"url":"https:\/\/team2go.es\/wp-content\/uploads\/2022\/02\/logo-team2go.png","type":"image\/png"}],"twitter_card":"summary_large_image","twitter_site":"@MYTEAM2GO","twitter_misc":{"Tempo estimado de leitura":"5 minutos"},"schema":{"@context":"https:\/\/schema.org","@graph":[{"@type":"WebPage","@id":"https:\/\/team2go.es\/pt\/politica-de-privacidade\/","url":"https:\/\/team2go.es\/pt\/politica-de-privacidade\/","name":"Pol\u00edtica de Privacidade - Team2go","isPartOf":{"@id":"https:\/\/team2go.es\/pt\/#website"},"datePublished":"2019-03-12T07:21:40+00:00","dateModified":"2024-09-17T11:50:11+00:00","breadcrumb":{"@id":"https:\/\/team2go.es\/pt\/politica-de-privacidade\/#breadcrumb"},"inLanguage":"pt-PT","potentialAction":[{"@type":"ReadAction","target":["https:\/\/team2go.es\/pt\/politica-de-privacidade\/"]}]},{"@type":"BreadcrumbList","@id":"https:\/\/team2go.es\/pt\/politica-de-privacidade\/#breadcrumb","itemListElement":[{"@type":"ListItem","position":1,"name":"Portada","item":"https:\/\/team2go.es\/pt\/"},{"@type":"ListItem","position":2,"name":"Pol\u00edtica de Privacidade"}]},{"@type":"WebSite","@id":"https:\/\/team2go.es\/pt\/#website","url":"https:\/\/team2go.es\/pt\/","name":"Team2go","description":"Software de Recursos Humanos","potentialAction":[{"@type":"SearchAction","target":{"@type":"EntryPoint","urlTemplate":"https:\/\/team2go.es\/pt\/?s={search_term_string}"},"query-input":{"@type":"PropertyValueSpecification","valueRequired":true,"valueName":"search_term_string"}}],"inLanguage":"pt-PT"}]}},"uagb_featured_image_src":{"full":false,"thumbnail":false,"medium":false,"medium_large":false,"large":false,"1536x1536":false,"2048x2048":false,"image-size-150x150":false,"image-size-550x550":false,"image-size-550x550-@2x":false,"photo-album-thumbnail-small":false,"photo-album-thumbnail-square":false,"employees-large":false,"employees-small":false,"blog-magazine-thumbnail":false,"blog-magazine-thumbnail-@2x":false,"woocommerce-recent-carousel":false,"blog-carousel":false,"blog-carousel-@2x":false,"blog-showcase":false,"blog-showcase-@2x":false,"portfolio-x_x":false,"portfolio-two_x_x":false,"portfolio-four_x_x":false,"portfolio-x_two_x":false,"portfolio-two_x_two_x":false,"portfolio-three_x_two_x":false,"portfolio-three_x_x":false,"portfolio-four_x_two_x":false,"portfolio-x_x-@2x":false,"portfolio-two_x_x-@2x":false,"portfolio-four_x_x-@2x":false,"portfolio-x_two_x-@2x":false,"portfolio-two_x_two_x-@2x":false,"portfolio-three_x_x-@2x":false,"portfolio-three_x_two_x-@2x":false,"portfolio-four_x_two_x-@2x":false,"portfolio-four_x_x-@mobile":false,"portfolio-three_x_x-@mobile":false,"portfolio-three_x_two_x-@mobile":false,"portfolio-four_x_two_x-@mobile":false,"landscape-desktop":false,"landscape-tablet":false,"landscape-mobile":false,"portrait-desktop":false,"portrait-tablet":false,"portrait-mobile":false,"bdpp-medium":false},"uagb_author_info":{"display_name":"Team2Go","author_link":"https:\/\/team2go.es\/pt\/author\/businessgo_2019\/"},"uagb_comment_info":0,"uagb_excerpt":"Pol\u00edtica de Privacidade Em conformidade com o direito \u00e0 informa\u00e7\u00e3o incorporado no Regulamento (UE) 2016\/679 do Parlamento Europeu e do Conselho, de 27 de abril de 2016, sobre prote\u00e7\u00e3o de [&hellip;]","_links":{"self":[{"href":"https:\/\/team2go.es\/pt\/wp-json\/wp\/v2\/pages\/8826","targetHints":{"allow":["GET"]}}],"collection":[{"href":"https:\/\/team2go.es\/pt\/wp-json\/wp\/v2\/pages"}],"about":[{"href":"https:\/\/team2go.es\/pt\/wp-json\/wp\/v2\/types\/page"}],"author":[{"embeddable":true,"href":"https:\/\/team2go.es\/pt\/wp-json\/wp\/v2\/users\/2"}],"replies":[{"embeddable":true,"href":"https:\/\/team2go.es\/pt\/wp-json\/wp\/v2\/comments?post=8826"}],"version-history":[{"count":0,"href":"https:\/\/team2go.es\/pt\/wp-json\/wp\/v2\/pages\/8826\/revisions"}],"wp:attachment":[{"href":"https:\/\/team2go.es\/pt\/wp-json\/wp\/v2\/media?parent=8826"}],"curies":[{"name":"wp","href":"https:\/\/api.w.org\/{rel}","templated":true}]}}