{"id":8814,"date":"2019-03-12T09:27:52","date_gmt":"2019-03-12T07:27:52","guid":{"rendered":"https:\/\/team2go.es\/?page_id=8814"},"modified":"2024-09-17T08:37:50","modified_gmt":"2024-09-17T06:37:50","slug":"aviso-legal","status":"publish","type":"page","link":"https:\/\/team2go.es\/pt\/aviso-legal\/","title":{"rendered":"Aviso legal"},"content":{"rendered":"\n<div class=\"wp-block-uagb-advanced-heading uagb-block-87c828d2\"><h1 class=\"uagb-heading-text\">Aviso legal<\/h1><\/div>\n\n\n\n<p><a>Este site foi criado pela TEAM2GO TALENT MANAGEMENT SOLUTIONS, S.L. (doravante, Team2Go), com fins informativos para o uso pessoal e gratuito de seus usu\u00e1rios.<br><\/a><\/p>\n\n\n\n<p><a>Este texto legal \u00e9 dirigido a todas as pessoas que decidam livremente navegar no site da Team2Go, que ser\u00e3o consideradas a partir desse momento como usu\u00e1rios, o que implica a aceita\u00e7\u00e3o livre, plena e sem reservas de todas e cada uma das cl\u00e1usulas publicadas neste aviso legal.<br><\/a><\/p>\n\n\n\n<div class=\"wp-block-uagb-advanced-heading uagb-block-85bee5de\"><h3 class=\"uagb-heading-text\">Objeto e Aceita\u00e7\u00e3o<\/h3><\/div>\n\n\n\n<p>O presente site https:\/\/team2go.es\/, seu dom\u00ednio e subdom\u00ednios pertencem \u00e0 TEAM2GO TALENT MANAGEMENT SOLUTIONS, S.L. (doravante, Team2Go).<\/p>\n\n\n\n<p><br>  Este site, https:\/\/team2go.es\/, bem como seu dom\u00ednio e subdom\u00ednios, pertencem \u00e0 TEAM2GO TALENT MANAGEMENT SOLUTIONS, S.L., que fornece aos usu\u00e1rios as seguintes informa\u00e7\u00f5es, a fim de cumprir as obriga\u00e7\u00f5es estabelecidas na Lei 34\/2002, de 11 de julho, de Servi\u00e7os da Sociedade da Informa\u00e7\u00e3o e Com\u00e9rcio Eletr\u00f4nico (LSSI).<\/p>\n\n\n\n<p><br>  Os usu\u00e1rios, ao aceitar as cl\u00e1usulas a seguir, comprometem-se a fazer uso correto do site, de acordo com a lei, a boa-f\u00e9, a ordem p\u00fablica, os usos do tr\u00e1fego e o presente aviso legal. Estes ser\u00e3o respons\u00e1veis frente \u00e0 TEAM2GO TALENT MANAGEMENT SOLUTIONS, S.L., ou perante terceiros, por qualquer dano ou preju\u00edzo que possa ser causado como consequ\u00eancia do descumprimento da referida obriga\u00e7\u00e3o.<\/p>\n\n\n\n<div class=\"wp-block-uagb-advanced-heading uagb-block-3770bb83\"><h3 class=\"uagb-heading-text\">Identifica\u00e7\u00e3o e Comunica\u00e7\u00f5es<\/h3><\/div>\n\n\n\n<p>Para qualquer consulta que o usu\u00e1rio deseje fazer, em raz\u00e3o do propriet\u00e1rio do site, voc\u00ea pode nos encontrar em:<\/p>\n\n\n\n<ul class=\"wp-block-list\">\n<li><a href=\"Titular: TEAM2GO\r\n  TALENT MANAGEMENT SOLUTIONS, S.L. (Team2Go)\">Titular: TEAM2GO TALENT MANAGEMENT SOLUTIONS, S.L. (Team2Go)<\/a><\/li>\n\n\n\n<li>CIF: B90362716<\/li>\n\n\n\n<li>Endere\u00e7o: C\/ Leonardo da Vinci 18, pl. 5\u00aa, m\u00f3d. 5 edif. Tecnoincubadora Marie Curie PCT Cartuja 41092 \u2013 Sevilha, Espanha<\/li>\n\n\n\n<li><a href=\"E-mail:\r\n  info@team2go.es\">E-mail: info@team2go.es<\/a><\/li>\n\n\n\n<li>Dados do Registo Mercantil: Tomo 6533, Libro: 0, Folio 110, Secci\u00f3n 8, Hoja SE 117341<\/li>\n<\/ul>\n\n\n\n<div class=\"wp-block-uagb-advanced-heading uagb-block-389da634\"><h3 class=\"uagb-heading-text\">Condi\u00e7\u00f5es e Servi\u00e7os<\/h3><\/div>\n\n\n\n<p>Este website \u00e9 apresentado com o objetivo de fornecer aos seus usu\u00e1rios informa\u00e7\u00f5es sobre a Team2Go e os produtos e servi\u00e7os nele oferecidos, sobre solu\u00e7\u00f5es de neg\u00f3cios, integra\u00e7\u00e3o de aplicativos, websites e lojas virtuais, servi\u00e7os de hospedagem e cloud, bem como fornecer sistemas e infraestrutura aos seus clientes. Portanto, o acesso e a navega\u00e7\u00e3o neste website s\u00e3o livres e gratuitos, sendo que seu mero acesso n\u00e3o implica em qualquer tipo de rela\u00e7\u00e3o comercial entre a Team2Go e o usu\u00e1rio.<\/p>\n\n\n\n<p>A Team2Go oferece em seu site informa\u00e7\u00f5es relacionadas ao tipo de atividade e produtos oferecidos aos Usu\u00e1rios, assim como informa\u00e7\u00f5es gerais e outros conte\u00fados elaborados pelo propriet\u00e1rio do site.<\/p>\n\n\n\n<p>O Usu\u00e1rio se compromete expressamente a fazer um uso correto dos conte\u00fados do site, abstendo-se de utilizar o presente site de qualquer forma que possa impedir, danificar ou deteriorar o funcionamento normal do site, os bens ou direitos do propriet\u00e1rio Team2Go, do resto dos Usu\u00e1rios ou, em geral, de qualquer terceiro, e a n\u00e3o utiliz\u00e1-los para fins diferentes dos contidos no presente Aviso Legal, com as seguintes limita\u00e7\u00f5es e responsabilidades, ficando proibido:<\/p>\n\n\n\n<p>Divulgar conte\u00fado criminoso, violento, pornogr\u00e1fico, racista, xen\u00f3fobo ou ofensivo, apologia ao terrorismo ou, em geral, conte\u00fado contr\u00e1rio \u00e0 lei ou \u00e0 ordem p\u00fablica.<\/p>\n\n\n\n<p>Introduzir na rede malware ou realizar a\u00e7\u00f5es como alterar, danificar, interromper ou gerar erros ou danos nos documentos eletr\u00f4nicos, dados ou sistemas f\u00edsicos e l\u00f3gicos da Team2Go ou de terceiros; bem como dificultar o acesso de outros usu\u00e1rios ao site e aos seus servi\u00e7os atrav\u00e9s do consumo massivo de recursos inform\u00e1ticos atrav\u00e9s dos quais a Team2Go presta seus servi\u00e7os.<\/p>\n\n\n\n<p>Tentar acessar as contas de e-mail de outros usu\u00e1rios ou \u00e1reas restritas dos sistemas de computador da Team2Go ou de terceiros e\/ ou extrair informa\u00e7\u00f5es.<\/p>\n\n\n\n<p>\u00a0Infringir direitos de propriedade intelectual ou industrial, bem como violar a confidencialidade das informa\u00e7\u00f5es da Team2Go ou de terceiros.<\/p>\n\n\n\n<div class=\"wp-block-uagb-advanced-heading uagb-block-2050a55f\"><h3 class=\"uagb-heading-text\">Suplantar a identidade de qualquer outro usu\u00e1rio.<\/h3><\/div>\n\n\n\n<p>\u00a0Reproduzir, copiar, distribuir, tornar dispon\u00edvel ou qualquer outra forma de comunica\u00e7\u00e3o p\u00fablica, transformar ou modificar o conte\u00fado, a menos que autorizado pelo propriet\u00e1rio dos direitos correspondentes ou que seja legalmente permitido.<\/p>\n\n\n\n<p>Coletar dados para fins de publicidade e enviar publicidade de qualquer tipo e comunica\u00e7\u00f5es para vendas ou outros fins comerciais sem solicita\u00e7\u00e3o ou consentimento pr\u00e9vio.<\/p>\n\n\n\n<div class=\"wp-block-uagb-advanced-heading uagb-block-377d93a1\"><h3 class=\"uagb-heading-text\">Conte\u00fado e Propriedade Intelectual e Industrial<\/h3><\/div>\n\n\n\n<p>Os sinais distintivos, as marcas registadas, os nomes comerciais, a estrutura, o design e a forma de apresenta\u00e7\u00e3o dos elementos dispon\u00edveis oferecidos neste website s\u00e3o de propriedade da Team2Go ou de quem est\u00e1 autorizado a utiliz\u00e1-los e est\u00e3o actualizados. A Team2Go se reserva o direito de modificar o conte\u00fado do site a qualquer momento.<\/p>\n\n\n\n<p>A publica\u00e7\u00e3o dos elementos acima mencionados em outros sites ou em outros meios digitais ou escritos requer o consentimento expresso do propriet\u00e1rio do site e, em qualquer caso, deve fazer refer\u00eancia expl\u00edcita \u00e0 propriedade dos direitos de propriedade intelectual acima mencionados da Team2Go. N\u00e3o \u00e9 permitido o uso de sinais distintivos (marcas registadas, nomes comerciais), a menos que expressamente autorizado pelos leg\u00edtimos propriet\u00e1rios.<\/p>\n\n\n\n<p>A menos que expressamente autorizado pela Team2Go, n\u00e3o s\u00e3o permitidos links para &#8220;p\u00e1ginas finais&#8221;, &#8220;framing&#8221; e qualquer outra manipula\u00e7\u00e3o semelhante. Os links devem ser sempre para a p\u00e1gina inicial do site.<\/p>\n\n\n\n<div class=\"wp-block-uagb-advanced-heading uagb-block-524b2a82\"><h3 class=\"uagb-heading-text\">Uso de hiperlinks<\/h3><\/div>\n\n\n\n<p>Os Usu\u00e1rios que desejarem criar links para este site a partir de seus pr\u00f3prios sites dever\u00e3o cumprir as condi\u00e7\u00f5es detalhadas abaixo. O desconhecimento dessas condi\u00e7\u00f5es n\u00e3o impedir\u00e1 as responsabilidades decorrentes da Lei.<\/p>\n\n\n\n<p>O link somente levar\u00e1 \u00e0 p\u00e1gina inicial do site, mas n\u00e3o poder\u00e1 reproduzi-la de forma alguma (links on-line, c\u00f3pia de textos, gr\u00e1ficos, etc.). Em qualquer caso, ser\u00e1 proibido, de acordo com a legisla\u00e7\u00e3o aplic\u00e1vel em vigor a todo momento, estabelecer molduras de qualquer tipo que envolvam o site ou permitam que o conte\u00fado seja visualizado por meio de endere\u00e7os da Internet diferentes dos do site e, em qualquer caso, quando forem exibidos junto com o conte\u00fado fora do site de tal forma que:<\/p>\n\n\n\n<ul class=\"wp-block-list\">\n<li>Produza, ou possa produzir, erro, confus\u00e3o ou engano nos usu\u00e1rios quanto \u00e0 verdadeira origem do servi\u00e7o ou do Conte\u00fado;<\/li>\n\n\n\n<li>Suponha um ato de compara\u00e7\u00e3o ou imita\u00e7\u00e3o injusta;<\/li>\n\n\n\n<li>Sirva para aproveitar a reputa\u00e7\u00e3o da marca e o prest\u00edgio da Team2Go;<\/li>\n\n\n\n<li>De qualquer outra forma que seja proibida pela legisla\u00e7\u00e3o em vigor.<\/li>\n<\/ul>\n\n\n\n<p>Nenhuma declara\u00e7\u00e3o falsa, imprecisa ou incorreta sobre a Team2Go, sua ger\u00eancia, funcion\u00e1rios, clientes ou sobre a qualidade dos servi\u00e7os que ela fornece dever\u00e1 ser feita a partir da p\u00e1gina que introduz o link.<\/p>\n\n\n\n<p>Em nenhuma circunst\u00e2ncia ser\u00e1 expresso na p\u00e1gina onde o link est\u00e1 localizado que a Team2Go deu seu consentimento para a inser\u00e7\u00e3o do link ou que de outra forma patrocina, colabora, verifica ou supervisiona os servi\u00e7os do remetente.<\/p>\n\n\n\n<p>O uso de qualquer palavra, gr\u00e1fico ou marca mista ou qualquer outro sinal distintivo da Team2Go dentro da p\u00e1gina do remetente \u00e9 proibido, exceto nos casos permitidos por lei ou expressamente autorizados pela Team2Go e desde que, nesses casos, seja permitido um link direto para o site na forma estabelecida nesta cl\u00e1usula.<\/p>\n\n\n\n<p>A p\u00e1gina que estabelece o link deve cumprir fielmente a lei e n\u00e3o pode, em nenhuma circunst\u00e2ncia, fornecer ou vincular seu pr\u00f3prio conte\u00fado ou o de terceiros que:<\/p>\n\n\n\n<ul class=\"wp-block-list\">\n<li>Sejam ilegais, prejudiciais ou contr\u00e1rios \u00e0 moral e aos bons costumes (pornogr\u00e1ficos, violentos, racistas, etc.);<\/li>\n\n\n\n<li>Induzir ou poder induzir no Usu\u00e1rio a falsa concep\u00e7\u00e3o de que a Team2Go subscreve, endossa, adere ou de qualquer forma apoia as ideias, declara\u00e7\u00f5es ou express\u00f5es, legais ou ilegais, do remetente;<\/li>\n\n\n\n<li>Sejam inadequados ou n\u00e3o pertinentes \u00e0 atividade da Team2Go, tendo em vista o lugar, o conte\u00fado e o tema da p\u00e1gina web do remetente. Da mesma forma, o Usu\u00e1rio se abster\u00e1 de incluir na p\u00e1gina web qualquer hiperlink (doravante, &#8220;link&#8221;) direcionado a uma p\u00e1gina web que contenha informa\u00e7\u00f5es ou conte\u00fados il\u00edcitos, contr\u00e1rios \u00e0 moral e aos bons costumes geralmente aceitos, e \u00e0 ordem p\u00fablica.<\/li>\n<\/ul>\n\n\n\n<div class=\"wp-block-uagb-advanced-heading uagb-block-a6517aeb\"><h3 class=\"uagb-heading-text\">Limita\u00e7\u00e3o de Responsabilidade. Legisla\u00e7\u00e3o e Jurisdi\u00e7\u00e3o<\/h3><\/div>\n\n\n\n<p>O conte\u00fado deste site serve como uma exposi\u00e7\u00e3o dos produtos oferecidos, o que n\u00e3o garante plenamente o acesso a todos os conte\u00fados, nem sua integridade, corre\u00e7\u00e3o, validade ou atualidade, nem sua adequa\u00e7\u00e3o ou utilidade para sua finalidade espec\u00edfica. No entanto, a Team2Go se compromete a realizar todas aquelas tarefas destinadas a corrigir erros, restabelecer a comunica\u00e7\u00e3o e actualizar os conte\u00fados, desde que n\u00e3o existam causas que impossibilitem ou dificultem sua execu\u00e7\u00e3o, e t\u00e3o logo tenha conhecimento dos erros, desconex\u00f5es ou falta de actualiza\u00e7\u00e3o nos conte\u00fados.<\/p>\n\n\n\n<p>A Team2Go exclui e limita sua responsabilidade, sempre dentro dos limites permitidos por lei, qualquer responsabilidade por danos de qualquer natureza decorrentes de:<\/p>\n\n\n\n<ul class=\"wp-block-list\">\n<li>Danos causados pelo uso indevido que o Usu\u00e1rio possa fazer de seu site.<\/li>\n\n\n\n<li>\u00a0Interrup\u00e7\u00f5es de servi\u00e7o causadas por falhas na rede el\u00e9trica, na rede de conex\u00e3o de dados, no servidor ou em qualquer outra rede de conex\u00e3o, no servidor ou em qualquer um dos servi\u00e7os, al\u00e9m de falhas causadas por malware ou outros elementos que possam existir e causar danos aos sistemas de computador causar danos aos sistemas de inform\u00e1tica, aos documentos eletr\u00f4nicos ou aos arquivos dos Usu\u00e1rios do seu site ou de sites de terceiros.<\/li>\n\n\n\n<li>As a\u00e7\u00f5es de terceiros que violam direitos de propriedade intelectual e industrial, segredos comerciais, direitos \u00e0 honra, \u00e0 privacidade pessoal e familiar e \u00e0 pr\u00f3pria imagem, bem como as regulamenta\u00e7\u00f5es sobre concorr\u00eancia desleal e publicidade ilegal.<\/li>\n\n\n\n<li>A impossibilidade de acessar o site ou a falta de veracidade, exatid\u00e3o, integridade e\/ou atualidade do conte\u00fado, bem como a exist\u00eancia de v\u00edcios e defeitos de qualquer natureza no conte\u00fado transmitido, difundido, armazenado, disponibilizado, acessado por meio do site ou dos servi\u00e7os oferecidos.<\/li>\n\n\n\n<li>O n\u00e3o cumprimento da lei, da boa-f\u00e9, da ordem p\u00fablica, dos usos do tr\u00e1fego e deste aviso legal como resultado do uso incorreto do site.<\/li>\n\n\n\n<li>Qualquer responsabilidade por informa\u00e7\u00f5es fora deste site que n\u00e3o sejam gerenciadas diretamente pelo nosso webmaster.<\/li>\n<\/ul>\n\n\n\n<p>A Team2Go investe constantemente em meios tecnol\u00f3gicos que tentam minimizar o risco de v\u00edrus e softwares similares e conte\u00fados n\u00e3o autorizados em seus sistemas de informa\u00e7\u00e3o. N\u00e3o obstante, o Usu\u00e1rio est\u00e1 ciente de que deve tomar suas pr\u00f3prias medidas para minimizar os danos causados por softwares n\u00e3o autorizados, v\u00edrus, cavalo de Troia e qualquer tipo de software considerado malware.<\/p>\n\n\n\n<p>Caso qualquer Usu\u00e1rio ou terceiro considere que existem fatos ou circunst\u00e2ncias que revelem o car\u00e1ter il\u00edcito do uso de qualquer conte\u00fado e\/ou a realiza\u00e7\u00e3o de qualquer atividade nas p\u00e1ginas web inclu\u00eddas ou acess\u00edveis atrav\u00e9s do site, dever\u00e1 enviar uma notifica\u00e7\u00e3o \u00e0 Team2Go com a devida identifica\u00e7\u00e3o e especifica\u00e7\u00e3o das supostas infra\u00e7\u00f5es.<\/p>\n\n\n\n<p>Estas condi\u00e7\u00f5es de uso s\u00e3o regidas pelas leis da Espanha, e os Tribunais da Espanha ter\u00e3o jurisdi\u00e7\u00e3o para ouvir quaisquer quest\u00f5es que possam surgir em rela\u00e7\u00e3o \u00e0 interpreta\u00e7\u00e3o, aplica\u00e7\u00e3o e conformidade com estas condi\u00e7\u00f5es de uso.<\/p>\n\n\n\n<p>Os usu\u00e1rios, em virtude de sua aceita\u00e7\u00e3o das condi\u00e7\u00f5es gerais contidas neste aviso legal, renunciam expressamente a qualquer outra jurisdi\u00e7\u00e3o a que poderiam ter direito.<\/p>\n\n\n\n<p>\u00a0\u00daltima actualiza\u00e7\u00e3o: junho de 2024.<\/p>\n","protected":false},"excerpt":{"rendered":"<p>Aviso legal Este site foi criado pela TEAM2GO TALENT MANAGEMENT SOLUTIONS, S.L. (doravante, Team2Go), com fins informativos para o uso pessoal e gratuito de seus usu\u00e1rios. Este texto legal \u00e9 [&hellip;]<\/p>\n","protected":false},"author":2,"featured_media":0,"parent":0,"menu_order":0,"comment_status":"closed","ping_status":"closed","template":"","meta":{"inline_featured_image":false,"_uag_custom_page_level_css":"","footnotes":""},"class_list":["post-8814","page","type-page","status-publish","hentry"],"yoast_head":"<!-- This site is optimized with the Yoast SEO plugin v27.4 - https:\/\/yoast.com\/product\/yoast-seo-wordpress\/ -->\n<title>Aviso legal - Team2go<\/title>\n<meta name=\"robots\" content=\"noindex, nofollow\" \/>\n<meta property=\"og:locale\" content=\"pt_PT\" \/>\n<meta property=\"og:type\" content=\"article\" \/>\n<meta property=\"og:title\" content=\"Aviso legal - Team2go\" \/>\n<meta property=\"og:description\" content=\"Aviso legal Este site foi criado pela TEAM2GO TALENT MANAGEMENT SOLUTIONS, S.L. (doravante, Team2Go), com fins informativos para o uso pessoal e gratuito de seus usu\u00e1rios. Este texto legal \u00e9 [&hellip;]\" \/>\n<meta property=\"og:url\" content=\"https:\/\/team2go.es\/pt\/aviso-legal\/\" \/>\n<meta property=\"og:site_name\" content=\"Team2go\" \/>\n<meta property=\"article:publisher\" content=\"https:\/\/www.facebook.com\/Team2go-1797808423856946\/\" \/>\n<meta property=\"article:modified_time\" content=\"2024-09-17T06:37:50+00:00\" \/>\n<meta property=\"og:image\" content=\"https:\/\/team2go.es\/wp-content\/uploads\/2022\/02\/logo-team2go.png\" \/>\n\t<meta property=\"og:image:width\" content=\"200\" \/>\n\t<meta property=\"og:image:height\" content=\"200\" \/>\n\t<meta property=\"og:image:type\" content=\"image\/png\" \/>\n<meta name=\"twitter:card\" content=\"summary_large_image\" \/>\n<meta name=\"twitter:site\" content=\"@MYTEAM2GO\" \/>\n<meta name=\"twitter:label1\" content=\"Tempo estimado de leitura\" \/>\n\t<meta name=\"twitter:data1\" content=\"8 minutos\" \/>\n<script type=\"application\/ld+json\" class=\"yoast-schema-graph\">{\"@context\":\"https:\\\/\\\/schema.org\",\"@graph\":[{\"@type\":\"WebPage\",\"@id\":\"https:\\\/\\\/team2go.es\\\/pt\\\/aviso-legal\\\/\",\"url\":\"https:\\\/\\\/team2go.es\\\/pt\\\/aviso-legal\\\/\",\"name\":\"Aviso legal - Team2go\",\"isPartOf\":{\"@id\":\"https:\\\/\\\/team2go.es\\\/pt\\\/#website\"},\"datePublished\":\"2019-03-12T07:27:52+00:00\",\"dateModified\":\"2024-09-17T06:37:50+00:00\",\"breadcrumb\":{\"@id\":\"https:\\\/\\\/team2go.es\\\/pt\\\/aviso-legal\\\/#breadcrumb\"},\"inLanguage\":\"pt-PT\",\"potentialAction\":[{\"@type\":\"ReadAction\",\"target\":[\"https:\\\/\\\/team2go.es\\\/pt\\\/aviso-legal\\\/\"]}]},{\"@type\":\"BreadcrumbList\",\"@id\":\"https:\\\/\\\/team2go.es\\\/pt\\\/aviso-legal\\\/#breadcrumb\",\"itemListElement\":[{\"@type\":\"ListItem\",\"position\":1,\"name\":\"Portada\",\"item\":\"https:\\\/\\\/team2go.es\\\/pt\\\/\"},{\"@type\":\"ListItem\",\"position\":2,\"name\":\"Aviso legal\"}]},{\"@type\":\"WebSite\",\"@id\":\"https:\\\/\\\/team2go.es\\\/pt\\\/#website\",\"url\":\"https:\\\/\\\/team2go.es\\\/pt\\\/\",\"name\":\"Team2go\",\"description\":\"Software de Recursos Humanos\",\"potentialAction\":[{\"@type\":\"SearchAction\",\"target\":{\"@type\":\"EntryPoint\",\"urlTemplate\":\"https:\\\/\\\/team2go.es\\\/pt\\\/?s={search_term_string}\"},\"query-input\":{\"@type\":\"PropertyValueSpecification\",\"valueRequired\":true,\"valueName\":\"search_term_string\"}}],\"inLanguage\":\"pt-PT\"}]}<\/script>\n<!-- \/ Yoast SEO plugin. -->","yoast_head_json":{"title":"Aviso legal - Team2go","robots":{"index":"noindex","follow":"nofollow"},"og_locale":"pt_PT","og_type":"article","og_title":"Aviso legal - Team2go","og_description":"Aviso legal Este site foi criado pela TEAM2GO TALENT MANAGEMENT SOLUTIONS, S.L. (doravante, Team2Go), com fins informativos para o uso pessoal e gratuito de seus usu\u00e1rios. Este texto legal \u00e9 [&hellip;]","og_url":"https:\/\/team2go.es\/pt\/aviso-legal\/","og_site_name":"Team2go","article_publisher":"https:\/\/www.facebook.com\/Team2go-1797808423856946\/","article_modified_time":"2024-09-17T06:37:50+00:00","og_image":[{"width":200,"height":200,"url":"https:\/\/team2go.es\/wp-content\/uploads\/2022\/02\/logo-team2go.png","type":"image\/png"}],"twitter_card":"summary_large_image","twitter_site":"@MYTEAM2GO","twitter_misc":{"Tempo estimado de leitura":"8 minutos"},"schema":{"@context":"https:\/\/schema.org","@graph":[{"@type":"WebPage","@id":"https:\/\/team2go.es\/pt\/aviso-legal\/","url":"https:\/\/team2go.es\/pt\/aviso-legal\/","name":"Aviso legal - Team2go","isPartOf":{"@id":"https:\/\/team2go.es\/pt\/#website"},"datePublished":"2019-03-12T07:27:52+00:00","dateModified":"2024-09-17T06:37:50+00:00","breadcrumb":{"@id":"https:\/\/team2go.es\/pt\/aviso-legal\/#breadcrumb"},"inLanguage":"pt-PT","potentialAction":[{"@type":"ReadAction","target":["https:\/\/team2go.es\/pt\/aviso-legal\/"]}]},{"@type":"BreadcrumbList","@id":"https:\/\/team2go.es\/pt\/aviso-legal\/#breadcrumb","itemListElement":[{"@type":"ListItem","position":1,"name":"Portada","item":"https:\/\/team2go.es\/pt\/"},{"@type":"ListItem","position":2,"name":"Aviso legal"}]},{"@type":"WebSite","@id":"https:\/\/team2go.es\/pt\/#website","url":"https:\/\/team2go.es\/pt\/","name":"Team2go","description":"Software de Recursos Humanos","potentialAction":[{"@type":"SearchAction","target":{"@type":"EntryPoint","urlTemplate":"https:\/\/team2go.es\/pt\/?s={search_term_string}"},"query-input":{"@type":"PropertyValueSpecification","valueRequired":true,"valueName":"search_term_string"}}],"inLanguage":"pt-PT"}]}},"uagb_featured_image_src":{"full":false,"thumbnail":false,"medium":false,"medium_large":false,"large":false,"1536x1536":false,"2048x2048":false,"image-size-150x150":false,"image-size-550x550":false,"image-size-550x550-@2x":false,"photo-album-thumbnail-small":false,"photo-album-thumbnail-square":false,"employees-large":false,"employees-small":false,"blog-magazine-thumbnail":false,"blog-magazine-thumbnail-@2x":false,"woocommerce-recent-carousel":false,"blog-carousel":false,"blog-carousel-@2x":false,"blog-showcase":false,"blog-showcase-@2x":false,"portfolio-x_x":false,"portfolio-two_x_x":false,"portfolio-four_x_x":false,"portfolio-x_two_x":false,"portfolio-two_x_two_x":false,"portfolio-three_x_two_x":false,"portfolio-three_x_x":false,"portfolio-four_x_two_x":false,"portfolio-x_x-@2x":false,"portfolio-two_x_x-@2x":false,"portfolio-four_x_x-@2x":false,"portfolio-x_two_x-@2x":false,"portfolio-two_x_two_x-@2x":false,"portfolio-three_x_x-@2x":false,"portfolio-three_x_two_x-@2x":false,"portfolio-four_x_two_x-@2x":false,"portfolio-four_x_x-@mobile":false,"portfolio-three_x_x-@mobile":false,"portfolio-three_x_two_x-@mobile":false,"portfolio-four_x_two_x-@mobile":false,"landscape-desktop":false,"landscape-tablet":false,"landscape-mobile":false,"portrait-desktop":false,"portrait-tablet":false,"portrait-mobile":false,"bdpp-medium":false},"uagb_author_info":{"display_name":"Team2Go","author_link":"https:\/\/team2go.es\/pt\/author\/businessgo_2019\/"},"uagb_comment_info":0,"uagb_excerpt":"Aviso legal Este site foi criado pela TEAM2GO TALENT MANAGEMENT SOLUTIONS, S.L. (doravante, Team2Go), com fins informativos para o uso pessoal e gratuito de seus usu\u00e1rios. Este texto legal \u00e9 [&hellip;]","_links":{"self":[{"href":"https:\/\/team2go.es\/pt\/wp-json\/wp\/v2\/pages\/8814","targetHints":{"allow":["GET"]}}],"collection":[{"href":"https:\/\/team2go.es\/pt\/wp-json\/wp\/v2\/pages"}],"about":[{"href":"https:\/\/team2go.es\/pt\/wp-json\/wp\/v2\/types\/page"}],"author":[{"embeddable":true,"href":"https:\/\/team2go.es\/pt\/wp-json\/wp\/v2\/users\/2"}],"replies":[{"embeddable":true,"href":"https:\/\/team2go.es\/pt\/wp-json\/wp\/v2\/comments?post=8814"}],"version-history":[{"count":0,"href":"https:\/\/team2go.es\/pt\/wp-json\/wp\/v2\/pages\/8814\/revisions"}],"wp:attachment":[{"href":"https:\/\/team2go.es\/pt\/wp-json\/wp\/v2\/media?parent=8814"}],"curies":[{"name":"wp","href":"https:\/\/api.w.org\/{rel}","templated":true}]}}