{"id":8555,"date":"2023-11-08T15:55:11","date_gmt":"2023-11-08T13:55:11","guid":{"rendered":"https:\/\/team2go.es\/?page_id=8555"},"modified":"2025-09-02T13:04:32","modified_gmt":"2025-09-02T11:04:32","slug":"graccias-eventos","status":"publish","type":"page","link":"https:\/\/team2go.es\/pt\/graccias-eventos\/","title":{"rendered":"Gracias evento"},"content":{"rendered":"\n<div class=\"wp-block-uagb-container uagb-block-24746247 alignfull uagb-is-root-container\"><div class=\"uagb-container-inner-blocks-wrap\">\n<div class=\"wp-block-uagb-advanced-heading uagb-block-5c4c9db2\"><h1 class=\"uagb-heading-text\"><strong>\u00a1GARACIAS POR PARTICIPAR!<\/strong><\/h1><\/div>\n\n\n\n<div class=\"wp-block-uagb-advanced-heading uagb-block-f01e221e\"><p class=\"uagb-heading-text\">Muchas gracias por tu inscripci\u00f3n en nuestro evento. Pronto tendr\u00e1s m\u00e1s noticias. \u00a1Nos vemos el d\u00eda 30!<\/p><\/div>\n\n\n      \n\t\t\t<div class=\"uagb-icon-wrapper uagb-block-2acd8229 icono-flecha     \"\n\t\t\tstyle=\"\" >\n\t\t\t\t\t\t\t\t\t<span class=\"uagb-svg-wrapper\" \n\t\t\t\t\t aria-label=\"chevron-down\"\t\t\t\t\ttabindex=\"0\">\t\t\n\t\t\t\t\t\t\t\t\t\t<svg xmlns=\"https:\/\/www.w3.org\/2000\/svg\" viewBox= \"0 0 448 512\" role=\"graphics-symbol\" aria-hidden=\"false\" aria-label=\"\"><path d=\"M224 416c-8.188 0-16.38-3.125-22.62-9.375l-192-192c-12.5-12.5-12.5-32.75 0-45.25s32.75-12.5 45.25 0L224 338.8l169.4-169.4c12.5-12.5 32.75-12.5 45.25 0s12.5 32.75 0 45.25l-192 192C240.4 412.9 232.2 416 224 416z\"><\/path><\/svg>\n\t\t\t\t\t\t\t\t\t<\/span>\n\t\t\t\t\t\t\t<\/div>\n\t\t\t<\/div><\/div>\n\n\n\n<div class=\"wp-block-uagb-container uagb-block-9097dc34 alignfull uagb-is-root-container\"><div class=\"uagb-container-inner-blocks-wrap\">\n<div class=\"wp-block-uagb-advanced-heading uagb-block-be2e42c1\"><h2 class=\"uagb-heading-text\">\u00daltimas noticias<\/h2><\/div>\n\n\n\n\t\t\t<div class=\"wp-block-uagb-post-grid uagb-post-grid  uagb-post__image-position-top uagb-post__image-enabled uagb-block-0f2a0b43     uagb-post__items uagb-post__columns-3 is-grid uagb-post__columns-tablet-2 uagb-post__columns-mobile-1 uagb-post__equal-height\" data-total=\"0\" style=\"\">\n\n\t\t\t\t\t\t\t\t\t<p class=\"uagb-post__no-posts\">\n\t\t\t\t\t\tNo se han encontrado entradas\t\t\t\t\t<\/p>\n\t\t\t\t\t\t\t\t\t\t<div class=\"uagb-post-pagination-wrap\">\n\t\t\t\t\t\t\t\t\t\t\t<\/div>\n\t\t\t\t\t\t\t\t<\/div>\n\t\t\t<\/div><\/div>\n","protected":false},"excerpt":{"rendered":"<p>\u00a1GARACIAS POR PARTICIPAR! Muchas gracias por tu inscripci\u00f3n en nuestro evento. Pronto tendr\u00e1s m\u00e1s noticias. \u00a1Nos vemos el d\u00eda 30! \u00daltimas noticias<\/p>\n","protected":false},"author":2,"featured_media":0,"parent":0,"menu_order":0,"comment_status":"closed","ping_status":"closed","template":"","meta":{"inline_featured_image":false,"_uag_custom_page_level_css":"","footnotes":""},"class_list":["post-8555","page","type-page","status-publish","hentry"],"yoast_head":"<!-- This site is optimized with the Yoast SEO plugin v27.4 - https:\/\/yoast.com\/product\/yoast-seo-wordpress\/ -->\n<title>Gracias evento - Team2go<\/title>\n<meta name=\"robots\" content=\"noindex, nofollow\" \/>\n<meta property=\"og:locale\" content=\"pt_PT\" \/>\n<meta property=\"og:type\" content=\"article\" \/>\n<meta property=\"og:title\" content=\"Gracias evento - Team2go\" \/>\n<meta property=\"og:description\" content=\"\u00a1GARACIAS POR PARTICIPAR! Muchas gracias por tu inscripci\u00f3n en nuestro evento. Pronto tendr\u00e1s m\u00e1s noticias. \u00a1Nos vemos el d\u00eda 30! \u00daltimas noticias\" \/>\n<meta property=\"og:url\" content=\"https:\/\/team2go.es\/pt\/graccias-eventos\/\" \/>\n<meta property=\"og:site_name\" content=\"Team2go\" \/>\n<meta property=\"article:publisher\" content=\"https:\/\/www.facebook.com\/Team2go-1797808423856946\/\" \/>\n<meta property=\"article:modified_time\" content=\"2025-09-02T11:04:32+00:00\" \/>\n<meta property=\"og:image\" content=\"https:\/\/team2go.es\/wp-content\/uploads\/2022\/02\/logo-team2go.png\" \/>\n\t<meta property=\"og:image:width\" content=\"200\" \/>\n\t<meta property=\"og:image:height\" content=\"200\" \/>\n\t<meta property=\"og:image:type\" content=\"image\/png\" \/>\n<meta name=\"twitter:card\" content=\"summary_large_image\" \/>\n<meta name=\"twitter:site\" content=\"@MYTEAM2GO\" \/>\n<meta name=\"twitter:label1\" content=\"Tempo estimado de leitura\" \/>\n\t<meta name=\"twitter:data1\" content=\"1 minuto\" \/>\n<script type=\"application\/ld+json\" class=\"yoast-schema-graph\">{\"@context\":\"https:\\\/\\\/schema.org\",\"@graph\":[{\"@type\":\"WebPage\",\"@id\":\"https:\\\/\\\/team2go.es\\\/pt\\\/graccias-eventos\\\/\",\"url\":\"https:\\\/\\\/team2go.es\\\/pt\\\/graccias-eventos\\\/\",\"name\":\"Gracias evento - Team2go\",\"isPartOf\":{\"@id\":\"https:\\\/\\\/team2go.es\\\/pt\\\/#website\"},\"datePublished\":\"2023-11-08T13:55:11+00:00\",\"dateModified\":\"2025-09-02T11:04:32+00:00\",\"breadcrumb\":{\"@id\":\"https:\\\/\\\/team2go.es\\\/pt\\\/graccias-eventos\\\/#breadcrumb\"},\"inLanguage\":\"pt-PT\",\"potentialAction\":[{\"@type\":\"ReadAction\",\"target\":[\"https:\\\/\\\/team2go.es\\\/pt\\\/graccias-eventos\\\/\"]}]},{\"@type\":\"BreadcrumbList\",\"@id\":\"https:\\\/\\\/team2go.es\\\/pt\\\/graccias-eventos\\\/#breadcrumb\",\"itemListElement\":[{\"@type\":\"ListItem\",\"position\":1,\"name\":\"Portada\",\"item\":\"https:\\\/\\\/team2go.es\\\/pt\\\/\"},{\"@type\":\"ListItem\",\"position\":2,\"name\":\"Gracias evento\"}]},{\"@type\":\"WebSite\",\"@id\":\"https:\\\/\\\/team2go.es\\\/pt\\\/#website\",\"url\":\"https:\\\/\\\/team2go.es\\\/pt\\\/\",\"name\":\"Team2go\",\"description\":\"Software de Recursos Humanos\",\"potentialAction\":[{\"@type\":\"SearchAction\",\"target\":{\"@type\":\"EntryPoint\",\"urlTemplate\":\"https:\\\/\\\/team2go.es\\\/pt\\\/?s={search_term_string}\"},\"query-input\":{\"@type\":\"PropertyValueSpecification\",\"valueRequired\":true,\"valueName\":\"search_term_string\"}}],\"inLanguage\":\"pt-PT\"}]}<\/script>\n<!-- \/ Yoast SEO plugin. -->","yoast_head_json":{"title":"Gracias evento - Team2go","robots":{"index":"noindex","follow":"nofollow"},"og_locale":"pt_PT","og_type":"article","og_title":"Gracias evento - Team2go","og_description":"\u00a1GARACIAS POR PARTICIPAR! Muchas gracias por tu inscripci\u00f3n en nuestro evento. Pronto tendr\u00e1s m\u00e1s noticias. \u00a1Nos vemos el d\u00eda 30! \u00daltimas noticias","og_url":"https:\/\/team2go.es\/pt\/graccias-eventos\/","og_site_name":"Team2go","article_publisher":"https:\/\/www.facebook.com\/Team2go-1797808423856946\/","article_modified_time":"2025-09-02T11:04:32+00:00","og_image":[{"width":200,"height":200,"url":"https:\/\/team2go.es\/wp-content\/uploads\/2022\/02\/logo-team2go.png","type":"image\/png"}],"twitter_card":"summary_large_image","twitter_site":"@MYTEAM2GO","twitter_misc":{"Tempo estimado de leitura":"1 minuto"},"schema":{"@context":"https:\/\/schema.org","@graph":[{"@type":"WebPage","@id":"https:\/\/team2go.es\/pt\/graccias-eventos\/","url":"https:\/\/team2go.es\/pt\/graccias-eventos\/","name":"Gracias evento - Team2go","isPartOf":{"@id":"https:\/\/team2go.es\/pt\/#website"},"datePublished":"2023-11-08T13:55:11+00:00","dateModified":"2025-09-02T11:04:32+00:00","breadcrumb":{"@id":"https:\/\/team2go.es\/pt\/graccias-eventos\/#breadcrumb"},"inLanguage":"pt-PT","potentialAction":[{"@type":"ReadAction","target":["https:\/\/team2go.es\/pt\/graccias-eventos\/"]}]},{"@type":"BreadcrumbList","@id":"https:\/\/team2go.es\/pt\/graccias-eventos\/#breadcrumb","itemListElement":[{"@type":"ListItem","position":1,"name":"Portada","item":"https:\/\/team2go.es\/pt\/"},{"@type":"ListItem","position":2,"name":"Gracias evento"}]},{"@type":"WebSite","@id":"https:\/\/team2go.es\/pt\/#website","url":"https:\/\/team2go.es\/pt\/","name":"Team2go","description":"Software de Recursos Humanos","potentialAction":[{"@type":"SearchAction","target":{"@type":"EntryPoint","urlTemplate":"https:\/\/team2go.es\/pt\/?s={search_term_string}"},"query-input":{"@type":"PropertyValueSpecification","valueRequired":true,"valueName":"search_term_string"}}],"inLanguage":"pt-PT"}]}},"uagb_featured_image_src":{"full":false,"thumbnail":false,"medium":false,"medium_large":false,"large":false,"1536x1536":false,"2048x2048":false,"image-size-150x150":false,"image-size-550x550":false,"image-size-550x550-@2x":false,"photo-album-thumbnail-small":false,"photo-album-thumbnail-square":false,"employees-large":false,"employees-small":false,"blog-magazine-thumbnail":false,"blog-magazine-thumbnail-@2x":false,"woocommerce-recent-carousel":false,"blog-carousel":false,"blog-carousel-@2x":false,"blog-showcase":false,"blog-showcase-@2x":false,"portfolio-x_x":false,"portfolio-two_x_x":false,"portfolio-four_x_x":false,"portfolio-x_two_x":false,"portfolio-two_x_two_x":false,"portfolio-three_x_two_x":false,"portfolio-three_x_x":false,"portfolio-four_x_two_x":false,"portfolio-x_x-@2x":false,"portfolio-two_x_x-@2x":false,"portfolio-four_x_x-@2x":false,"portfolio-x_two_x-@2x":false,"portfolio-two_x_two_x-@2x":false,"portfolio-three_x_x-@2x":false,"portfolio-three_x_two_x-@2x":false,"portfolio-four_x_two_x-@2x":false,"portfolio-four_x_x-@mobile":false,"portfolio-three_x_x-@mobile":false,"portfolio-three_x_two_x-@mobile":false,"portfolio-four_x_two_x-@mobile":false,"landscape-desktop":false,"landscape-tablet":false,"landscape-mobile":false,"portrait-desktop":false,"portrait-tablet":false,"portrait-mobile":false,"bdpp-medium":false},"uagb_author_info":{"display_name":"Team2Go","author_link":"https:\/\/team2go.es\/pt\/author\/businessgo_2019\/"},"uagb_comment_info":0,"uagb_excerpt":"\u00a1GARACIAS POR PARTICIPAR! Muchas gracias por tu inscripci\u00f3n en nuestro evento. Pronto tendr\u00e1s m\u00e1s noticias. \u00a1Nos vemos el d\u00eda 30! \u00daltimas noticias","_links":{"self":[{"href":"https:\/\/team2go.es\/pt\/wp-json\/wp\/v2\/pages\/8555","targetHints":{"allow":["GET"]}}],"collection":[{"href":"https:\/\/team2go.es\/pt\/wp-json\/wp\/v2\/pages"}],"about":[{"href":"https:\/\/team2go.es\/pt\/wp-json\/wp\/v2\/types\/page"}],"author":[{"embeddable":true,"href":"https:\/\/team2go.es\/pt\/wp-json\/wp\/v2\/users\/2"}],"replies":[{"embeddable":true,"href":"https:\/\/team2go.es\/pt\/wp-json\/wp\/v2\/comments?post=8555"}],"version-history":[{"count":0,"href":"https:\/\/team2go.es\/pt\/wp-json\/wp\/v2\/pages\/8555\/revisions"}],"wp:attachment":[{"href":"https:\/\/team2go.es\/pt\/wp-json\/wp\/v2\/media?parent=8555"}],"curies":[{"name":"wp","href":"https:\/\/api.w.org\/{rel}","templated":true}]}}