{"id":8499,"date":"2019-09-13T10:27:19","date_gmt":"2019-09-13T08:27:19","guid":{"rendered":"https:\/\/team2go.es\/tour-do-produto\/"},"modified":"2025-09-02T13:37:21","modified_gmt":"2025-09-02T11:37:21","slug":"tour-do-produto","status":"publish","type":"page","link":"https:\/\/team2go.es\/pt\/tour-do-produto\/","title":{"rendered":"Tour do produto"},"content":{"rendered":"<div class=\"wpb-content-wrapper\">\r\n<div class=\"wp-block-uagb-container uagb-block-49d53b99 alignfull uagb-is-root-container\">\r\n<div class=\"uagb-container-inner-blocks-wrap\">\r\n<div class=\"wp-block-spacer\" style=\"height: 58px;\" aria-hidden=\"true\">\u00a0<\/div>\r\n\r\n\r\n\r\n<div class=\"wp-block-uagb-advanced-heading uagb-block-8120c754\">\r\n<h1 class=\"uagb-heading-text\">Software de gerenciamento de pessoal: Tour pelo produto<\/h1>\r\n<\/div>\r\n<\/div>\r\n<\/div>\r\n\r\n\r\n[vc_row fullwidth=&#8221;true&#8221; attached=&#8221;true&#8221; column_padding=&#8221;3&#8243; css=&#8221;.vc_custom_1623839386036{margin-top: 0px !important;padding-top: 0px !important;background-color: #f6f6f9 !important;}&#8221;][vc_column][vc_row_inner is_fullwidth_content=&#8221;false&#8221;][vc_column_inner][vc_column_text css=&#8221;.vc_custom_1645092892661{margin-bottom: 0px !important;}&#8221;]Voc\u00ea realmente precisa de um software de gerenciamento de pessoal? Tenho certeza de que voc\u00ea j\u00e1 se fez essa pergunta muitas vezes. Quando descobrir todos os recursos e elementos do Team2Go, voc\u00ea identificar\u00e1 suas necessidades e ter\u00e1 a resposta para sua pergunta. Sabemos como s\u00e3o as empresas e o que elas precisam fazer para seguir em frente. Vamos continuar? Bem, agora vamos lhe contar em que consiste nossa solu\u00e7\u00e3o para a <strong>gest\u00e3o eficaz e inteligente<\/strong> de Recursos Humanos.[\/vc_column_text][vc_raw_html]PGlmcmFtZSBzcmM9Imh0dHBzOi8vd3d3LnlvdXR1YmUuY29tL2VtYmVkL05vZU13a25WUUp3P3JlbD0wJmFtcDtzaG93aW5mbz0wJmFtcDtjb250cm9scz0wIiB3aWR0aD0iMTAwJSIgaGVpZ2h0PSI0NTAiIGZyYW1lYm9yZGVyPSIwIiBhbGxvd2Z1bGxzY3JlZW49ImFsbG93ZnVsbHNjcmVlbiI+PC9pZnJhbWU+[\/vc_raw_html][vc_wp_custommenu nav_menu=&#8221;35&#8243;][\/vc_column_inner][\/vc_row_inner][vc_row_inner attached=&#8221;true&#8221; is_fullwidth_content=&#8221;false&#8221; column_padding=&#8221;5&#8243; css=&#8221;.vc_custom_1623839369267{margin-top: 0px !important;padding-top: 80px !important;}&#8221; el_id=&#8221;portalempleado&#8221;][vc_column_inner][vc_column_text css=&#8221;.vc_custom_1645094340664{margin-bottom: 0px !important;}&#8221;]\n<h2>Ponto de encontro<\/h2>\n<p>\u00a0[\/vc_column_text][vc_column_text css=&#8221;.vc_custom_1645094329581{margin-bottom: 0px !important;}&#8221;]O portal do empregado \u00e9 o canal de comunica\u00e7\u00e3o entre a empresa e seus empregados. Ele nos permite automatizar e digitalizar processos internos, como solicita\u00e7\u00f5es de f\u00e9rias e licen\u00e7as, recursos e planilhas de despesas, controlo de presen\u00e7a e envio de notifica\u00e7\u00f5es e comunica\u00e7\u00f5es.[\/vc_column_text][\/vc_column_inner][\/vc_row_inner][vc_row_inner attached=&#8221;true&#8221; is_fullwidth_content=&#8221;false&#8221; column_padding=&#8221;5&#8243; css=&#8221;.vc_custom_1623839359851{margin-top: 0px !important;padding-top: 0px !important;}&#8221; el_id=&#8221;eorganizativa&#8221;][vc_column_inner][vc_column_text css=&#8221;.vc_custom_1645094315519{margin-bottom: 0px !important;}&#8221;]\n<h2>Organiza\u00e7\u00e3o detalhada<\/h2>\n<p>\u00a0[\/vc_column_text][vc_column_text css=&#8221;.vc_custom_1645094350744{margin-bottom: 0px !important;}&#8221;]A estrutura organizacional \u00e9 a alma da empresa. Ela n\u00e3o apenas define o organograma, mas tamb\u00e9m aproxima todos do nome e da categoria profissional de cada membro, ao digitalizar as descri\u00e7\u00f5es de cargos e favorecer o trabalho em conjunto entre os departamentos.[\/vc_column_text][\/vc_column_inner][\/vc_row_inner][vc_row_inner attached=&#8221;true&#8221; is_fullwidth_content=&#8221;false&#8221; column_padding=&#8221;5&#8243; css=&#8221;.vc_custom_1623839353790{margin-top: 0px !important;padding-top: 0px !important;}&#8221; el_id=&#8221;gtalento&#8221;][vc_column_inner][vc_column_text css=&#8221;.vc_custom_1645093012764{margin-bottom: 0px !important;}&#8221;]\n<h2>Gest\u00e3o do Talento<\/h2>\n<p>\u00a0[\/vc_column_text][vc_column_text css=&#8221;.vc_custom_1645094362562{margin-bottom: 0px !important;}&#8221;]Me\u00e7a o desempenho em sua empresa com avalia\u00e7\u00e3o digital e planos de desenvolvimento. Retenha talentos para ajud\u00e1-lo a alcan\u00e7ar o topo. Gra\u00e7as a essa funcionalidade do nosso software de gerenciamento de pessoal, voc\u00ea tamb\u00e9m incentivar\u00e1 o feedback e saber\u00e1 em primeira m\u00e3o o n\u00edvel de satisfa\u00e7\u00e3o no trabalho para sair na frente na tomada de decis\u00f5es. [\/vc_column_text][\/vc_column_inner][\/vc_row_inner][vc_row_inner attached=&#8221;true&#8221; is_fullwidth_content=&#8221;false&#8221; column_padding=&#8221;5&#8243; css=&#8221;.vc_custom_1623839347008{margin-top: 0px !important;padding-top: 0px !important;}&#8221; el_id=&#8221;erecruitment&#8221;][vc_column_inner][vc_column_text css=&#8221;.vc_custom_1645093043587{margin-bottom: 0px !important;}&#8221;]\n<h2>e-Recruitment<\/h2>\n<p>\u00a0[\/vc_column_text][vc_column_text css=&#8221;.vc_custom_1645094368178{margin-bottom: 0px !important;}&#8221;]Simplifique os processos de sele\u00e7\u00e3o e atraia os melhores candidatos com recursos personalizados, como perguntas de triagem, testes de sele\u00e7\u00e3o, testes e entrevistas ass\u00edncronas em v\u00eddeo. A ferramenta gerenciar\u00e1 as informa\u00e7\u00f5es e validar\u00e1 cada candidato em rela\u00e7\u00e3o \u00e0s vagas em aberto.[\/vc_column_text][\/vc_column_inner][\/vc_row_inner][vc_row_inner attached=&#8221;true&#8221; is_fullwidth_content=&#8221;false&#8221; column_padding=&#8221;5&#8243; css=&#8221;.vc_custom_1623839341060{margin-top: 0px !important;padding-top: 0px !important;}&#8221; el_id=&#8221;fdesarrollo&#8221;][vc_column_inner][vc_column_text css=&#8221;.vc_custom_1645093076681{margin-bottom: 0px !important;}&#8221;]\n<h2>Crescimento profissional<\/h2>\n<p>\u00a0[\/vc_column_text][vc_column_text css=&#8221;.vc_custom_1645094373798{margin-bottom: 0px !important;}&#8221;]Gerencie planos de treinamento e desenvolvimento totalmente a partir da ferramenta. Organize a\u00e7\u00f5es de treinamento internas e externas que podem ser chamadas diretamente no Outlook e monitore os resultados em detalhes.[\/vc_column_text][\/vc_column_inner][\/vc_row_inner][vc_row_inner attached=&#8221;true&#8221; is_fullwidth_content=&#8221;false&#8221; column_padding=&#8221;5&#8243; css=&#8221;.vc_custom_1623839334839{margin-top: 0px !important;padding-top: 0px !important;}&#8221; el_id=&#8221;cbeneficios&#8221;][vc_column_inner][vc_column_text css=&#8221;.vc_custom_1645093105477{margin-bottom: 0px !important;}&#8221;]\n<h2>Compensa\u00e7\u00e3o do esfor\u00e7o<\/h2>\n<p>\u00a0[\/vc_column_text][vc_column_text css=&#8221;.vc_custom_1645094446021{margin-bottom: 0px !important;}&#8221;]Crie estudos de remunera\u00e7\u00e3o ap\u00f3s analisar a igualdade interna e a competitividade externa gra\u00e7as ao Team2Go, nosso software de gerenciamento de pessoal. Ele inclui acordos coletivos, faixas salariais e n\u00edveis salariais para um gerenciamento detalhado.[\/vc_column_text][\/vc_column_inner][\/vc_row_inner][\/vc_column][\/vc_row]\n\r\n\r\n\r\n<div class=\"wp-block-group\"><div class=\"wp-block-group__inner-container is-layout-constrained wp-block-group-is-layout-constrained\">\r\n<div class=\"wp-block-spacer\" style=\"height: 25px;\" aria-hidden=\"true\">\u00a0<\/div>\r\n\r\n\r\n\r\n<div data-aos= \"fade-up\" data-aos-duration=\"400\" data-aos-delay=\"0\" data-aos-easing=\"ease\" data-aos-once=\"true\" class=\"wp-block-uagb-container solicitardemobanner uagb-block-50ac9d4e default uagb-is-root-container\">\r\n<div class=\"wp-block-uagb-container uagb-block-60ed7cbd\">\r\n<figure class=\"wp-block-image size-full\"><img loading=\"lazy\" decoding=\"async\" width=\"367\" height=\"404\" class=\"wp-image-6303\" src=\"https:\/\/team2go.es\/wp-content\/uploads\/2024\/03\/demo.png\" alt=\"\" srcset=\"https:\/\/team2go.es\/wp-content\/uploads\/2024\/03\/demo.png 367w, https:\/\/team2go.es\/wp-content\/uploads\/2024\/03\/demo-273x300.png 273w\" sizes=\"auto, (max-width: 367px) 100vw, 367px\" \/><\/figure>\r\n<\/div>\r\n\r\n\r\n\r\n<div class=\"wp-block-uagb-container uagb-block-f83bc34e\">\r\n<div class=\"wp-block-uagb-container uagb-block-b39f5c0c\">\r\n<div class=\"wp-block-uagb-advanced-heading uagb-block-fcebc6f8\">\r\n<h2 class=\"uagb-heading-text\">Solicite uma DEMO com um expert em RH<\/h2>\r\n<\/div>\r\n<\/div>\r\n\r\n\r\n\r\n<div class=\"wp-block-uagb-container uagb-block-b99a2e83\">\r\n<div class=\"wp-block-uagb-container uagb-block-8ef144ee\">\r\n<p class=\"has-white-color has-text-color has-link-color wp-elements-da2f4617d3dd41d95088cc2b87d6a542\">Descubra como, com o nosso software de recursos humanos, voc\u00ea poder\u00e1 gerenciar todos os seus processos de capital humano em um \u00fanico lugar. A ferramenta \u00aball-inclusive\u00bb que lhe traz benef\u00edcios que tornar\u00e3o seu trabalho di\u00e1rio mais eficiente e produtivo.<\/p>\r\n<\/div>\r\n\r\n\r\n\r\n<div class=\"wp-block-uagb-container uagb-block-82dfdffc\">\r\n<div class=\"wp-block-uagb-buttons uagb-buttons__outer-wrap uagb-btn__default-btn uagb-btn-tablet__default-btn uagb-btn-mobile__default-btn uagb-block-62fcd7c7\">\r\n<div class=\"uagb-buttons__wrap uagb-buttons-layout-wrap\">\r\n<div class=\"wp-block-uagb-buttons-child uagb-buttons__outer-wrap uagb-block-cc08d4e6 wp-block-button\">\r\n<div class=\"uagb-button__wrapper\">\r\n<div class=\"uagb-button__link\">Solicitar demonstra\u00e7\u00e3o<\/div>\r\n<\/div>\r\n<\/div>\r\n<\/div>\r\n<\/div>\r\n<\/div>\r\n<\/div>\r\n<\/div>\r\n<\/div>\r\n\r\n\r\n\r\n<div class=\"wp-block-uagb-container expertos uagb-block-c0e9ad9c alignfull uagb-is-root-container\">\r\n<div class=\"uagb-container-inner-blocks-wrap\">\r\n<p class=\"has-text-align-center link-blue has-text-color has-link-color wp-elements-3c0bbec87afa956f711d525d451dd3c5\" style=\"color: #39a3ce; font-size: 28px; font-style: normal; font-weight: 600; letter-spacing: -1px; text-decoration: none;\"><a href=\"https:\/\/team2go.es\/pt\/reuniao-com-um-especialista\/\">Tamb\u00e9m pode se reunir diretamente com os nossos especialistas<\/a><\/p>\r\n\r\n\r\n <script type=\"text\/javascript\" src=\"\/\/mautic.team2go.es\/form\/generate.js?id=23\"><\/script> <\/div>\r\n<\/div>\r\n<\/div><\/div>\r\n<\/div>","protected":false},"excerpt":{"rendered":"<p>Software de gerenciamento de pessoal: Tour pelo produto Solicite uma DEMO com um expert em RH Descubra como, com o nosso software de recursos humanos, voc\u00ea poder\u00e1 gerenciar todos os [&hellip;]<\/p>\n","protected":false},"author":2,"featured_media":8514,"parent":0,"menu_order":0,"comment_status":"closed","ping_status":"closed","template":"","meta":{"inline_featured_image":false,"_uag_custom_page_level_css":"","footnotes":""},"class_list":["post-8499","page","type-page","status-publish","has-post-thumbnail","hentry"],"yoast_head":"<!-- This site is optimized with the Yoast SEO plugin v27.4 - https:\/\/yoast.com\/product\/yoast-seo-wordpress\/ -->\n<title>Software de gest\u00e3o de pessoal para empresas - Team2Go<\/title>\n<meta name=\"description\" content=\"As caracter\u00edsticas do Team2Go tornam-no o software de gest\u00e3o de pessoal perfeito. M\u00faltiplas funcionalidades de RH.\" \/>\n<meta name=\"robots\" content=\"index, follow, max-snippet:-1, max-image-preview:large, max-video-preview:-1\" \/>\n<link rel=\"canonical\" href=\"https:\/\/team2go.es\/pt\/tour-do-produto\/\" \/>\n<meta property=\"og:locale\" content=\"pt_PT\" \/>\n<meta property=\"og:type\" content=\"article\" \/>\n<meta property=\"og:title\" content=\"Software de gest\u00e3o de pessoal para empresas - Team2Go\" \/>\n<meta property=\"og:description\" content=\"As caracter\u00edsticas do Team2Go tornam-no o software de gest\u00e3o de pessoal perfeito. M\u00faltiplas funcionalidades de RH.\" \/>\n<meta property=\"og:url\" content=\"https:\/\/team2go.es\/pt\/tour-do-produto\/\" \/>\n<meta property=\"og:site_name\" content=\"Team2go\" \/>\n<meta property=\"article:publisher\" content=\"https:\/\/www.facebook.com\/Team2go-1797808423856946\/\" \/>\n<meta property=\"article:modified_time\" content=\"2025-09-02T11:37:21+00:00\" \/>\n<meta property=\"og:image\" content=\"https:\/\/team2go.es\/wp-content\/uploads\/2022\/02\/tour-producto-team2go.png\" \/>\n\t<meta property=\"og:image:width\" content=\"527\" \/>\n\t<meta property=\"og:image:height\" content=\"352\" \/>\n\t<meta property=\"og:image:type\" content=\"image\/png\" \/>\n<meta name=\"twitter:card\" content=\"summary_large_image\" \/>\n<meta name=\"twitter:site\" content=\"@MYTEAM2GO\" \/>\n<meta name=\"twitter:label1\" content=\"Tempo estimado de leitura\" \/>\n\t<meta name=\"twitter:data1\" content=\"3 minutos\" \/>\n<script type=\"application\/ld+json\" class=\"yoast-schema-graph\">{\"@context\":\"https:\\\/\\\/schema.org\",\"@graph\":[{\"@type\":\"WebPage\",\"@id\":\"https:\\\/\\\/team2go.es\\\/pt\\\/tour-do-produto\\\/\",\"url\":\"https:\\\/\\\/team2go.es\\\/pt\\\/tour-do-produto\\\/\",\"name\":\"Software de gest\u00e3o de pessoal para empresas - Team2Go\",\"isPartOf\":{\"@id\":\"https:\\\/\\\/team2go.es\\\/pt\\\/#website\"},\"primaryImageOfPage\":{\"@id\":\"https:\\\/\\\/team2go.es\\\/pt\\\/tour-do-produto\\\/#primaryimage\"},\"image\":{\"@id\":\"https:\\\/\\\/team2go.es\\\/pt\\\/tour-do-produto\\\/#primaryimage\"},\"thumbnailUrl\":\"https:\\\/\\\/team2go.es\\\/wp-content\\\/uploads\\\/2022\\\/02\\\/tour-producto-team2go.png\",\"datePublished\":\"2019-09-13T08:27:19+00:00\",\"dateModified\":\"2025-09-02T11:37:21+00:00\",\"description\":\"As caracter\u00edsticas do Team2Go tornam-no o software de gest\u00e3o de pessoal perfeito. M\u00faltiplas funcionalidades de RH.\",\"breadcrumb\":{\"@id\":\"https:\\\/\\\/team2go.es\\\/pt\\\/tour-do-produto\\\/#breadcrumb\"},\"inLanguage\":\"pt-PT\",\"potentialAction\":[{\"@type\":\"ReadAction\",\"target\":[\"https:\\\/\\\/team2go.es\\\/pt\\\/tour-do-produto\\\/\"]}]},{\"@type\":\"ImageObject\",\"inLanguage\":\"pt-PT\",\"@id\":\"https:\\\/\\\/team2go.es\\\/pt\\\/tour-do-produto\\\/#primaryimage\",\"url\":\"https:\\\/\\\/team2go.es\\\/wp-content\\\/uploads\\\/2022\\\/02\\\/tour-producto-team2go.png\",\"contentUrl\":\"https:\\\/\\\/team2go.es\\\/wp-content\\\/uploads\\\/2022\\\/02\\\/tour-producto-team2go.png\",\"width\":527,\"height\":352},{\"@type\":\"BreadcrumbList\",\"@id\":\"https:\\\/\\\/team2go.es\\\/pt\\\/tour-do-produto\\\/#breadcrumb\",\"itemListElement\":[{\"@type\":\"ListItem\",\"position\":1,\"name\":\"Portada\",\"item\":\"https:\\\/\\\/team2go.es\\\/pt\\\/\"},{\"@type\":\"ListItem\",\"position\":2,\"name\":\"Tour do produto\"}]},{\"@type\":\"WebSite\",\"@id\":\"https:\\\/\\\/team2go.es\\\/pt\\\/#website\",\"url\":\"https:\\\/\\\/team2go.es\\\/pt\\\/\",\"name\":\"Team2go\",\"description\":\"Software de Recursos Humanos\",\"potentialAction\":[{\"@type\":\"SearchAction\",\"target\":{\"@type\":\"EntryPoint\",\"urlTemplate\":\"https:\\\/\\\/team2go.es\\\/pt\\\/?s={search_term_string}\"},\"query-input\":{\"@type\":\"PropertyValueSpecification\",\"valueRequired\":true,\"valueName\":\"search_term_string\"}}],\"inLanguage\":\"pt-PT\"}]}<\/script>\n<!-- \/ Yoast SEO plugin. -->","yoast_head_json":{"title":"Software de gest\u00e3o de pessoal para empresas - Team2Go","description":"As caracter\u00edsticas do Team2Go tornam-no o software de gest\u00e3o de pessoal perfeito. M\u00faltiplas funcionalidades de RH.","robots":{"index":"index","follow":"follow","max-snippet":"max-snippet:-1","max-image-preview":"max-image-preview:large","max-video-preview":"max-video-preview:-1"},"canonical":"https:\/\/team2go.es\/pt\/tour-do-produto\/","og_locale":"pt_PT","og_type":"article","og_title":"Software de gest\u00e3o de pessoal para empresas - Team2Go","og_description":"As caracter\u00edsticas do Team2Go tornam-no o software de gest\u00e3o de pessoal perfeito. M\u00faltiplas funcionalidades de RH.","og_url":"https:\/\/team2go.es\/pt\/tour-do-produto\/","og_site_name":"Team2go","article_publisher":"https:\/\/www.facebook.com\/Team2go-1797808423856946\/","article_modified_time":"2025-09-02T11:37:21+00:00","og_image":[{"width":527,"height":352,"url":"https:\/\/team2go.es\/wp-content\/uploads\/2022\/02\/tour-producto-team2go.png","type":"image\/png"}],"twitter_card":"summary_large_image","twitter_site":"@MYTEAM2GO","twitter_misc":{"Tempo estimado de leitura":"3 minutos"},"schema":{"@context":"https:\/\/schema.org","@graph":[{"@type":"WebPage","@id":"https:\/\/team2go.es\/pt\/tour-do-produto\/","url":"https:\/\/team2go.es\/pt\/tour-do-produto\/","name":"Software de gest\u00e3o de pessoal para empresas - Team2Go","isPartOf":{"@id":"https:\/\/team2go.es\/pt\/#website"},"primaryImageOfPage":{"@id":"https:\/\/team2go.es\/pt\/tour-do-produto\/#primaryimage"},"image":{"@id":"https:\/\/team2go.es\/pt\/tour-do-produto\/#primaryimage"},"thumbnailUrl":"https:\/\/team2go.es\/wp-content\/uploads\/2022\/02\/tour-producto-team2go.png","datePublished":"2019-09-13T08:27:19+00:00","dateModified":"2025-09-02T11:37:21+00:00","description":"As caracter\u00edsticas do Team2Go tornam-no o software de gest\u00e3o de pessoal perfeito. M\u00faltiplas funcionalidades de RH.","breadcrumb":{"@id":"https:\/\/team2go.es\/pt\/tour-do-produto\/#breadcrumb"},"inLanguage":"pt-PT","potentialAction":[{"@type":"ReadAction","target":["https:\/\/team2go.es\/pt\/tour-do-produto\/"]}]},{"@type":"ImageObject","inLanguage":"pt-PT","@id":"https:\/\/team2go.es\/pt\/tour-do-produto\/#primaryimage","url":"https:\/\/team2go.es\/wp-content\/uploads\/2022\/02\/tour-producto-team2go.png","contentUrl":"https:\/\/team2go.es\/wp-content\/uploads\/2022\/02\/tour-producto-team2go.png","width":527,"height":352},{"@type":"BreadcrumbList","@id":"https:\/\/team2go.es\/pt\/tour-do-produto\/#breadcrumb","itemListElement":[{"@type":"ListItem","position":1,"name":"Portada","item":"https:\/\/team2go.es\/pt\/"},{"@type":"ListItem","position":2,"name":"Tour do produto"}]},{"@type":"WebSite","@id":"https:\/\/team2go.es\/pt\/#website","url":"https:\/\/team2go.es\/pt\/","name":"Team2go","description":"Software de Recursos Humanos","potentialAction":[{"@type":"SearchAction","target":{"@type":"EntryPoint","urlTemplate":"https:\/\/team2go.es\/pt\/?s={search_term_string}"},"query-input":{"@type":"PropertyValueSpecification","valueRequired":true,"valueName":"search_term_string"}}],"inLanguage":"pt-PT"}]}},"uagb_featured_image_src":{"full":["https:\/\/team2go.es\/wp-content\/uploads\/2022\/02\/tour-producto-team2go.png",527,352,false],"thumbnail":["https:\/\/team2go.es\/wp-content\/uploads\/2022\/02\/tour-producto-team2go-180x180.png",180,180,true],"medium":["https:\/\/team2go.es\/wp-content\/uploads\/2022\/02\/tour-producto-team2go-300x200.png",300,200,true],"medium_large":["https:\/\/team2go.es\/wp-content\/uploads\/2022\/02\/tour-producto-team2go.png",527,352,false],"large":["https:\/\/team2go.es\/wp-content\/uploads\/2022\/02\/tour-producto-team2go-1030x1030.png",1030,1030,true],"1536x1536":["https:\/\/team2go.es\/wp-content\/uploads\/2022\/02\/tour-producto-team2go-1536x1536.png",1536,1536,true],"2048x2048":["https:\/\/team2go.es\/wp-content\/uploads\/2022\/02\/tour-producto-team2go-2048x2048.png",2048,2048,true],"image-size-150x150":["https:\/\/team2go.es\/wp-content\/uploads\/2022\/02\/tour-producto-team2go-150x150.png",150,150,true],"image-size-550x550":["https:\/\/team2go.es\/wp-content\/uploads\/2022\/02\/tour-producto-team2go-550x550.png",550,550,true],"image-size-550x550-@2x":["https:\/\/team2go.es\/wp-content\/uploads\/2022\/02\/tour-producto-team2go-1100x1100.png",1100,1100,true],"photo-album-thumbnail-small":["https:\/\/team2go.es\/wp-content\/uploads\/2022\/02\/tour-producto-team2go-150x100.png",150,100,true],"photo-album-thumbnail-square":["https:\/\/team2go.es\/wp-content\/uploads\/2022\/02\/tour-producto-team2go-500x352.png",500,352,true],"employees-large":["https:\/\/team2go.es\/wp-content\/uploads\/2022\/02\/tour-producto-team2go-500x352.png",500,352,true],"employees-small":["https:\/\/team2go.es\/wp-content\/uploads\/2022\/02\/tour-producto-team2go-225x225.png",225,225,true],"blog-magazine-thumbnail":["https:\/\/team2go.es\/wp-content\/uploads\/2022\/02\/tour-producto-team2go-200x200.png",200,200,true],"blog-magazine-thumbnail-@2x":["https:\/\/team2go.es\/wp-content\/uploads\/2022\/02\/tour-producto-team2go-400x352.png",400,352,true],"woocommerce-recent-carousel":["https:\/\/team2go.es\/wp-content\/uploads\/2022\/02\/tour-producto-team2go-330x220.png",330,220,true],"blog-carousel":["https:\/\/team2go.es\/wp-content\/uploads\/2022\/02\/tour-producto-team2go-245x180.png",245,180,true],"blog-carousel-@2x":["https:\/\/team2go.es\/wp-content\/uploads\/2022\/02\/tour-producto-team2go-490x352.png",490,352,true],"blog-showcase":["https:\/\/team2go.es\/wp-content\/uploads\/2022\/02\/tour-producto-team2go-260x180.png",260,180,true],"blog-showcase-@2x":["https:\/\/team2go.es\/wp-content\/uploads\/2022\/02\/tour-producto-team2go-520x352.png",520,352,true],"portfolio-x_x":["https:\/\/team2go.es\/wp-content\/uploads\/2022\/02\/tour-producto-team2go-300x300.png",300,300,true],"portfolio-two_x_x":["https:\/\/team2go.es\/wp-content\/uploads\/2022\/02\/tour-producto-team2go-527x300.png",527,300,true],"portfolio-four_x_x":["https:\/\/team2go.es\/wp-content\/uploads\/2022\/02\/tour-producto-team2go-527x300.png",527,300,true],"portfolio-x_two_x":["https:\/\/team2go.es\/wp-content\/uploads\/2022\/02\/tour-producto-team2go-300x352.png",300,352,true],"portfolio-two_x_two_x":["https:\/\/team2go.es\/wp-content\/uploads\/2022\/02\/tour-producto-team2go-600x600.png",600,600,true],"portfolio-three_x_two_x":["https:\/\/team2go.es\/wp-content\/uploads\/2022\/02\/tour-producto-team2go-900x600.png",900,600,true],"portfolio-three_x_x":["https:\/\/team2go.es\/wp-content\/uploads\/2022\/02\/tour-producto-team2go-527x300.png",527,300,true],"portfolio-four_x_two_x":["https:\/\/team2go.es\/wp-content\/uploads\/2022\/02\/tour-producto-team2go-1200x600.png",1200,600,true],"portfolio-x_x-@2x":["https:\/\/team2go.es\/wp-content\/uploads\/2022\/02\/tour-producto-team2go-600x600.png",600,600,true],"portfolio-two_x_x-@2x":["https:\/\/team2go.es\/wp-content\/uploads\/2022\/02\/tour-producto-team2go-1200x600.png",1200,600,true],"portfolio-four_x_x-@2x":["https:\/\/team2go.es\/wp-content\/uploads\/2022\/02\/tour-producto-team2go-2400x600.png",2400,600,true],"portfolio-x_two_x-@2x":["https:\/\/team2go.es\/wp-content\/uploads\/2022\/02\/tour-producto-team2go-600x1240.png",600,1240,true],"portfolio-two_x_two_x-@2x":["https:\/\/team2go.es\/wp-content\/uploads\/2022\/02\/tour-producto-team2go-1200x1200.png",1200,1200,true],"portfolio-three_x_x-@2x":["https:\/\/team2go.es\/wp-content\/uploads\/2022\/02\/tour-producto-team2go-1800x600.png",1800,600,true],"portfolio-three_x_two_x-@2x":["https:\/\/team2go.es\/wp-content\/uploads\/2022\/02\/tour-producto-team2go-1800x1200.png",1800,1200,true],"portfolio-four_x_two_x-@2x":["https:\/\/team2go.es\/wp-content\/uploads\/2022\/02\/tour-producto-team2go-2400x1200.png",2400,1200,true],"portfolio-four_x_x-@mobile":["https:\/\/team2go.es\/wp-content\/uploads\/2022\/02\/tour-producto-team2go-527x184.png",527,184,true],"portfolio-three_x_x-@mobile":["https:\/\/team2go.es\/wp-content\/uploads\/2022\/02\/tour-producto-team2go-527x245.png",527,245,true],"portfolio-three_x_two_x-@mobile":["https:\/\/team2go.es\/wp-content\/uploads\/2022\/02\/tour-producto-team2go-736x490.png",736,490,true],"portfolio-four_x_two_x-@mobile":["https:\/\/team2go.es\/wp-content\/uploads\/2022\/02\/tour-producto-team2go-736x368.png",736,368,true],"landscape-desktop":["https:\/\/team2go.es\/wp-content\/uploads\/2022\/02\/tour-producto-team2go-1920x1280.png",1920,1280,true],"landscape-tablet":["https:\/\/team2go.es\/wp-content\/uploads\/2022\/02\/tour-producto-team2go-1024x768.png",1024,768,true],"landscape-mobile":["https:\/\/team2go.es\/wp-content\/uploads\/2022\/02\/tour-producto-team2go-736x414.png",736,414,true],"portrait-desktop":["https:\/\/team2go.es\/wp-content\/uploads\/2022\/02\/tour-producto-team2go-1280x1920.png",1280,1920,true],"portrait-tablet":["https:\/\/team2go.es\/wp-content\/uploads\/2022\/02\/tour-producto-team2go-768x1024.png",768,1024,true],"portrait-mobile":["https:\/\/team2go.es\/wp-content\/uploads\/2022\/02\/tour-producto-team2go-414x277.png",414,277,true],"bdpp-medium":["https:\/\/team2go.es\/wp-content\/uploads\/2022\/02\/tour-producto-team2go-640x480.png",640,480,true]},"uagb_author_info":{"display_name":"Team2Go","author_link":"https:\/\/team2go.es\/pt\/author\/businessgo_2019\/"},"uagb_comment_info":0,"uagb_excerpt":"Software de gerenciamento de pessoal: Tour pelo produto Solicite uma DEMO com um expert em RH Descubra como, com o nosso software de recursos humanos, voc\u00ea poder\u00e1 gerenciar todos os [&hellip;]","_links":{"self":[{"href":"https:\/\/team2go.es\/pt\/wp-json\/wp\/v2\/pages\/8499","targetHints":{"allow":["GET"]}}],"collection":[{"href":"https:\/\/team2go.es\/pt\/wp-json\/wp\/v2\/pages"}],"about":[{"href":"https:\/\/team2go.es\/pt\/wp-json\/wp\/v2\/types\/page"}],"author":[{"embeddable":true,"href":"https:\/\/team2go.es\/pt\/wp-json\/wp\/v2\/users\/2"}],"replies":[{"embeddable":true,"href":"https:\/\/team2go.es\/pt\/wp-json\/wp\/v2\/comments?post=8499"}],"version-history":[{"count":0,"href":"https:\/\/team2go.es\/pt\/wp-json\/wp\/v2\/pages\/8499\/revisions"}],"wp:featuredmedia":[{"embeddable":true,"href":"https:\/\/team2go.es\/pt\/wp-json\/wp\/v2\/media\/8514"}],"wp:attachment":[{"href":"https:\/\/team2go.es\/pt\/wp-json\/wp\/v2\/media?parent=8499"}],"curies":[{"name":"wp","href":"https:\/\/api.w.org\/{rel}","templated":true}]}}