{"id":8495,"date":"2020-09-02T09:11:56","date_gmt":"2020-09-02T07:11:56","guid":{"rendered":"https:\/\/team2go.es\/empregos-do-futuro\/"},"modified":"2024-09-11T11:52:42","modified_gmt":"2024-09-11T09:52:42","slug":"empregos-do-futuro","status":"publish","type":"page","link":"https:\/\/team2go.es\/pt\/empregos-do-futuro\/","title":{"rendered":"Empregos do futuro"},"content":{"rendered":"\n<div class=\"wp-block-uagb-container uagb-block-bbeef894 alignfull uagb-is-root-container\"><div class=\"uagb-container-inner-blocks-wrap\">\n<div class=\"wp-block-uagb-container uagb-block-ce486525\">\n<div class=\"wp-block-uagb-advanced-heading uagb-block-8120c754\"><h1 class=\"uagb-heading-text\">[E-book] Satisfa\u00e7\u00e3o e motiva\u00e7\u00e3o da sua equipa<\/h1><\/div>\n\n\n<div class=\"wp-block-image\">\n<figure class=\"aligncenter size-large is-resized\"><img loading=\"lazy\" decoding=\"async\" width=\"1030\" height=\"1030\" src=\"https:\/\/team2go.es\/wp-content\/uploads\/2024\/07\/futuro-laboral-1030x1030.png\" alt=\"\" class=\"wp-image-6808\" style=\"width:311px;height:auto\" srcset=\"https:\/\/team2go.es\/wp-content\/uploads\/2024\/07\/futuro-laboral-1030x1030.png 1030w, https:\/\/team2go.es\/wp-content\/uploads\/2024\/07\/futuro-laboral-300x300.png 300w, https:\/\/team2go.es\/wp-content\/uploads\/2024\/07\/futuro-laboral-180x180.png 180w, https:\/\/team2go.es\/wp-content\/uploads\/2024\/07\/futuro-laboral-1536x1536.png 1536w, https:\/\/team2go.es\/wp-content\/uploads\/2024\/07\/futuro-laboral-2048x2048.png 2048w\" sizes=\"auto, (max-width: 1030px) 100vw, 1030px\" \/><\/figure>\n<\/div>\n\n\n<div class=\"wp-block-uagb-container uagb-block-cdbd3699\">\n<div class=\"wp-block-uagb-container uagb-block-bfee2679\">\n<p>Descubra as <strong>tend\u00eancias<\/strong> nos diferentes <strong>setores de trabalho<\/strong> e os <strong>perfis profissionais<\/strong> que ser\u00e3o mais procurados no<strong> futuro<\/strong>.<\/p>\n\n\n\n<p>H\u00e1 uma s\u00e9rie de perguntas que os profissionais de RH fazem constantemente a si mesmos: quais s\u00e3o os <strong>empregos do futuro<\/strong> ou chegar\u00e1 um momento em que a <strong>tecnologia substituir\u00e1 os seres humanos<\/strong>?<\/p>\n<\/div>\n<\/div>\n<\/div>\n\n\n\n<div class=\"wp-block-uagb-container uagb-block-b968e51a\">\n<div class=\"wp-block-uagb-advanced-heading uagb-block-353f3398\"><h3 class=\"uagb-heading-text\">Solicite o E-book<\/h3><\/div>\n\n\n\n<br\/><script type=\"text\/javascript\" src=\"\/\/mautic.team2go.es\/form\/generate.js?id=3\"><\/script><br\/>\r\n<\/div>\n<\/div><\/div>\n","protected":false},"excerpt":{"rendered":"<p>[E-book] Satisfa\u00e7\u00e3o e motiva\u00e7\u00e3o da sua equipa Descubra as tend\u00eancias nos diferentes setores de trabalho e os perfis profissionais que ser\u00e3o mais procurados no futuro. H\u00e1 uma s\u00e9rie de perguntas [&hellip;]<\/p>\n","protected":false},"author":2,"featured_media":0,"parent":0,"menu_order":0,"comment_status":"closed","ping_status":"closed","template":"","meta":{"inline_featured_image":false,"_uag_custom_page_level_css":"","footnotes":""},"class_list":["post-8495","page","type-page","status-publish","hentry"],"yoast_head":"<!-- This site is optimized with the Yoast SEO plugin v27.4 - https:\/\/yoast.com\/product\/yoast-seo-wordpress\/ -->\n<title>Empregos do futuro - Team2go<\/title>\n<meta name=\"robots\" content=\"index, follow, max-snippet:-1, max-image-preview:large, max-video-preview:-1\" \/>\n<link rel=\"canonical\" href=\"https:\/\/team2go.es\/pt\/empregos-do-futuro\/\" \/>\n<meta property=\"og:locale\" content=\"pt_PT\" \/>\n<meta property=\"og:type\" content=\"article\" \/>\n<meta property=\"og:title\" content=\"Empregos do futuro - Team2go\" \/>\n<meta property=\"og:description\" content=\"[E-book] Satisfa\u00e7\u00e3o e motiva\u00e7\u00e3o da sua equipa Descubra as tend\u00eancias nos diferentes setores de trabalho e os perfis profissionais que ser\u00e3o mais procurados no futuro. H\u00e1 uma s\u00e9rie de perguntas [&hellip;]\" \/>\n<meta property=\"og:url\" content=\"https:\/\/team2go.es\/pt\/empregos-do-futuro\/\" \/>\n<meta property=\"og:site_name\" content=\"Team2go\" \/>\n<meta property=\"article:publisher\" content=\"https:\/\/www.facebook.com\/Team2go-1797808423856946\/\" \/>\n<meta property=\"article:modified_time\" content=\"2024-09-11T09:52:42+00:00\" \/>\n<meta property=\"og:image\" content=\"https:\/\/team2go.es\/wp-content\/uploads\/2022\/02\/logo-team2go.png\" \/>\n\t<meta property=\"og:image:width\" content=\"200\" \/>\n\t<meta property=\"og:image:height\" content=\"200\" \/>\n\t<meta property=\"og:image:type\" content=\"image\/png\" \/>\n<meta name=\"twitter:card\" content=\"summary_large_image\" \/>\n<meta name=\"twitter:site\" content=\"@MYTEAM2GO\" \/>\n<script type=\"application\/ld+json\" class=\"yoast-schema-graph\">{\"@context\":\"https:\\\/\\\/schema.org\",\"@graph\":[{\"@type\":\"WebPage\",\"@id\":\"https:\\\/\\\/team2go.es\\\/pt\\\/empregos-do-futuro\\\/\",\"url\":\"https:\\\/\\\/team2go.es\\\/pt\\\/empregos-do-futuro\\\/\",\"name\":\"Empregos do futuro - Team2go\",\"isPartOf\":{\"@id\":\"https:\\\/\\\/team2go.es\\\/pt\\\/#website\"},\"primaryImageOfPage\":{\"@id\":\"https:\\\/\\\/team2go.es\\\/pt\\\/empregos-do-futuro\\\/#primaryimage\"},\"image\":{\"@id\":\"https:\\\/\\\/team2go.es\\\/pt\\\/empregos-do-futuro\\\/#primaryimage\"},\"thumbnailUrl\":\"https:\\\/\\\/team2go.es\\\/wp-content\\\/uploads\\\/2024\\\/07\\\/futuro-laboral-1030x1030.png\",\"datePublished\":\"2020-09-02T07:11:56+00:00\",\"dateModified\":\"2024-09-11T09:52:42+00:00\",\"breadcrumb\":{\"@id\":\"https:\\\/\\\/team2go.es\\\/pt\\\/empregos-do-futuro\\\/#breadcrumb\"},\"inLanguage\":\"pt-PT\",\"potentialAction\":[{\"@type\":\"ReadAction\",\"target\":[\"https:\\\/\\\/team2go.es\\\/pt\\\/empregos-do-futuro\\\/\"]}]},{\"@type\":\"ImageObject\",\"inLanguage\":\"pt-PT\",\"@id\":\"https:\\\/\\\/team2go.es\\\/pt\\\/empregos-do-futuro\\\/#primaryimage\",\"url\":\"https:\\\/\\\/team2go.es\\\/wp-content\\\/uploads\\\/2024\\\/07\\\/futuro-laboral-1030x1030.png\",\"contentUrl\":\"https:\\\/\\\/team2go.es\\\/wp-content\\\/uploads\\\/2024\\\/07\\\/futuro-laboral-1030x1030.png\"},{\"@type\":\"BreadcrumbList\",\"@id\":\"https:\\\/\\\/team2go.es\\\/pt\\\/empregos-do-futuro\\\/#breadcrumb\",\"itemListElement\":[{\"@type\":\"ListItem\",\"position\":1,\"name\":\"Portada\",\"item\":\"https:\\\/\\\/team2go.es\\\/pt\\\/\"},{\"@type\":\"ListItem\",\"position\":2,\"name\":\"Empregos do futuro\"}]},{\"@type\":\"WebSite\",\"@id\":\"https:\\\/\\\/team2go.es\\\/pt\\\/#website\",\"url\":\"https:\\\/\\\/team2go.es\\\/pt\\\/\",\"name\":\"Team2go\",\"description\":\"Software de Recursos Humanos\",\"potentialAction\":[{\"@type\":\"SearchAction\",\"target\":{\"@type\":\"EntryPoint\",\"urlTemplate\":\"https:\\\/\\\/team2go.es\\\/pt\\\/?s={search_term_string}\"},\"query-input\":{\"@type\":\"PropertyValueSpecification\",\"valueRequired\":true,\"valueName\":\"search_term_string\"}}],\"inLanguage\":\"pt-PT\"}]}<\/script>\n<!-- \/ Yoast SEO plugin. -->","yoast_head_json":{"title":"Empregos do futuro - Team2go","robots":{"index":"index","follow":"follow","max-snippet":"max-snippet:-1","max-image-preview":"max-image-preview:large","max-video-preview":"max-video-preview:-1"},"canonical":"https:\/\/team2go.es\/pt\/empregos-do-futuro\/","og_locale":"pt_PT","og_type":"article","og_title":"Empregos do futuro - Team2go","og_description":"[E-book] Satisfa\u00e7\u00e3o e motiva\u00e7\u00e3o da sua equipa Descubra as tend\u00eancias nos diferentes setores de trabalho e os perfis profissionais que ser\u00e3o mais procurados no futuro. H\u00e1 uma s\u00e9rie de perguntas [&hellip;]","og_url":"https:\/\/team2go.es\/pt\/empregos-do-futuro\/","og_site_name":"Team2go","article_publisher":"https:\/\/www.facebook.com\/Team2go-1797808423856946\/","article_modified_time":"2024-09-11T09:52:42+00:00","og_image":[{"width":200,"height":200,"url":"https:\/\/team2go.es\/wp-content\/uploads\/2022\/02\/logo-team2go.png","type":"image\/png"}],"twitter_card":"summary_large_image","twitter_site":"@MYTEAM2GO","schema":{"@context":"https:\/\/schema.org","@graph":[{"@type":"WebPage","@id":"https:\/\/team2go.es\/pt\/empregos-do-futuro\/","url":"https:\/\/team2go.es\/pt\/empregos-do-futuro\/","name":"Empregos do futuro - Team2go","isPartOf":{"@id":"https:\/\/team2go.es\/pt\/#website"},"primaryImageOfPage":{"@id":"https:\/\/team2go.es\/pt\/empregos-do-futuro\/#primaryimage"},"image":{"@id":"https:\/\/team2go.es\/pt\/empregos-do-futuro\/#primaryimage"},"thumbnailUrl":"https:\/\/team2go.es\/wp-content\/uploads\/2024\/07\/futuro-laboral-1030x1030.png","datePublished":"2020-09-02T07:11:56+00:00","dateModified":"2024-09-11T09:52:42+00:00","breadcrumb":{"@id":"https:\/\/team2go.es\/pt\/empregos-do-futuro\/#breadcrumb"},"inLanguage":"pt-PT","potentialAction":[{"@type":"ReadAction","target":["https:\/\/team2go.es\/pt\/empregos-do-futuro\/"]}]},{"@type":"ImageObject","inLanguage":"pt-PT","@id":"https:\/\/team2go.es\/pt\/empregos-do-futuro\/#primaryimage","url":"https:\/\/team2go.es\/wp-content\/uploads\/2024\/07\/futuro-laboral-1030x1030.png","contentUrl":"https:\/\/team2go.es\/wp-content\/uploads\/2024\/07\/futuro-laboral-1030x1030.png"},{"@type":"BreadcrumbList","@id":"https:\/\/team2go.es\/pt\/empregos-do-futuro\/#breadcrumb","itemListElement":[{"@type":"ListItem","position":1,"name":"Portada","item":"https:\/\/team2go.es\/pt\/"},{"@type":"ListItem","position":2,"name":"Empregos do futuro"}]},{"@type":"WebSite","@id":"https:\/\/team2go.es\/pt\/#website","url":"https:\/\/team2go.es\/pt\/","name":"Team2go","description":"Software de Recursos Humanos","potentialAction":[{"@type":"SearchAction","target":{"@type":"EntryPoint","urlTemplate":"https:\/\/team2go.es\/pt\/?s={search_term_string}"},"query-input":{"@type":"PropertyValueSpecification","valueRequired":true,"valueName":"search_term_string"}}],"inLanguage":"pt-PT"}]}},"uagb_featured_image_src":{"full":false,"thumbnail":false,"medium":false,"medium_large":false,"large":false,"1536x1536":false,"2048x2048":false,"image-size-150x150":false,"image-size-550x550":false,"image-size-550x550-@2x":false,"photo-album-thumbnail-small":false,"photo-album-thumbnail-square":false,"employees-large":false,"employees-small":false,"blog-magazine-thumbnail":false,"blog-magazine-thumbnail-@2x":false,"woocommerce-recent-carousel":false,"blog-carousel":false,"blog-carousel-@2x":false,"blog-showcase":false,"blog-showcase-@2x":false,"portfolio-x_x":false,"portfolio-two_x_x":false,"portfolio-four_x_x":false,"portfolio-x_two_x":false,"portfolio-two_x_two_x":false,"portfolio-three_x_two_x":false,"portfolio-three_x_x":false,"portfolio-four_x_two_x":false,"portfolio-x_x-@2x":false,"portfolio-two_x_x-@2x":false,"portfolio-four_x_x-@2x":false,"portfolio-x_two_x-@2x":false,"portfolio-two_x_two_x-@2x":false,"portfolio-three_x_x-@2x":false,"portfolio-three_x_two_x-@2x":false,"portfolio-four_x_two_x-@2x":false,"portfolio-four_x_x-@mobile":false,"portfolio-three_x_x-@mobile":false,"portfolio-three_x_two_x-@mobile":false,"portfolio-four_x_two_x-@mobile":false,"landscape-desktop":false,"landscape-tablet":false,"landscape-mobile":false,"portrait-desktop":false,"portrait-tablet":false,"portrait-mobile":false,"bdpp-medium":false},"uagb_author_info":{"display_name":"Team2Go","author_link":"https:\/\/team2go.es\/pt\/author\/businessgo_2019\/"},"uagb_comment_info":0,"uagb_excerpt":"[E-book] Satisfa\u00e7\u00e3o e motiva\u00e7\u00e3o da sua equipa Descubra as tend\u00eancias nos diferentes setores de trabalho e os perfis profissionais que ser\u00e3o mais procurados no futuro. H\u00e1 uma s\u00e9rie de perguntas [&hellip;]","_links":{"self":[{"href":"https:\/\/team2go.es\/pt\/wp-json\/wp\/v2\/pages\/8495","targetHints":{"allow":["GET"]}}],"collection":[{"href":"https:\/\/team2go.es\/pt\/wp-json\/wp\/v2\/pages"}],"about":[{"href":"https:\/\/team2go.es\/pt\/wp-json\/wp\/v2\/types\/page"}],"author":[{"embeddable":true,"href":"https:\/\/team2go.es\/pt\/wp-json\/wp\/v2\/users\/2"}],"replies":[{"embeddable":true,"href":"https:\/\/team2go.es\/pt\/wp-json\/wp\/v2\/comments?post=8495"}],"version-history":[{"count":0,"href":"https:\/\/team2go.es\/pt\/wp-json\/wp\/v2\/pages\/8495\/revisions"}],"wp:attachment":[{"href":"https:\/\/team2go.es\/pt\/wp-json\/wp\/v2\/media?parent=8495"}],"curies":[{"name":"wp","href":"https:\/\/api.w.org\/{rel}","templated":true}]}}