{"id":8480,"date":"2023-03-14T11:53:48","date_gmt":"2023-03-14T09:53:48","guid":{"rendered":"https:\/\/team2go.es\/politica-de-seguridad\/"},"modified":"2024-09-10T18:25:57","modified_gmt":"2024-09-10T16:25:57","slug":"politica-de-seguridad","status":"publish","type":"page","link":"https:\/\/team2go.es\/pt\/politica-de-seguridad\/","title":{"rendered":"Pol\u00edtica de seguridad"},"content":{"rendered":"<h1>Pol\u00edtica de Seguran\u00e7a<\/h1>\n<p>A <strong>Team2Go<\/strong> \u00e9 especializada no desenvolvimento e na comercializa\u00e7\u00e3o do software MyTeam2Go.<\/p>\n<p>Nossa <strong>MISS\u00c3O<\/strong> \u00e9 oferecer o melhor atendimento ao cliente com nosso aplicativo Team2Go, em termos de implementa\u00e7\u00e3o, manuten\u00e7\u00e3o e suporte.<\/p>\n<p>Nossa <strong>VIS\u00c3O<\/strong> \u00e9 ser uma refer\u00eancia em servi\u00e7os de digitaliza\u00e7\u00e3o para pol\u00edticas de recursos humanos.<\/p>\n<p>Ao longo do caminho tra\u00e7ado por nossa Miss\u00e3o e Vis\u00e3o, definimos alguns <strong>VALORES<\/strong> a serem compartilhados, que sempre levam em conta aspectos fundamentais na gest\u00e3o da seguran\u00e7a da informa\u00e7\u00e3o, permitindo-nos desenvolver uma cultura empresarial, uma forma de trabalhar e de tomar decis\u00f5es na Team2Go:<\/p>\n<ul>\n<li><strong>Nossa especializa\u00e7\u00e3o e atualiza\u00e7\u00e3o cont\u00ednua.<\/strong><\/li>\n<li><strong>Tornar a seguran\u00e7a das informa\u00e7\u00f5es e o respeito aos dados pessoais uma constante:<\/strong>\n<ul>\n<li>Preservar a confidencialidade das informa\u00e7\u00f5es e impedir sua divulga\u00e7\u00e3o e acesso por pessoas n\u00e3o autorizadas.<\/li>\n<li>Manter a integridade das informa\u00e7\u00f5es, garantindo sua precis\u00e3o e evitando sua deteriora\u00e7\u00e3o.<\/li>\n<li>Garantir a disponibilidade de informa\u00e7\u00f5es em todas as a\u00e7\u00f5es de suporte e sempre que necess\u00e1rio.<\/li>\n<\/ul>\n<\/li>\n<\/ul>\n<p>A dire\u00e7\u00e3o da Team2Go valoriza particularmente e estabelece como crit\u00e9rio principal para a estimativa de seus riscos a avalia\u00e7\u00e3o da disponibilidade de suas informa\u00e7\u00f5es e, mais ainda, a de seus clientes.<\/p>\n<p>Assim, a Team2Go est\u00e1 comprometida em desenvolver, implementar, manter e melhorar continuamente seu Sistema de Gest\u00e3o de Seguran\u00e7a da Informa\u00e7\u00e3o (SGSI) com o objetivo de melhorar continuamente a forma como prestamos nossos servi\u00e7os e a maneira como tratamos as informa\u00e7\u00f5es de nossos clientes e de nossa organiza\u00e7\u00e3o.<\/p>\n<p>Portanto, \u00e9 pol\u00edtica da Team2GO que:<\/p>\n<ul>\n<li><strong>Os objetivos de seguran\u00e7a da informa\u00e7\u00e3o sejam estabelecidos anualmente.<\/strong><\/li>\n<li><strong>Os requisitos legais, contratuais e comerciais sejam atendidos.<\/strong><\/li>\n<li><strong>Sejam realizadas atividades de treinamento e conscientiza\u00e7\u00e3o sobre os processos de seguran\u00e7a da informa\u00e7\u00e3o para todos os funcion\u00e1rios.<\/strong><\/li>\n<li><strong>Seja desenvolvido um processo de an\u00e1lise, gerenciamento e tratamento do risco dos ativos de informa\u00e7\u00e3o.<\/strong><\/li>\n<li><strong>Os objetivos de controle e os controles correspondentes sejam estabelecidos para mitigar os riscos identificados.<\/strong><\/li>\n<\/ul>\n<p>A responsabilidade dos funcion\u00e1rios \u00e9 estabelecida em rela\u00e7\u00e3o a:<\/p>\n<ul>\n<li><strong>Denunciar viola\u00e7\u00f5es \u00e0 seguran\u00e7a<\/strong><\/li>\n<li><strong>Preservar a confidencialidade, a integridade e a disponibilidade dos ativos de informa\u00e7\u00e3o em conformidade com esta pol\u00edtica<\/strong><\/li>\n<li><strong>Cumprir as pol\u00edticas e os procedimentos inerentes ao Sistema de Gerenciamento de Seguran\u00e7a da Informa\u00e7\u00e3o.<\/strong><\/li>\n<\/ul>\n<p>O <strong>Respons\u00e1vel de Seguran\u00e7a<\/strong> \u00e9 diretamente respons\u00e1vel pela manuten\u00e7\u00e3o desta pol\u00edtica, fornecendo aconselhamento e orienta\u00e7\u00e3o para sua implementa\u00e7\u00e3o e corre\u00e7\u00f5es de desvios de conformidade.<\/p>\n","protected":false},"excerpt":{"rendered":"<p>Pol\u00edtica de Seguran\u00e7a A Team2Go \u00e9 especializada no desenvolvimento e na comercializa\u00e7\u00e3o do software MyTeam2Go. Nossa MISS\u00c3O \u00e9 oferecer o melhor atendimento ao cliente com nosso aplicativo Team2Go, em termos [&hellip;]<\/p>\n","protected":false},"author":2,"featured_media":0,"parent":0,"menu_order":0,"comment_status":"closed","ping_status":"closed","template":"","meta":{"inline_featured_image":false,"_uag_custom_page_level_css":"","footnotes":""},"class_list":["post-8480","page","type-page","status-publish","hentry"],"yoast_head":"<!-- This site is optimized with the Yoast SEO plugin v27.4 - https:\/\/yoast.com\/product\/yoast-seo-wordpress\/ -->\n<title>Pol\u00edtica de seguridad - Team2go<\/title>\n<meta name=\"robots\" content=\"noindex, nofollow\" \/>\n<meta property=\"og:locale\" content=\"pt_PT\" \/>\n<meta property=\"og:type\" content=\"article\" \/>\n<meta property=\"og:title\" content=\"Pol\u00edtica de seguridad - Team2go\" \/>\n<meta property=\"og:description\" content=\"Pol\u00edtica de Seguran\u00e7a A Team2Go \u00e9 especializada no desenvolvimento e na comercializa\u00e7\u00e3o do software MyTeam2Go. Nossa MISS\u00c3O \u00e9 oferecer o melhor atendimento ao cliente com nosso aplicativo Team2Go, em termos [&hellip;]\" \/>\n<meta property=\"og:url\" content=\"https:\/\/team2go.es\/pt\/politica-de-seguridad\/\" \/>\n<meta property=\"og:site_name\" content=\"Team2go\" \/>\n<meta property=\"article:publisher\" content=\"https:\/\/www.facebook.com\/Team2go-1797808423856946\/\" \/>\n<meta property=\"article:modified_time\" content=\"2024-09-10T16:25:57+00:00\" \/>\n<meta property=\"og:image\" content=\"https:\/\/team2go.es\/wp-content\/uploads\/2022\/02\/logo-team2go.png\" \/>\n\t<meta property=\"og:image:width\" content=\"200\" \/>\n\t<meta property=\"og:image:height\" content=\"200\" \/>\n\t<meta property=\"og:image:type\" content=\"image\/png\" \/>\n<meta name=\"twitter:card\" content=\"summary_large_image\" \/>\n<meta name=\"twitter:site\" content=\"@MYTEAM2GO\" \/>\n<meta name=\"twitter:label1\" content=\"Tempo estimado de leitura\" \/>\n\t<meta name=\"twitter:data1\" content=\"2 minutos\" \/>\n<script type=\"application\/ld+json\" class=\"yoast-schema-graph\">{\"@context\":\"https:\\\/\\\/schema.org\",\"@graph\":[{\"@type\":\"WebPage\",\"@id\":\"https:\\\/\\\/team2go.es\\\/pt\\\/politica-de-seguridad\\\/\",\"url\":\"https:\\\/\\\/team2go.es\\\/pt\\\/politica-de-seguridad\\\/\",\"name\":\"Pol\u00edtica de seguridad - Team2go\",\"isPartOf\":{\"@id\":\"https:\\\/\\\/team2go.es\\\/pt\\\/#website\"},\"datePublished\":\"2023-03-14T09:53:48+00:00\",\"dateModified\":\"2024-09-10T16:25:57+00:00\",\"breadcrumb\":{\"@id\":\"https:\\\/\\\/team2go.es\\\/pt\\\/politica-de-seguridad\\\/#breadcrumb\"},\"inLanguage\":\"pt-PT\",\"potentialAction\":[{\"@type\":\"ReadAction\",\"target\":[\"https:\\\/\\\/team2go.es\\\/pt\\\/politica-de-seguridad\\\/\"]}]},{\"@type\":\"BreadcrumbList\",\"@id\":\"https:\\\/\\\/team2go.es\\\/pt\\\/politica-de-seguridad\\\/#breadcrumb\",\"itemListElement\":[{\"@type\":\"ListItem\",\"position\":1,\"name\":\"Portada\",\"item\":\"https:\\\/\\\/team2go.es\\\/pt\\\/\"},{\"@type\":\"ListItem\",\"position\":2,\"name\":\"Pol\u00edtica de seguridad\"}]},{\"@type\":\"WebSite\",\"@id\":\"https:\\\/\\\/team2go.es\\\/pt\\\/#website\",\"url\":\"https:\\\/\\\/team2go.es\\\/pt\\\/\",\"name\":\"Team2go\",\"description\":\"Software de Recursos Humanos\",\"potentialAction\":[{\"@type\":\"SearchAction\",\"target\":{\"@type\":\"EntryPoint\",\"urlTemplate\":\"https:\\\/\\\/team2go.es\\\/pt\\\/?s={search_term_string}\"},\"query-input\":{\"@type\":\"PropertyValueSpecification\",\"valueRequired\":true,\"valueName\":\"search_term_string\"}}],\"inLanguage\":\"pt-PT\"}]}<\/script>\n<!-- \/ Yoast SEO plugin. -->","yoast_head_json":{"title":"Pol\u00edtica de seguridad - Team2go","robots":{"index":"noindex","follow":"nofollow"},"og_locale":"pt_PT","og_type":"article","og_title":"Pol\u00edtica de seguridad - Team2go","og_description":"Pol\u00edtica de Seguran\u00e7a A Team2Go \u00e9 especializada no desenvolvimento e na comercializa\u00e7\u00e3o do software MyTeam2Go. Nossa MISS\u00c3O \u00e9 oferecer o melhor atendimento ao cliente com nosso aplicativo Team2Go, em termos [&hellip;]","og_url":"https:\/\/team2go.es\/pt\/politica-de-seguridad\/","og_site_name":"Team2go","article_publisher":"https:\/\/www.facebook.com\/Team2go-1797808423856946\/","article_modified_time":"2024-09-10T16:25:57+00:00","og_image":[{"width":200,"height":200,"url":"https:\/\/team2go.es\/wp-content\/uploads\/2022\/02\/logo-team2go.png","type":"image\/png"}],"twitter_card":"summary_large_image","twitter_site":"@MYTEAM2GO","twitter_misc":{"Tempo estimado de leitura":"2 minutos"},"schema":{"@context":"https:\/\/schema.org","@graph":[{"@type":"WebPage","@id":"https:\/\/team2go.es\/pt\/politica-de-seguridad\/","url":"https:\/\/team2go.es\/pt\/politica-de-seguridad\/","name":"Pol\u00edtica de seguridad - Team2go","isPartOf":{"@id":"https:\/\/team2go.es\/pt\/#website"},"datePublished":"2023-03-14T09:53:48+00:00","dateModified":"2024-09-10T16:25:57+00:00","breadcrumb":{"@id":"https:\/\/team2go.es\/pt\/politica-de-seguridad\/#breadcrumb"},"inLanguage":"pt-PT","potentialAction":[{"@type":"ReadAction","target":["https:\/\/team2go.es\/pt\/politica-de-seguridad\/"]}]},{"@type":"BreadcrumbList","@id":"https:\/\/team2go.es\/pt\/politica-de-seguridad\/#breadcrumb","itemListElement":[{"@type":"ListItem","position":1,"name":"Portada","item":"https:\/\/team2go.es\/pt\/"},{"@type":"ListItem","position":2,"name":"Pol\u00edtica de seguridad"}]},{"@type":"WebSite","@id":"https:\/\/team2go.es\/pt\/#website","url":"https:\/\/team2go.es\/pt\/","name":"Team2go","description":"Software de Recursos Humanos","potentialAction":[{"@type":"SearchAction","target":{"@type":"EntryPoint","urlTemplate":"https:\/\/team2go.es\/pt\/?s={search_term_string}"},"query-input":{"@type":"PropertyValueSpecification","valueRequired":true,"valueName":"search_term_string"}}],"inLanguage":"pt-PT"}]}},"uagb_featured_image_src":{"full":false,"thumbnail":false,"medium":false,"medium_large":false,"large":false,"1536x1536":false,"2048x2048":false,"image-size-150x150":false,"image-size-550x550":false,"image-size-550x550-@2x":false,"photo-album-thumbnail-small":false,"photo-album-thumbnail-square":false,"employees-large":false,"employees-small":false,"blog-magazine-thumbnail":false,"blog-magazine-thumbnail-@2x":false,"woocommerce-recent-carousel":false,"blog-carousel":false,"blog-carousel-@2x":false,"blog-showcase":false,"blog-showcase-@2x":false,"portfolio-x_x":false,"portfolio-two_x_x":false,"portfolio-four_x_x":false,"portfolio-x_two_x":false,"portfolio-two_x_two_x":false,"portfolio-three_x_two_x":false,"portfolio-three_x_x":false,"portfolio-four_x_two_x":false,"portfolio-x_x-@2x":false,"portfolio-two_x_x-@2x":false,"portfolio-four_x_x-@2x":false,"portfolio-x_two_x-@2x":false,"portfolio-two_x_two_x-@2x":false,"portfolio-three_x_x-@2x":false,"portfolio-three_x_two_x-@2x":false,"portfolio-four_x_two_x-@2x":false,"portfolio-four_x_x-@mobile":false,"portfolio-three_x_x-@mobile":false,"portfolio-three_x_two_x-@mobile":false,"portfolio-four_x_two_x-@mobile":false,"landscape-desktop":false,"landscape-tablet":false,"landscape-mobile":false,"portrait-desktop":false,"portrait-tablet":false,"portrait-mobile":false,"bdpp-medium":false},"uagb_author_info":{"display_name":"Team2Go","author_link":"https:\/\/team2go.es\/pt\/author\/businessgo_2019\/"},"uagb_comment_info":0,"uagb_excerpt":"Pol\u00edtica de Seguran\u00e7a A Team2Go \u00e9 especializada no desenvolvimento e na comercializa\u00e7\u00e3o do software MyTeam2Go. Nossa MISS\u00c3O \u00e9 oferecer o melhor atendimento ao cliente com nosso aplicativo Team2Go, em termos [&hellip;]","_links":{"self":[{"href":"https:\/\/team2go.es\/pt\/wp-json\/wp\/v2\/pages\/8480","targetHints":{"allow":["GET"]}}],"collection":[{"href":"https:\/\/team2go.es\/pt\/wp-json\/wp\/v2\/pages"}],"about":[{"href":"https:\/\/team2go.es\/pt\/wp-json\/wp\/v2\/types\/page"}],"author":[{"embeddable":true,"href":"https:\/\/team2go.es\/pt\/wp-json\/wp\/v2\/users\/2"}],"replies":[{"embeddable":true,"href":"https:\/\/team2go.es\/pt\/wp-json\/wp\/v2\/comments?post=8480"}],"version-history":[{"count":0,"href":"https:\/\/team2go.es\/pt\/wp-json\/wp\/v2\/pages\/8480\/revisions"}],"wp:attachment":[{"href":"https:\/\/team2go.es\/pt\/wp-json\/wp\/v2\/media?parent=8480"}],"curies":[{"name":"wp","href":"https:\/\/api.w.org\/{rel}","templated":true}]}}