{"id":8476,"date":"2019-03-12T09:15:54","date_gmt":"2019-03-12T07:15:54","guid":{"rendered":"https:\/\/team2go.es\/politica-de-cookies\/"},"modified":"2024-08-29T14:21:28","modified_gmt":"2024-08-29T12:21:28","slug":"politica-de-cookies","status":"publish","type":"page","link":"https:\/\/team2go.es\/pt\/politica-de-cookies\/","title":{"rendered":"Pol\u00edtica de Cookies"},"content":{"rendered":"<div class=\"wpb-content-wrapper\">[vc_row][vc_column][vc_column_text css=&#8221;.vc_custom_1724934062836{margin-bottom: 0px !important;}&#8221;]\n<h1>Pol\u00edtica de Cookies<\/h1>\n<p>Em conformidade com a Lei 34\/2002 sobre Servi\u00e7os da Sociedade da Informa\u00e7\u00e3o e Com\u00e9rcio Eletr\u00f4nico, informamos sobre o uso de cookies nos sites e aplicativos da empresa para facilitar e melhorar a navega\u00e7\u00e3o do usu\u00e1rio, lembrando onde voc\u00ea navegou no site, suas prefer\u00eancias e configura\u00e7\u00f5es de exibi\u00e7\u00e3o.<\/p>\n<p>Lembre-se de que, antes de come\u00e7ar a usar qualquer um de nossos servi\u00e7os ou funcionalidades, voc\u00ea deve ler esta Pol\u00edtica de Cookies e a Pol\u00edtica de Privacidade, bem como o Aviso Legal. Nessas se\u00e7\u00f5es, voc\u00ea poder\u00e1 ver se o necessita de um processamento espec\u00edfico de seus dados pessoais.<\/p>\n<ol>\n<li><strong>O que \u00e9 um cookie?<\/strong><\/li>\n<\/ol>\n<p>Um cookie \u00e9 um pequeno arquivo que \u00e9 baixado e armazenado em seu computador quando voc\u00ea acessa determinadas p\u00e1ginas da Web. Os cookies permitem que um site, entre outras coisas, armazene e recupere informa\u00e7\u00f5es sobre a navega\u00e7\u00e3o de um usu\u00e1rio ou de seu equipamento. Essas informa\u00e7\u00f5es s\u00e3o associadas ao navegador, permitindo que o usu\u00e1rio seja identificado anonimamente, portanto, s\u00e3o essenciais para a opera\u00e7\u00e3o da Internet, oferecendo vantagens para a presta\u00e7\u00e3o de servi\u00e7os interativos, facilitando a navega\u00e7\u00e3o ao salvar suas prefer\u00eancias e a usabilidade de nosso site. Observe que os cookies n\u00e3o podem danificar seu computador e que, em contrapartida, o fato de estarem ativados nos ajuda a identificar e solucionar erros.<\/p>\n<p>Os usu\u00e1rios que n\u00e3o desejam que os cookies sejam instalados ou que desejam ser informados antes que estes sejam armazenados no computador podem configurar o navegador de acordo.<\/p>\n<ol>\n<li><strong>Tipos de cookies<\/strong><\/li>\n<\/ol>\n<p>Dependendo da entidade que gerencia o dom\u00ednio a partir do qual os cookies s\u00e3o enviados e processa os dados obtidos, \u00e9 poss\u00edvel distinguir dois tipos:<\/p>\n<ul>\n<li>Cookies pr\u00f3prios: s\u00e3o aqueles enviados ao seu computador a partir de nossos pr\u00f3prios computadores ou dom\u00ednios e a partir dos quais fornecemos o servi\u00e7o que voc\u00ea solicita.<\/li>\n<li>Cookies de terceiros: s\u00e3o cookies enviados ao seu computador a partir de um computador ou dom\u00ednio que n\u00e3o \u00e9 gerenciado por n\u00f3s, mas por outra entidade colaboradora. Como, por exemplo, aqueles usados por redes sociais ou conte\u00fado externo, como o Google Maps.<\/li>\n<\/ul>\n<p>H\u00e1 tamb\u00e9m uma segunda classifica\u00e7\u00e3o de acordo com o tempo em que permanecem armazenados no navegador do cliente:<\/p>\n<ul>\n<li>Cookies de sess\u00e3o: s\u00e3o arquivos tempor\u00e1rios que expiram imediatamente ou alguns segundos depois que os usu\u00e1rios deixam o navegador da Web. Entre outros usos, esses cookies s\u00e3o usados por sites de com\u00e9rcio eletr\u00f4nico para lembrar o produto colocado no carrinho pelos usu\u00e1rios, para mant\u00ea-los conectados e para calcular cada sess\u00e3o de usu\u00e1rio para fins anal\u00edticos.<\/li>\n<li>Cookies persistentes: permanecem nos navegadores dos usu\u00e1rios por um longo per\u00edodo e s\u00e3o lidos pelo site sempre que os usu\u00e1rios fazem uma nova visita. Em geral, os cookies persistentes devem ter uma data de validade que pode variar de um segundo a dez anos. Os editores usam cookies persistentes para rastrear um \u00fanico usu\u00e1rio e sua intera\u00e7\u00e3o com o site.<\/li>\n<\/ul>\n<p>Por fim, h\u00e1 outra classifica\u00e7\u00e3o com cinco tipos de cookies, dependendo da finalidade para a qual os dados obtidos s\u00e3o processados:<\/p>\n<ul>\n<li>Cookies t\u00e9cnicos: s\u00e3o cookies que permitem aos usu\u00e1rios navegar em uma p\u00e1gina da Web, site on-line ou aplicativo e usar seus servi\u00e7os ou fun\u00e7\u00f5es, como lembrar os itens em um carrinho de compras, realizar o processo de registo, armazenar conte\u00fado para a transmiss\u00e3o de v\u00eddeos etc.<\/li>\n<li>Cookies de personaliza\u00e7\u00e3o: permitem o acesso ao servi\u00e7o com caracter\u00edsticas predefinidas com base em uma s\u00e9rie de crit\u00e9rios do usu\u00e1rio, como o idioma, o tipo de navegador pelo qual o servi\u00e7o \u00e9 acessado, a configura\u00e7\u00e3o regional a partir da qual o servi\u00e7o \u00e9 acessado etc.<\/li>\n<li>Cookies anal\u00edticos: s\u00e3o aqueles que nos permitem determinar o uso de um site, podem rastrear um usu\u00e1rio individual e, assim, realizar a medi\u00e7\u00e3o e a an\u00e1lise estat\u00edstica do uso que os usu\u00e1rios fazem dos servi\u00e7os fornecidos, mas somente na medida em que permitem que os usu\u00e1rios naveguem pelo site. Para essa finalidade, a navega\u00e7\u00e3o no site \u00e9 analisada a fim de melhorar a gama de produtos e servi\u00e7os oferecidos pelo site.<\/li>\n<li>Cookies de publicidade: s\u00e3o cookies que permitem a gest\u00e3o, da maneira mais eficiente poss\u00edvel, dos espa\u00e7os publicit\u00e1rios que podem ser inclu\u00eddos no site e s\u00e3o projetados especificamente para coletar informa\u00e7\u00f5es dos usu\u00e1rios em seu dispositivo de exibi\u00e7\u00e3o de an\u00fancios, a fim de enviar-lhes publicidade com base nos t\u00f3picos relevantes que lhes interessam (poder\u00edamos dizer que, entre os diferentes tipos de cookies, estes s\u00e3o cookies para vender). Esses cookies s\u00e3o quase sempre cookies persistentes de terceiros. Isso significa que os cookies podem segui-lo enquanto voc\u00ea visita outros sites.<\/li>\n<li>Cookies de publicidade comportamental: s\u00e3o cookies que armazenam informa\u00e7\u00f5es sobre o comportamento do usu\u00e1rio obtidas por meio de observa\u00e7\u00e3o cont\u00ednua. S\u00e3o usados para coletar informa\u00e7\u00f5es sobre a atividade de navega\u00e7\u00e3o, para conhecer os h\u00e1bitos de navega\u00e7\u00e3o na Internet e para exibir publicidade relacionada ao perfil de navega\u00e7\u00e3o do usu\u00e1rio.<\/li>\n<li>Cookies de complemento: s\u00e3o cookies gerados ao usar complementos de provedores de conte\u00fado externos e que permitem que os usu\u00e1rios acessem conte\u00fado ou servi\u00e7os fornecidos por terceiros, como, por exemplo, localiza\u00e7\u00f5es no Google Maps, conex\u00e3o com redes sociais ou acesso ao YouTube. As condi\u00e7\u00f5es de uso desses cookies e as informa\u00e7\u00f5es coletadas s\u00e3o reguladas pela pol\u00edtica de privacidade da plataforma social correspondente.<\/li>\n<li>Cookies de reprodutor de m\u00eddia: s\u00e3o cookies que permitem a reprodu\u00e7\u00e3o autom\u00e1tica de \u00e1udio ou v\u00eddeo no site.<\/li>\n<\/ul>\n<ol>\n<li><strong>Cookies usados no site<\/strong><\/li>\n<\/ol>\n<p>Os cookies usados neste site est\u00e3o identificados abaixo. Voc\u00ea pode alterar suas configura\u00e7\u00f5es de cookies a qualquer momento.<\/p>\n<p>Tabela detalhada dos cookies pr\u00f3prios e de terceiros usados neste site.<\/p>\n<table width=\"100%\">\n<tbody>\n<tr>\n<td colspan=\"3\" width=\"100%\"><strong>Cookies pr\u00f3prias<\/strong><\/td>\n<\/tr>\n<tr>\n<td width=\"26%\"><strong>Tipo<\/strong><\/td>\n<td width=\"36%\">Nome<\/td>\n<td width=\"36%\">Fun\u00e7\u00e3o<\/td>\n<\/tr>\n<tr>\n<td width=\"26%\"><strong>Identificador da sess\u00e3o<\/strong><\/td>\n<td width=\"36%\">JSESSIONID<\/td>\n<td width=\"36%\">Cookie de sess\u00e3o gerado pelo JSF, usado para manter a sess\u00e3o do usu\u00e1rio.<\/td>\n<\/tr>\n<tr>\n<td width=\"26%\"><strong>CSRF<\/strong><\/td>\n<td width=\"36%\">XSRF-TOKEN<\/td>\n<td width=\"36%\">Cookie de seguran\u00e7a usado para proteger contra ataques CSRF (Cross-Site Request Forgery).<\/td>\n<\/tr>\n<tr>\n<td width=\"26%\"><strong>Cookie de aceita\u00e7\u00e3o<\/strong><\/td>\n<td width=\"36%\">Viewed_cookie_policy<\/td>\n<td width=\"36%\">Esse \u00e9 o cookie que \u00e9 criado quando voc\u00ea aceita as pol\u00edticas de cookies do site.<\/td>\n<\/tr>\n<tr>\n<td width=\"26%\"><strong>Cookie CMS<\/strong><\/td>\n<td width=\"36%\">PHPSESSID_hjIncludedInsample<\/td>\n<td width=\"36%\">Cookies de sess\u00e3o, funcionalidade CMS.<\/td>\n<\/tr>\n<tr>\n<td colspan=\"3\" width=\"100%\"><strong>Cookies de terceiros<\/strong><\/td>\n<\/tr>\n<tr>\n<td width=\"26%\"><strong>Tipo<\/strong><\/td>\n<td width=\"36%\">Nome<\/td>\n<td width=\"36%\">Fun\u00e7\u00e3o<\/td>\n<\/tr>\n<tr>\n<td width=\"26%\"><strong>\u00a0<\/strong><\/td>\n<td width=\"36%\"><\/td>\n<td width=\"36%\"><\/td>\n<\/tr>\n<tr>\n<td width=\"26%\"><strong>Cookie anal\u00edtica do Google<\/strong><\/td>\n<td width=\"36%\">_ga<\/td>\n<td width=\"36%\">Cookie do Google Analytics usado para distinguir usu\u00e1rios e coletar informa\u00e7\u00f5es sobre o uso do site.<\/td>\n<\/tr>\n<tr>\n<td width=\"26%\"><strong>Cookie anal\u00edtica Do Google<\/strong><\/td>\n<td width=\"36%\">_ga_KMFJC0VM0C<\/td>\n<td width=\"36%\">Cookie do Google Analytics usado para distinguir usu\u00e1rios e coletar informa\u00e7\u00f5es sobre o uso do site.<\/td>\n<\/tr>\n<tr>\n<td width=\"26%\"><strong>Cookie anal\u00edtica Do Google<\/strong><\/td>\n<td width=\"36%\">_ga_gid<\/td>\n<td width=\"36%\">Dados de navega\u00e7\u00e3o an\u00f4nimos que permitem saber o que \u00e9 consultado e como as pessoas navegam na Web. A biblioteca ga pode definir os seguintes cookies:<br \/>\n-utma : distingue usu\u00e1rios e sess\u00f5es.<br \/>\n-utmt : usado para limitar a porcentagem de solicita\u00e7\u00f5es.<br \/>\n-utmb : usado para determinar novas sess\u00f5es ou visitas.<\/td>\n<\/tr>\n<tr>\n<td width=\"26%\"><strong>Cookie anal\u00edtica Do Google<\/strong><\/td>\n<td width=\"36%\">_gat_UA-xxxxxxxx-x_dc_gtm_UA-xxxxxx-x<\/td>\n<td width=\"36%\">Cookies de rastreamento do Google Analytics. Usados para limitar a porcentagem de solicita\u00e7\u00f5es. Dura\u00e7\u00e3o limitada.<\/td>\n<\/tr>\n<tr>\n<td width=\"26%\"><strong>Cookie anal\u00edtica Do Google<\/strong><\/td>\n<td width=\"36%\">NIDCONSENTDV<\/td>\n<td width=\"36%\">Cont\u00e9m um ID exclusivo que o Google usa para lembrar suas prefer\u00eancias e outras informa\u00e7\u00f5es. Visualiza\u00e7\u00e3o de mapas com o Google Maps.<\/td>\n<\/tr>\n<tr>\n<td width=\"26%\"><strong>Cookie anal\u00edtica Do Facebook<\/strong><\/td>\n<td width=\"36%\">.fr<\/td>\n<td width=\"36%\">Cookie do link no site para redes sociais.<\/td>\n<\/tr>\n<tr>\n<td width=\"26%\"><strong>Cookie anal\u00edtica Do Doubleclick.net<\/strong><\/td>\n<td width=\"36%\">IDEID\u200b<\/td>\n<td width=\"36%\">Cookie usado pelo Doubleclick.net para coletar informa\u00e7\u00f5es de forma an\u00f4nima, como o n\u00famero de visitas ao site, a origem das visitas e as p\u00e1ginas da Web visitadas.<\/td>\n<\/tr>\n<\/tbody>\n<\/table>\n<ol>\n<li><strong>Gesti\u00f3n de Cookies<\/strong><\/li>\n<\/ol>\n<p>Voc\u00ea tem a op\u00e7\u00e3o de permitir, bloquear ou excluir os cookies instalados em seu computador, atrav\u00e9s das op\u00e7\u00f5es do navegador. Voc\u00ea pode escolher a qualquer momento quais cookies deseja utilizar no site. Entretanto, \u00e9 poss\u00edvel que, ao desactivar os cookies, alguns dos servi\u00e7os dispon\u00edveis deixem de funcionar.<\/p>\n<p>A maneira de desactivar os cookies \u00e9 diferente para cada navegador, mas geralmente pode ser feita no menu de ferramentas ou op\u00e7\u00f5es. Voc\u00ea tamb\u00e9m pode consultar o menu de ajuda do navegador, onde encontrar\u00e1 instru\u00e7\u00f5es.<\/p>\n<p>Voc\u00ea pode permitir, bloquear ou excluir os cookies instalados em seu computador, configurando as op\u00e7\u00f5es do navegador instaladas em seu computador:<\/p>\n<ul>\n<li>Microsoft Internet Explorer o Microsoft Edge:\u202f<a href=\"http:\/\/windows.microsoft.com\/es-es\/windows-vista\/Block-or-allow-cookies\">http:\/\/windows.microsoft.com\/es-es\/windows-vista\/Block-or-allow-cookies<\/a><\/li>\n<li>Mozilla Firefox:\u202f<a href=\"http:\/\/support.mozilla.org\/es\/kb\/impedir-que-los-sitios-web-guarden-sus-preferencia\">http:\/\/support.mozilla.org\/es\/kb\/impedir-que-los-sitios-web-guarden-sus-preferencia<\/a><\/li>\n<li>Chrome:\u202f<a href=\"https:\/\/support.google.com\/accounts\/answer\/61416?hl=es\">https:\/\/support.google.com\/accounts\/answer\/61416?hl=es<\/a><\/li>\n<li>Safari:\u202f<a href=\"http:\/\/safari.helpmax.net\/es\/privacidad-y-seguridad\/como-gestionar-las-cookies\/\">http:\/\/safari.helpmax.net\/es\/privacidad-y-seguridad\/como-gestionar-las-cookies\/<\/a><\/li>\n<li>Opera:\u202f<a href=\"http:\/\/help.opera.com\/Linux\/10.60\/es-ES\/cookies.html\">http:\/\/help.opera.com\/Linux\/10.60\/es-ES\/cookies.html<\/a><\/li>\n<\/ul>\n<p>No caso dos cookies do Google Analytics, o Google armazena cookies em servidores localizados nos Estados Unidos e se compromete a n\u00e3o compartilh\u00e1-los com terceiros, exceto quando necess\u00e1rio para a opera\u00e7\u00e3o do sistema ou quando exigido por lei. De acordo com o Google, ele n\u00e3o armazena seu endere\u00e7o IP. A Google Inc. \u00e9 uma empresa Privacy Shield, o que garante que todos os dados transferidos ser\u00e3o tratados com um n\u00edvel de prote\u00e7\u00e3o de acordo com os regulamentos europeus. Informa\u00e7\u00f5es detalhadas sobre isso podem ser encontradas aqui. Se voc\u00ea quiser obter informa\u00e7\u00f5es sobre como o Google usa cookies, <a href=\"https:\/\/developers.google.com\/analytics\/devguides\/collection\/analyticsjs\/cookie-usage?hl=es&amp;csw=1\">acesse este link<\/a>.<\/p>\n<p>Em sua decis\u00e3o de 16 de julho de 2020, o TJCE declarou o Privacy Shield ineficaz, de modo que, para transfer\u00eancias internacionais de dados, ambas as partes devem aderir a cl\u00e1usulas contratuais padr\u00e3o.<\/p>\n<ol>\n<li>Aceita\u00e7\u00e3o da Pol\u00edtica de Cookies<\/li>\n<\/ol>\n<p>A TEAM2GO TALENT MANAGEMENT SOLUTIONS, S.L., assume que voc\u00ea, como usu\u00e1rio do site, aceita o uso de cookies. Ao navegar e continuar no site, voc\u00ea indica que est\u00e1 consentindo com o uso dos cookies mencionados acima e sob as condi\u00e7\u00f5es contidas nesta pol\u00edtica de cookies.<\/p>\n<p>Este site n\u00e3o armazena dados pessoais dos usu\u00e1rios, com exce\u00e7\u00e3o do endere\u00e7o IP, conforme descrito acima, a menos que estes desejem se registar voluntariamente para fazer solicita\u00e7\u00f5es de produtos e\/ou servi\u00e7os da TEAM2GO TALENT MANAGEMENT SOLUTIONS, S.L.<\/p>\n<ul>\n<li>Com essas informa\u00e7\u00f5es, as seguintes a\u00e7\u00f5es s\u00e3o poss\u00edveis:<\/li>\n<li>Aceitar cookies. Esse aviso n\u00e3o ser\u00e1 exibido novamente ao acessar qualquer p\u00e1gina do portal durante a sess\u00e3o atual.<\/li>\n<li>O aviso ficar\u00e1 oculto nesta p\u00e1gina.<\/li>\n<\/ul>\n<p>Modificar sua configura\u00e7\u00e3o. Voc\u00ea pode obter mais informa\u00e7\u00f5es sobre o que s\u00e3o cookies, conhecer a Pol\u00edtica de Cookies e modificar a configura\u00e7\u00e3o do seu navegador no s\u00edtio ou entrando em contato com a TEAM2GO TALENT MANAGEMENT SOLUTIONS, S.L..<\/p>\n<p>&nbsp;<\/p>\n<p>&nbsp;<\/p>\n<p>\u00daltima actualiza\u00e7\u00e3o: junho de 2024[\/vc_column_text][\/vc_column][\/vc_row]\n<\/div>","protected":false},"excerpt":{"rendered":"<p>[vc_row][vc_column][vc_column_text css=&#8221;.vc_custom_1724934062836{margin-bottom: 0px !important;}&#8221;] Pol\u00edtica de Cookies Em conformidade com a Lei 34\/2002 sobre Servi\u00e7os da Sociedade da Informa\u00e7\u00e3o e Com\u00e9rcio Eletr\u00f4nico, informamos sobre o uso de cookies nos sites [&hellip;]<\/p>\n","protected":false},"author":2,"featured_media":0,"parent":0,"menu_order":0,"comment_status":"closed","ping_status":"closed","template":"","meta":{"inline_featured_image":false,"_uag_custom_page_level_css":"","footnotes":""},"class_list":["post-8476","page","type-page","status-publish","hentry"],"yoast_head":"<!-- This site is optimized with the Yoast SEO plugin v27.4 - https:\/\/yoast.com\/product\/yoast-seo-wordpress\/ -->\n<title>Pol\u00edtica de Cookies - Team2go<\/title>\n<meta name=\"robots\" content=\"noindex, nofollow\" \/>\n<meta property=\"og:locale\" content=\"pt_PT\" \/>\n<meta property=\"og:type\" content=\"article\" \/>\n<meta property=\"og:title\" content=\"Pol\u00edtica de Cookies - Team2go\" \/>\n<meta property=\"og:description\" content=\"[vc_row][vc_column][vc_column_text css=&#8221;.vc_custom_1724934062836{margin-bottom: 0px !important;}&#8221;] Pol\u00edtica de Cookies Em conformidade com a Lei 34\/2002 sobre Servi\u00e7os da Sociedade da Informa\u00e7\u00e3o e Com\u00e9rcio Eletr\u00f4nico, informamos sobre o uso de cookies nos sites [&hellip;]\" \/>\n<meta property=\"og:url\" content=\"https:\/\/team2go.es\/pt\/politica-de-cookies\/\" \/>\n<meta property=\"og:site_name\" content=\"Team2go\" \/>\n<meta property=\"article:publisher\" content=\"https:\/\/www.facebook.com\/Team2go-1797808423856946\/\" \/>\n<meta property=\"article:modified_time\" content=\"2024-08-29T12:21:28+00:00\" \/>\n<meta property=\"og:image\" content=\"https:\/\/team2go.es\/wp-content\/uploads\/2022\/02\/logo-team2go.png\" \/>\n\t<meta property=\"og:image:width\" content=\"200\" \/>\n\t<meta property=\"og:image:height\" content=\"200\" \/>\n\t<meta property=\"og:image:type\" content=\"image\/png\" \/>\n<meta name=\"twitter:card\" content=\"summary_large_image\" \/>\n<meta name=\"twitter:site\" content=\"@MYTEAM2GO\" \/>\n<meta name=\"twitter:label1\" content=\"Tempo estimado de leitura\" \/>\n\t<meta name=\"twitter:data1\" content=\"8 minutos\" \/>\n<script type=\"application\/ld+json\" class=\"yoast-schema-graph\">{\"@context\":\"https:\\\/\\\/schema.org\",\"@graph\":[{\"@type\":\"WebPage\",\"@id\":\"https:\\\/\\\/team2go.es\\\/pt\\\/politica-de-cookies\\\/\",\"url\":\"https:\\\/\\\/team2go.es\\\/pt\\\/politica-de-cookies\\\/\",\"name\":\"Pol\u00edtica de Cookies - Team2go\",\"isPartOf\":{\"@id\":\"https:\\\/\\\/team2go.es\\\/pt\\\/#website\"},\"datePublished\":\"2019-03-12T07:15:54+00:00\",\"dateModified\":\"2024-08-29T12:21:28+00:00\",\"breadcrumb\":{\"@id\":\"https:\\\/\\\/team2go.es\\\/pt\\\/politica-de-cookies\\\/#breadcrumb\"},\"inLanguage\":\"pt-PT\",\"potentialAction\":[{\"@type\":\"ReadAction\",\"target\":[\"https:\\\/\\\/team2go.es\\\/pt\\\/politica-de-cookies\\\/\"]}]},{\"@type\":\"BreadcrumbList\",\"@id\":\"https:\\\/\\\/team2go.es\\\/pt\\\/politica-de-cookies\\\/#breadcrumb\",\"itemListElement\":[{\"@type\":\"ListItem\",\"position\":1,\"name\":\"Portada\",\"item\":\"https:\\\/\\\/team2go.es\\\/pt\\\/\"},{\"@type\":\"ListItem\",\"position\":2,\"name\":\"Pol\u00edtica de Cookies\"}]},{\"@type\":\"WebSite\",\"@id\":\"https:\\\/\\\/team2go.es\\\/pt\\\/#website\",\"url\":\"https:\\\/\\\/team2go.es\\\/pt\\\/\",\"name\":\"Team2go\",\"description\":\"Software de Recursos Humanos\",\"potentialAction\":[{\"@type\":\"SearchAction\",\"target\":{\"@type\":\"EntryPoint\",\"urlTemplate\":\"https:\\\/\\\/team2go.es\\\/pt\\\/?s={search_term_string}\"},\"query-input\":{\"@type\":\"PropertyValueSpecification\",\"valueRequired\":true,\"valueName\":\"search_term_string\"}}],\"inLanguage\":\"pt-PT\"}]}<\/script>\n<!-- \/ Yoast SEO plugin. -->","yoast_head_json":{"title":"Pol\u00edtica de Cookies - Team2go","robots":{"index":"noindex","follow":"nofollow"},"og_locale":"pt_PT","og_type":"article","og_title":"Pol\u00edtica de Cookies - Team2go","og_description":"[vc_row][vc_column][vc_column_text css=&#8221;.vc_custom_1724934062836{margin-bottom: 0px !important;}&#8221;] Pol\u00edtica de Cookies Em conformidade com a Lei 34\/2002 sobre Servi\u00e7os da Sociedade da Informa\u00e7\u00e3o e Com\u00e9rcio Eletr\u00f4nico, informamos sobre o uso de cookies nos sites [&hellip;]","og_url":"https:\/\/team2go.es\/pt\/politica-de-cookies\/","og_site_name":"Team2go","article_publisher":"https:\/\/www.facebook.com\/Team2go-1797808423856946\/","article_modified_time":"2024-08-29T12:21:28+00:00","og_image":[{"width":200,"height":200,"url":"https:\/\/team2go.es\/wp-content\/uploads\/2022\/02\/logo-team2go.png","type":"image\/png"}],"twitter_card":"summary_large_image","twitter_site":"@MYTEAM2GO","twitter_misc":{"Tempo estimado de leitura":"8 minutos"},"schema":{"@context":"https:\/\/schema.org","@graph":[{"@type":"WebPage","@id":"https:\/\/team2go.es\/pt\/politica-de-cookies\/","url":"https:\/\/team2go.es\/pt\/politica-de-cookies\/","name":"Pol\u00edtica de Cookies - Team2go","isPartOf":{"@id":"https:\/\/team2go.es\/pt\/#website"},"datePublished":"2019-03-12T07:15:54+00:00","dateModified":"2024-08-29T12:21:28+00:00","breadcrumb":{"@id":"https:\/\/team2go.es\/pt\/politica-de-cookies\/#breadcrumb"},"inLanguage":"pt-PT","potentialAction":[{"@type":"ReadAction","target":["https:\/\/team2go.es\/pt\/politica-de-cookies\/"]}]},{"@type":"BreadcrumbList","@id":"https:\/\/team2go.es\/pt\/politica-de-cookies\/#breadcrumb","itemListElement":[{"@type":"ListItem","position":1,"name":"Portada","item":"https:\/\/team2go.es\/pt\/"},{"@type":"ListItem","position":2,"name":"Pol\u00edtica de Cookies"}]},{"@type":"WebSite","@id":"https:\/\/team2go.es\/pt\/#website","url":"https:\/\/team2go.es\/pt\/","name":"Team2go","description":"Software de Recursos Humanos","potentialAction":[{"@type":"SearchAction","target":{"@type":"EntryPoint","urlTemplate":"https:\/\/team2go.es\/pt\/?s={search_term_string}"},"query-input":{"@type":"PropertyValueSpecification","valueRequired":true,"valueName":"search_term_string"}}],"inLanguage":"pt-PT"}]}},"uagb_featured_image_src":{"full":false,"thumbnail":false,"medium":false,"medium_large":false,"large":false,"1536x1536":false,"2048x2048":false,"image-size-150x150":false,"image-size-550x550":false,"image-size-550x550-@2x":false,"photo-album-thumbnail-small":false,"photo-album-thumbnail-square":false,"employees-large":false,"employees-small":false,"blog-magazine-thumbnail":false,"blog-magazine-thumbnail-@2x":false,"woocommerce-recent-carousel":false,"blog-carousel":false,"blog-carousel-@2x":false,"blog-showcase":false,"blog-showcase-@2x":false,"portfolio-x_x":false,"portfolio-two_x_x":false,"portfolio-four_x_x":false,"portfolio-x_two_x":false,"portfolio-two_x_two_x":false,"portfolio-three_x_two_x":false,"portfolio-three_x_x":false,"portfolio-four_x_two_x":false,"portfolio-x_x-@2x":false,"portfolio-two_x_x-@2x":false,"portfolio-four_x_x-@2x":false,"portfolio-x_two_x-@2x":false,"portfolio-two_x_two_x-@2x":false,"portfolio-three_x_x-@2x":false,"portfolio-three_x_two_x-@2x":false,"portfolio-four_x_two_x-@2x":false,"portfolio-four_x_x-@mobile":false,"portfolio-three_x_x-@mobile":false,"portfolio-three_x_two_x-@mobile":false,"portfolio-four_x_two_x-@mobile":false,"landscape-desktop":false,"landscape-tablet":false,"landscape-mobile":false,"portrait-desktop":false,"portrait-tablet":false,"portrait-mobile":false,"bdpp-medium":false},"uagb_author_info":{"display_name":"Team2Go","author_link":"https:\/\/team2go.es\/pt\/author\/businessgo_2019\/"},"uagb_comment_info":0,"uagb_excerpt":"[vc_row][vc_column][vc_column_text css=&#8221;.vc_custom_1724934062836{margin-bottom: 0px !important;}&#8221;] Pol\u00edtica de Cookies Em conformidade com a Lei 34\/2002 sobre Servi\u00e7os da Sociedade da Informa\u00e7\u00e3o e Com\u00e9rcio Eletr\u00f4nico, informamos sobre o uso de cookies nos sites [&hellip;]","_links":{"self":[{"href":"https:\/\/team2go.es\/pt\/wp-json\/wp\/v2\/pages\/8476","targetHints":{"allow":["GET"]}}],"collection":[{"href":"https:\/\/team2go.es\/pt\/wp-json\/wp\/v2\/pages"}],"about":[{"href":"https:\/\/team2go.es\/pt\/wp-json\/wp\/v2\/types\/page"}],"author":[{"embeddable":true,"href":"https:\/\/team2go.es\/pt\/wp-json\/wp\/v2\/users\/2"}],"replies":[{"embeddable":true,"href":"https:\/\/team2go.es\/pt\/wp-json\/wp\/v2\/comments?post=8476"}],"version-history":[{"count":0,"href":"https:\/\/team2go.es\/pt\/wp-json\/wp\/v2\/pages\/8476\/revisions"}],"wp:attachment":[{"href":"https:\/\/team2go.es\/pt\/wp-json\/wp\/v2\/media?parent=8476"}],"curies":[{"name":"wp","href":"https:\/\/api.w.org\/{rel}","templated":true}]}}