{"id":8897,"date":"2020-10-23T13:46:12","date_gmt":"2020-10-23T11:46:12","guid":{"rendered":"https:\/\/team2go.es\/team2go-en-tu-movil\/"},"modified":"2024-09-19T18:05:19","modified_gmt":"2024-09-19T16:05:19","slug":"team2go-en-tu-movil","status":"publish","type":"page","link":"https:\/\/team2go.es\/en\/team2go-en-tu-movil\/","title":{"rendered":"Team2Go en tu m\u00f3vil"},"content":{"rendered":"<div class=\"wpb-content-wrapper\">[vc_row fullwidth=&#8221;true&#8221; fullwidth_content=&#8221;false&#8221; el_class=&#8221;slider-home&#8221;][vc_column][vc_row_inner el_class=&#8221;flex&#8221;][vc_column_inner el_class=&#8221;slider-form&#8221; width=&#8221;1\/2&#8243;][vc_column_text css=&#8221;.vc_custom_1726749895404{margin-bottom: 0px !important;}&#8221;]\n<h1>Try the Team2Go App<\/h1>\n<p style=\"color: #fff; font-weight: 300; font-size: 26px!important; letter-spacing: -1.5px;\">HR Management wherever you need it<\/p>\n[\/vc_column_text][vc_column_text css=&#8221;.vc_custom_1726749948292{margin-bottom: 0px !important;}&#8221;] We&#8217;ve taken intelligent HR management to the next level with our new app. We&#8217;ve made your daily work much easier by allowing you to access it from anywhere, at any time. Viewing documents, checking in or out, managing requests and orders, downloading files or publishing to the employee portal; these are just some of the functionalities that you can now also access on our mobile app.[\/vc_column_text][vc_column_text css=&#8221;.vc_custom_1726750030728{margin-bottom: 0px !important;}&#8221;]Already available in:<\/p>\n<p style=\"text-align: center;\"><a href=\"https:\/\/play.google.com\/store\/apps\/details?id=com.team2go&amp;gl=ES\" target=\"_blank\" rel=\"noopener\"><img loading=\"lazy\" decoding=\"async\" class=\"alignnone size-medium wp-image-5499\" src=\"\/wp-content\/uploads\/2022\/04\/google-play-badge-01.svg\" alt=\"\" width=\"230\" height=\"230\" \/><\/a><a href=\"https:\/\/apps.apple.com\/es\/app\/myteam2go\/id1545920966\" target=\"_blank\" rel=\"noopener\"><img loading=\"lazy\" decoding=\"async\" class=\"alignnone size-medium wp-image-5499\" src=\"\/wp-content\/uploads\/2022\/04\/appstore-02.svg\" alt=\"\" width=\"230\" height=\"230\" \/><\/a><\/p>\n[\/vc_column_text][\/vc_column_inner][vc_column_inner width=&#8221;1\/2&#8243;][vc_column_text css=&#8221;.vc_custom_1649259082345{margin-bottom: 0px !important;}&#8221;]<img loading=\"lazy\" decoding=\"async\" class=\"aligncenter wp-image-5496 size-full imagen\" title=\"App Team2Go\" src=\"https:\/\/team2go.es\/wp-content\/uploads\/2022\/04\/mockup-app-team2go3.png\" alt=\"App Team2Go\" width=\"1921\" height=\"2300\" srcset=\"https:\/\/team2go.es\/wp-content\/uploads\/2022\/04\/mockup-app-team2go3.png 1921w, https:\/\/team2go.es\/wp-content\/uploads\/2022\/04\/mockup-app-team2go3-251x300.png 251w, https:\/\/team2go.es\/wp-content\/uploads\/2022\/04\/mockup-app-team2go3-860x1030.png 860w, https:\/\/team2go.es\/wp-content\/uploads\/2022\/04\/mockup-app-team2go3-768x920.png 768w\" sizes=\"auto, (max-width: 1921px) 100vw, 1921px\" \/>[\/vc_column_text][\/vc_column_inner][\/vc_row_inner][\/vc_column][\/vc_row]\n<\/div>","protected":false},"excerpt":{"rendered":"<p>[vc_row fullwidth=&#8221;true&#8221; fullwidth_content=&#8221;false&#8221; el_class=&#8221;slider-home&#8221;][vc_column][vc_row_inner el_class=&#8221;flex&#8221;][vc_column_inner el_class=&#8221;slider-form&#8221; width=&#8221;1\/2&#8243;][vc_column_text css=&#8221;.vc_custom_1726749895404{margin-bottom: 0px !important;}&#8221;] Try the Team2Go App HR Management wherever you need it [\/vc_column_text][vc_column_text css=&#8221;.vc_custom_1726749948292{margin-bottom: 0px !important;}&#8221;] We&#8217;ve taken intelligent HR management to [&hellip;]<\/p>\n","protected":false},"author":2,"featured_media":0,"parent":0,"menu_order":0,"comment_status":"closed","ping_status":"closed","template":"","meta":{"inline_featured_image":false,"_uag_custom_page_level_css":"","footnotes":""},"class_list":["post-8897","page","type-page","status-publish","hentry"],"yoast_head":"<!-- This site is optimized with the Yoast SEO plugin v27.4 - https:\/\/yoast.com\/product\/yoast-seo-wordpress\/ -->\n<title>App Team2Go - Gesti\u00f3n RRHH desde cualquier lugar<\/title>\n<meta name=\"description\" content=\"La gesti\u00f3n inteligente de Recursos Humanos siempre estar\u00e1 disponible con la App Team2Go. Desc\u00e1rgala desde Google Play o App Store.\" \/>\n<meta name=\"robots\" content=\"noindex, nofollow\" \/>\n<meta property=\"og:locale\" content=\"en_US\" \/>\n<meta property=\"og:type\" content=\"article\" \/>\n<meta property=\"og:title\" content=\"App Team2Go - Gesti\u00f3n RRHH desde cualquier lugar\" \/>\n<meta property=\"og:description\" content=\"La gesti\u00f3n inteligente de Recursos Humanos siempre estar\u00e1 disponible con la App Team2Go. Desc\u00e1rgala desde Google Play o App Store.\" \/>\n<meta property=\"og:url\" content=\"https:\/\/team2go.es\/en\/team2go-en-tu-movil\/\" \/>\n<meta property=\"og:site_name\" content=\"Team2go\" \/>\n<meta property=\"article:publisher\" content=\"https:\/\/www.facebook.com\/Team2go-1797808423856946\/\" \/>\n<meta property=\"article:modified_time\" content=\"2024-09-19T16:05:19+00:00\" \/>\n<meta property=\"og:image\" content=\"https:\/\/team2go.es\/wp-content\/uploads\/2022\/03\/nueva-app-600-450-px-350-350-px-300x300.png\" \/>\n<meta name=\"twitter:card\" content=\"summary_large_image\" \/>\n<meta name=\"twitter:image\" content=\"https:\/\/team2go.es\/wp-content\/uploads\/2022\/04\/mockup-app-team2go3-860x1030.png\" \/>\n<meta name=\"twitter:site\" content=\"@MYTEAM2GO\" \/>\n<meta name=\"twitter:label1\" content=\"Est. reading time\" \/>\n\t<meta name=\"twitter:data1\" content=\"2 minutes\" \/>\n<script type=\"application\/ld+json\" class=\"yoast-schema-graph\">{\"@context\":\"https:\\\/\\\/schema.org\",\"@graph\":[{\"@type\":\"WebPage\",\"@id\":\"https:\\\/\\\/team2go.es\\\/en\\\/team2go-en-tu-movil\\\/\",\"url\":\"https:\\\/\\\/team2go.es\\\/en\\\/team2go-en-tu-movil\\\/\",\"name\":\"App Team2Go - Gesti\u00f3n RRHH desde cualquier lugar\",\"isPartOf\":{\"@id\":\"https:\\\/\\\/team2go.es\\\/en\\\/#website\"},\"primaryImageOfPage\":{\"@id\":\"https:\\\/\\\/team2go.es\\\/en\\\/team2go-en-tu-movil\\\/#primaryimage\"},\"image\":{\"@id\":\"https:\\\/\\\/team2go.es\\\/en\\\/team2go-en-tu-movil\\\/#primaryimage\"},\"thumbnailUrl\":\"https:\\\/\\\/team2go.es\\\/wp-content\\\/uploads\\\/2022\\\/04\\\/mockup-app-team2go3.png\",\"datePublished\":\"2020-10-23T11:46:12+00:00\",\"dateModified\":\"2024-09-19T16:05:19+00:00\",\"description\":\"La gesti\u00f3n inteligente de Recursos Humanos siempre estar\u00e1 disponible con la App Team2Go. Desc\u00e1rgala desde Google Play o App Store.\",\"breadcrumb\":{\"@id\":\"https:\\\/\\\/team2go.es\\\/en\\\/team2go-en-tu-movil\\\/#breadcrumb\"},\"inLanguage\":\"en-US\",\"potentialAction\":[{\"@type\":\"ReadAction\",\"target\":[\"https:\\\/\\\/team2go.es\\\/en\\\/team2go-en-tu-movil\\\/\"]}]},{\"@type\":\"ImageObject\",\"inLanguage\":\"en-US\",\"@id\":\"https:\\\/\\\/team2go.es\\\/en\\\/team2go-en-tu-movil\\\/#primaryimage\",\"url\":\"https:\\\/\\\/team2go.es\\\/wp-content\\\/uploads\\\/2022\\\/04\\\/mockup-app-team2go3.png\",\"contentUrl\":\"https:\\\/\\\/team2go.es\\\/wp-content\\\/uploads\\\/2022\\\/04\\\/mockup-app-team2go3.png\"},{\"@type\":\"BreadcrumbList\",\"@id\":\"https:\\\/\\\/team2go.es\\\/en\\\/team2go-en-tu-movil\\\/#breadcrumb\",\"itemListElement\":[{\"@type\":\"ListItem\",\"position\":1,\"name\":\"Portada\",\"item\":\"https:\\\/\\\/team2go.es\\\/en\\\/\"},{\"@type\":\"ListItem\",\"position\":2,\"name\":\"Team2Go en tu m\u00f3vil\"}]},{\"@type\":\"WebSite\",\"@id\":\"https:\\\/\\\/team2go.es\\\/en\\\/#website\",\"url\":\"https:\\\/\\\/team2go.es\\\/en\\\/\",\"name\":\"Team2go\",\"description\":\"Software de Recursos Humanos\",\"potentialAction\":[{\"@type\":\"SearchAction\",\"target\":{\"@type\":\"EntryPoint\",\"urlTemplate\":\"https:\\\/\\\/team2go.es\\\/en\\\/?s={search_term_string}\"},\"query-input\":{\"@type\":\"PropertyValueSpecification\",\"valueRequired\":true,\"valueName\":\"search_term_string\"}}],\"inLanguage\":\"en-US\"}]}<\/script>\n<!-- \/ Yoast SEO plugin. -->","yoast_head_json":{"title":"App Team2Go - Gesti\u00f3n RRHH desde cualquier lugar","description":"La gesti\u00f3n inteligente de Recursos Humanos siempre estar\u00e1 disponible con la App Team2Go. Desc\u00e1rgala desde Google Play o App Store.","robots":{"index":"noindex","follow":"nofollow"},"og_locale":"en_US","og_type":"article","og_title":"App Team2Go - Gesti\u00f3n RRHH desde cualquier lugar","og_description":"La gesti\u00f3n inteligente de Recursos Humanos siempre estar\u00e1 disponible con la App Team2Go. Desc\u00e1rgala desde Google Play o App Store.","og_url":"https:\/\/team2go.es\/en\/team2go-en-tu-movil\/","og_site_name":"Team2go","article_publisher":"https:\/\/www.facebook.com\/Team2go-1797808423856946\/","article_modified_time":"2024-09-19T16:05:19+00:00","og_image":[{"url":"https:\/\/team2go.es\/wp-content\/uploads\/2022\/03\/nueva-app-600-450-px-350-350-px-300x300.png","type":"","width":"","height":""}],"twitter_card":"summary_large_image","twitter_image":"https:\/\/team2go.es\/wp-content\/uploads\/2022\/04\/mockup-app-team2go3-860x1030.png","twitter_site":"@MYTEAM2GO","twitter_misc":{"Est. reading time":"2 minutes"},"schema":{"@context":"https:\/\/schema.org","@graph":[{"@type":"WebPage","@id":"https:\/\/team2go.es\/en\/team2go-en-tu-movil\/","url":"https:\/\/team2go.es\/en\/team2go-en-tu-movil\/","name":"App Team2Go - Gesti\u00f3n RRHH desde cualquier lugar","isPartOf":{"@id":"https:\/\/team2go.es\/en\/#website"},"primaryImageOfPage":{"@id":"https:\/\/team2go.es\/en\/team2go-en-tu-movil\/#primaryimage"},"image":{"@id":"https:\/\/team2go.es\/en\/team2go-en-tu-movil\/#primaryimage"},"thumbnailUrl":"https:\/\/team2go.es\/wp-content\/uploads\/2022\/04\/mockup-app-team2go3.png","datePublished":"2020-10-23T11:46:12+00:00","dateModified":"2024-09-19T16:05:19+00:00","description":"La gesti\u00f3n inteligente de Recursos Humanos siempre estar\u00e1 disponible con la App Team2Go. Desc\u00e1rgala desde Google Play o App Store.","breadcrumb":{"@id":"https:\/\/team2go.es\/en\/team2go-en-tu-movil\/#breadcrumb"},"inLanguage":"en-US","potentialAction":[{"@type":"ReadAction","target":["https:\/\/team2go.es\/en\/team2go-en-tu-movil\/"]}]},{"@type":"ImageObject","inLanguage":"en-US","@id":"https:\/\/team2go.es\/en\/team2go-en-tu-movil\/#primaryimage","url":"https:\/\/team2go.es\/wp-content\/uploads\/2022\/04\/mockup-app-team2go3.png","contentUrl":"https:\/\/team2go.es\/wp-content\/uploads\/2022\/04\/mockup-app-team2go3.png"},{"@type":"BreadcrumbList","@id":"https:\/\/team2go.es\/en\/team2go-en-tu-movil\/#breadcrumb","itemListElement":[{"@type":"ListItem","position":1,"name":"Portada","item":"https:\/\/team2go.es\/en\/"},{"@type":"ListItem","position":2,"name":"Team2Go en tu m\u00f3vil"}]},{"@type":"WebSite","@id":"https:\/\/team2go.es\/en\/#website","url":"https:\/\/team2go.es\/en\/","name":"Team2go","description":"Software de Recursos Humanos","potentialAction":[{"@type":"SearchAction","target":{"@type":"EntryPoint","urlTemplate":"https:\/\/team2go.es\/en\/?s={search_term_string}"},"query-input":{"@type":"PropertyValueSpecification","valueRequired":true,"valueName":"search_term_string"}}],"inLanguage":"en-US"}]}},"uagb_featured_image_src":{"full":false,"thumbnail":false,"medium":false,"medium_large":false,"large":false,"1536x1536":false,"2048x2048":false,"image-size-150x150":false,"image-size-550x550":false,"image-size-550x550-@2x":false,"photo-album-thumbnail-small":false,"photo-album-thumbnail-square":false,"employees-large":false,"employees-small":false,"blog-magazine-thumbnail":false,"blog-magazine-thumbnail-@2x":false,"woocommerce-recent-carousel":false,"blog-carousel":false,"blog-carousel-@2x":false,"blog-showcase":false,"blog-showcase-@2x":false,"portfolio-x_x":false,"portfolio-two_x_x":false,"portfolio-four_x_x":false,"portfolio-x_two_x":false,"portfolio-two_x_two_x":false,"portfolio-three_x_two_x":false,"portfolio-three_x_x":false,"portfolio-four_x_two_x":false,"portfolio-x_x-@2x":false,"portfolio-two_x_x-@2x":false,"portfolio-four_x_x-@2x":false,"portfolio-x_two_x-@2x":false,"portfolio-two_x_two_x-@2x":false,"portfolio-three_x_x-@2x":false,"portfolio-three_x_two_x-@2x":false,"portfolio-four_x_two_x-@2x":false,"portfolio-four_x_x-@mobile":false,"portfolio-three_x_x-@mobile":false,"portfolio-three_x_two_x-@mobile":false,"portfolio-four_x_two_x-@mobile":false,"landscape-desktop":false,"landscape-tablet":false,"landscape-mobile":false,"portrait-desktop":false,"portrait-tablet":false,"portrait-mobile":false,"bdpp-medium":false},"uagb_author_info":{"display_name":"Team2Go","author_link":"https:\/\/team2go.es\/en\/author\/businessgo_2019\/"},"uagb_comment_info":0,"uagb_excerpt":"[vc_row fullwidth=&#8221;true&#8221; fullwidth_content=&#8221;false&#8221; el_class=&#8221;slider-home&#8221;][vc_column][vc_row_inner el_class=&#8221;flex&#8221;][vc_column_inner el_class=&#8221;slider-form&#8221; width=&#8221;1\/2&#8243;][vc_column_text css=&#8221;.vc_custom_1726749895404{margin-bottom: 0px !important;}&#8221;] Try the Team2Go App HR Management wherever you need it [\/vc_column_text][vc_column_text css=&#8221;.vc_custom_1726749948292{margin-bottom: 0px !important;}&#8221;] We&#8217;ve taken intelligent HR management to [&hellip;]","_links":{"self":[{"href":"https:\/\/team2go.es\/en\/wp-json\/wp\/v2\/pages\/8897","targetHints":{"allow":["GET"]}}],"collection":[{"href":"https:\/\/team2go.es\/en\/wp-json\/wp\/v2\/pages"}],"about":[{"href":"https:\/\/team2go.es\/en\/wp-json\/wp\/v2\/types\/page"}],"author":[{"embeddable":true,"href":"https:\/\/team2go.es\/en\/wp-json\/wp\/v2\/users\/2"}],"replies":[{"embeddable":true,"href":"https:\/\/team2go.es\/en\/wp-json\/wp\/v2\/comments?post=8897"}],"version-history":[{"count":0,"href":"https:\/\/team2go.es\/en\/wp-json\/wp\/v2\/pages\/8897\/revisions"}],"wp:attachment":[{"href":"https:\/\/team2go.es\/en\/wp-json\/wp\/v2\/media?parent=8897"}],"curies":[{"name":"wp","href":"https:\/\/api.w.org\/{rel}","templated":true}]}}