{"id":8481,"date":"2023-03-14T11:53:48","date_gmt":"2023-03-14T09:53:48","guid":{"rendered":"https:\/\/team2go.es\/politica-de-seguridad\/"},"modified":"2023-03-14T11:53:48","modified_gmt":"2023-03-14T09:53:48","slug":"politica-de-seguridad","status":"publish","type":"page","link":"https:\/\/team2go.es\/en\/politica-de-seguridad\/","title":{"rendered":"Pol\u00edtica de seguridad"},"content":{"rendered":"<h1>Pol\u00edtica de seguridad<\/h1>\n<p><strong>Team2Go<\/strong> se especializa en desarrollo y comercializaci\u00f3n del software MyTeam2Go.<\/p>\n<p>Nuestra <strong>MISI\u00d3N<\/strong> es <strong>prestar el mejor servicio al cliente con nuestra aplicaci\u00f3n Team2Go, en materia de implantaci\u00f3n, mantenimiento y soporte.<\/strong><\/p>\n<p>Nuestra <strong>VISI\u00d3N<\/strong> es ser un referente en servicios de <strong>digitalizaci\u00f3n de pol\u00edticas de recursos humanos<\/strong>.<\/p>\n<p>&nbsp;<\/p>\n<p>En el camino que marca nuestra Misi\u00f3n y Visi\u00f3n, hemos definido unos <strong>VALORES<\/strong> a compartir, que siempre tengan en cuenta aspectos claves en la gesti\u00f3n de la seguridad de la informaci\u00f3n, que nos permitan desarrollar una cultura de empresa, una forma de trabajar y de tomar decisiones en <strong>Team2Go<\/strong>:<\/p>\n<ul>\n<li>Nuestra especializaci\u00f3n y continua puesta al d\u00eda.<\/li>\n<li>Lograr que la seguridad de la informaci\u00f3n y el respeto a los datos personales sean una constante<strong>:<\/strong>\n<ul>\n<li>Preservando la <strong>confidencialidad<\/strong> de la informaci\u00f3n y evitando su divulgaci\u00f3n y el acceso por personas no autorizadas.<\/li>\n<li>Manteniendo la <strong>integridad<\/strong> de la informaci\u00f3n procurando su exactitud y evitando su deterioro.<\/li>\n<li>Asegurando la <strong>disponibilidad<\/strong> de la informaci\u00f3n en todos los soportes y siempre que sea necesaria.<\/li>\n<\/ul>\n<\/li>\n<li>La Direcci\u00f3n de <strong>Team2Go<\/strong> valora especialmente y establece como criterio principal para la estimaci\u00f3n de sus riesgos la valoraci\u00f3n de la <strong>disponibilidad<\/strong> de su informaci\u00f3n y a\u00fan m\u00e1s la de sus clientes.<\/li>\n<li>As\u00ed, <strong>Team2Go<\/strong> se compromete a desarrollar, implantar, mantener y mejorar continuamente su <strong>Sistema de Gesti\u00f3n de Seguridad de la Informaci\u00f3n (SGSI) <\/strong>con el objetivo de la mejora continua en la forma en que prestamos nuestros servicios y en la forma en que tratamos la informaci\u00f3n de nuestros clientes y nuestra organizaci\u00f3n. Por ello, es pol\u00edtica de <strong>Team2GO<\/strong> que:\n<ul>\n<li>Se establezcan anualmente objetivos con relaci\u00f3n a la Seguridad de la Informaci\u00f3n.<\/li>\n<li>Se cumpla con los requisitos legales, contractuales y del negocio.<\/li>\n<li>Se realicen actividades de formaci\u00f3n y concienciaci\u00f3n en materia de los procesos de\u00a0 Seguridad de la Informaci\u00f3n para todo el personal.<\/li>\n<li>Se desarrolle un proceso de an\u00e1lisis, gesti\u00f3n y tratamiento del riesgo sobre los activos de informaci\u00f3n.<\/li>\n<li>Se establezcan los objetivos de control y los controles correspondientes para mitigar los riesgos detectados.<\/li>\n<li>Se establezca la responsabilidad de los empleados en relaci\u00f3n a:\n<ul>\n<li>Reportar las violaciones a la seguridad<\/li>\n<li>Preservar la confidencialidad, integridad y disponibilidad de los activos de informaci\u00f3n en cumplimiento de la presente pol\u00edtica<\/li>\n<li>Cumplir las pol\u00edticas y procedimientos inherentes al Sistema de Gesti\u00f3n de la Seguridad de la Informaci\u00f3n.<\/li>\n<\/ul>\n<\/li>\n<\/ul>\n<\/li>\n<li>El Responsable de Seguridad es el responsable directo del mantenimiento de esta pol\u00edtica, prestando consejo y gu\u00eda para su implementaci\u00f3n y correcciones ante desviaciones en su cumplimiento.<\/li>\n<\/ul>\n","protected":false},"excerpt":{"rendered":"<p>Pol\u00edtica de seguridad Team2Go se especializa en desarrollo y comercializaci\u00f3n del software MyTeam2Go. Nuestra MISI\u00d3N es prestar el mejor servicio al cliente con nuestra aplicaci\u00f3n Team2Go, en materia de implantaci\u00f3n, [&hellip;]<\/p>\n","protected":false},"author":2,"featured_media":0,"parent":0,"menu_order":0,"comment_status":"closed","ping_status":"closed","template":"","meta":{"inline_featured_image":false,"_uag_custom_page_level_css":"","footnotes":""},"class_list":["post-8481","page","type-page","status-publish","hentry"],"yoast_head":"<!-- This site is optimized with the Yoast SEO plugin v27.4 - https:\/\/yoast.com\/product\/yoast-seo-wordpress\/ -->\n<title>Pol\u00edtica de seguridad - Team2go<\/title>\n<meta name=\"robots\" content=\"noindex, nofollow\" \/>\n<meta property=\"og:locale\" content=\"en_US\" \/>\n<meta property=\"og:type\" content=\"article\" \/>\n<meta property=\"og:title\" content=\"Pol\u00edtica de seguridad - Team2go\" \/>\n<meta property=\"og:description\" content=\"Pol\u00edtica de seguridad Team2Go se especializa en desarrollo y comercializaci\u00f3n del software MyTeam2Go. Nuestra MISI\u00d3N es prestar el mejor servicio al cliente con nuestra aplicaci\u00f3n Team2Go, en materia de implantaci\u00f3n, [&hellip;]\" \/>\n<meta property=\"og:url\" content=\"https:\/\/team2go.es\/en\/politica-de-seguridad\/\" \/>\n<meta property=\"og:site_name\" content=\"Team2go\" \/>\n<meta property=\"article:publisher\" content=\"https:\/\/www.facebook.com\/Team2go-1797808423856946\/\" \/>\n<meta property=\"og:image\" content=\"https:\/\/team2go.es\/wp-content\/uploads\/2022\/02\/logo-team2go.png\" \/>\n\t<meta property=\"og:image:width\" content=\"200\" \/>\n\t<meta property=\"og:image:height\" content=\"200\" \/>\n\t<meta property=\"og:image:type\" content=\"image\/png\" \/>\n<meta name=\"twitter:card\" content=\"summary_large_image\" \/>\n<meta name=\"twitter:site\" content=\"@MYTEAM2GO\" \/>\n<meta name=\"twitter:label1\" content=\"Est. reading time\" \/>\n\t<meta name=\"twitter:data1\" content=\"2 minutes\" \/>\n<script type=\"application\/ld+json\" class=\"yoast-schema-graph\">{\"@context\":\"https:\\\/\\\/schema.org\",\"@graph\":[{\"@type\":\"WebPage\",\"@id\":\"https:\\\/\\\/team2go.es\\\/en\\\/politica-de-seguridad\\\/\",\"url\":\"https:\\\/\\\/team2go.es\\\/en\\\/politica-de-seguridad\\\/\",\"name\":\"Pol\u00edtica de seguridad - Team2go\",\"isPartOf\":{\"@id\":\"https:\\\/\\\/team2go.es\\\/en\\\/#website\"},\"datePublished\":\"2023-03-14T09:53:48+00:00\",\"breadcrumb\":{\"@id\":\"https:\\\/\\\/team2go.es\\\/en\\\/politica-de-seguridad\\\/#breadcrumb\"},\"inLanguage\":\"en-US\",\"potentialAction\":[{\"@type\":\"ReadAction\",\"target\":[\"https:\\\/\\\/team2go.es\\\/en\\\/politica-de-seguridad\\\/\"]}]},{\"@type\":\"BreadcrumbList\",\"@id\":\"https:\\\/\\\/team2go.es\\\/en\\\/politica-de-seguridad\\\/#breadcrumb\",\"itemListElement\":[{\"@type\":\"ListItem\",\"position\":1,\"name\":\"Portada\",\"item\":\"https:\\\/\\\/team2go.es\\\/en\\\/\"},{\"@type\":\"ListItem\",\"position\":2,\"name\":\"Pol\u00edtica de seguridad\"}]},{\"@type\":\"WebSite\",\"@id\":\"https:\\\/\\\/team2go.es\\\/en\\\/#website\",\"url\":\"https:\\\/\\\/team2go.es\\\/en\\\/\",\"name\":\"Team2go\",\"description\":\"Software de Recursos Humanos\",\"potentialAction\":[{\"@type\":\"SearchAction\",\"target\":{\"@type\":\"EntryPoint\",\"urlTemplate\":\"https:\\\/\\\/team2go.es\\\/en\\\/?s={search_term_string}\"},\"query-input\":{\"@type\":\"PropertyValueSpecification\",\"valueRequired\":true,\"valueName\":\"search_term_string\"}}],\"inLanguage\":\"en-US\"}]}<\/script>\n<!-- \/ Yoast SEO plugin. -->","yoast_head_json":{"title":"Pol\u00edtica de seguridad - Team2go","robots":{"index":"noindex","follow":"nofollow"},"og_locale":"en_US","og_type":"article","og_title":"Pol\u00edtica de seguridad - Team2go","og_description":"Pol\u00edtica de seguridad Team2Go se especializa en desarrollo y comercializaci\u00f3n del software MyTeam2Go. Nuestra MISI\u00d3N es prestar el mejor servicio al cliente con nuestra aplicaci\u00f3n Team2Go, en materia de implantaci\u00f3n, [&hellip;]","og_url":"https:\/\/team2go.es\/en\/politica-de-seguridad\/","og_site_name":"Team2go","article_publisher":"https:\/\/www.facebook.com\/Team2go-1797808423856946\/","og_image":[{"width":200,"height":200,"url":"https:\/\/team2go.es\/wp-content\/uploads\/2022\/02\/logo-team2go.png","type":"image\/png"}],"twitter_card":"summary_large_image","twitter_site":"@MYTEAM2GO","twitter_misc":{"Est. reading time":"2 minutes"},"schema":{"@context":"https:\/\/schema.org","@graph":[{"@type":"WebPage","@id":"https:\/\/team2go.es\/en\/politica-de-seguridad\/","url":"https:\/\/team2go.es\/en\/politica-de-seguridad\/","name":"Pol\u00edtica de seguridad - Team2go","isPartOf":{"@id":"https:\/\/team2go.es\/en\/#website"},"datePublished":"2023-03-14T09:53:48+00:00","breadcrumb":{"@id":"https:\/\/team2go.es\/en\/politica-de-seguridad\/#breadcrumb"},"inLanguage":"en-US","potentialAction":[{"@type":"ReadAction","target":["https:\/\/team2go.es\/en\/politica-de-seguridad\/"]}]},{"@type":"BreadcrumbList","@id":"https:\/\/team2go.es\/en\/politica-de-seguridad\/#breadcrumb","itemListElement":[{"@type":"ListItem","position":1,"name":"Portada","item":"https:\/\/team2go.es\/en\/"},{"@type":"ListItem","position":2,"name":"Pol\u00edtica de seguridad"}]},{"@type":"WebSite","@id":"https:\/\/team2go.es\/en\/#website","url":"https:\/\/team2go.es\/en\/","name":"Team2go","description":"Software de Recursos Humanos","potentialAction":[{"@type":"SearchAction","target":{"@type":"EntryPoint","urlTemplate":"https:\/\/team2go.es\/en\/?s={search_term_string}"},"query-input":{"@type":"PropertyValueSpecification","valueRequired":true,"valueName":"search_term_string"}}],"inLanguage":"en-US"}]}},"uagb_featured_image_src":{"full":false,"thumbnail":false,"medium":false,"medium_large":false,"large":false,"1536x1536":false,"2048x2048":false,"image-size-150x150":false,"image-size-550x550":false,"image-size-550x550-@2x":false,"photo-album-thumbnail-small":false,"photo-album-thumbnail-square":false,"employees-large":false,"employees-small":false,"blog-magazine-thumbnail":false,"blog-magazine-thumbnail-@2x":false,"woocommerce-recent-carousel":false,"blog-carousel":false,"blog-carousel-@2x":false,"blog-showcase":false,"blog-showcase-@2x":false,"portfolio-x_x":false,"portfolio-two_x_x":false,"portfolio-four_x_x":false,"portfolio-x_two_x":false,"portfolio-two_x_two_x":false,"portfolio-three_x_two_x":false,"portfolio-three_x_x":false,"portfolio-four_x_two_x":false,"portfolio-x_x-@2x":false,"portfolio-two_x_x-@2x":false,"portfolio-four_x_x-@2x":false,"portfolio-x_two_x-@2x":false,"portfolio-two_x_two_x-@2x":false,"portfolio-three_x_x-@2x":false,"portfolio-three_x_two_x-@2x":false,"portfolio-four_x_two_x-@2x":false,"portfolio-four_x_x-@mobile":false,"portfolio-three_x_x-@mobile":false,"portfolio-three_x_two_x-@mobile":false,"portfolio-four_x_two_x-@mobile":false,"landscape-desktop":false,"landscape-tablet":false,"landscape-mobile":false,"portrait-desktop":false,"portrait-tablet":false,"portrait-mobile":false,"bdpp-medium":false},"uagb_author_info":{"display_name":"Team2Go","author_link":"https:\/\/team2go.es\/en\/author\/businessgo_2019\/"},"uagb_comment_info":0,"uagb_excerpt":"Pol\u00edtica de seguridad Team2Go se especializa en desarrollo y comercializaci\u00f3n del software MyTeam2Go. Nuestra MISI\u00d3N es prestar el mejor servicio al cliente con nuestra aplicaci\u00f3n Team2Go, en materia de implantaci\u00f3n, [&hellip;]","_links":{"self":[{"href":"https:\/\/team2go.es\/en\/wp-json\/wp\/v2\/pages\/8481","targetHints":{"allow":["GET"]}}],"collection":[{"href":"https:\/\/team2go.es\/en\/wp-json\/wp\/v2\/pages"}],"about":[{"href":"https:\/\/team2go.es\/en\/wp-json\/wp\/v2\/types\/page"}],"author":[{"embeddable":true,"href":"https:\/\/team2go.es\/en\/wp-json\/wp\/v2\/users\/2"}],"replies":[{"embeddable":true,"href":"https:\/\/team2go.es\/en\/wp-json\/wp\/v2\/comments?post=8481"}],"version-history":[{"count":0,"href":"https:\/\/team2go.es\/en\/wp-json\/wp\/v2\/pages\/8481\/revisions"}],"wp:attachment":[{"href":"https:\/\/team2go.es\/en\/wp-json\/wp\/v2\/media?parent=8481"}],"curies":[{"name":"wp","href":"https:\/\/api.w.org\/{rel}","templated":true}]}}