{"id":8473,"date":"2019-03-12T09:15:54","date_gmt":"2019-03-12T07:15:54","guid":{"rendered":"https:\/\/team2go.es\/politica-de-cookies\/"},"modified":"2024-08-29T13:09:16","modified_gmt":"2024-08-29T11:09:16","slug":"politica-de-cookies","status":"publish","type":"page","link":"https:\/\/team2go.es\/en\/politica-de-cookies\/","title":{"rendered":"Pol\u00edtica de Cookies"},"content":{"rendered":"<div class=\"wpb-content-wrapper\">[vc_row][vc_column][vc_column_text css=&#8221;.vc_custom_1718703577618{margin-bottom: 0px !important;}&#8221;]\n<h1>Pol\u00edtica de Cookies<\/h1>\n<p>En cumplimiento de la Ley 34\/2002 de Servicios de la Sociedad de la Informaci\u00f3n y Comercio Electr\u00f3nico le informamos de la utilizaci\u00f3n de cookies en las webs y aplicaciones de la empresa con el fin de facilitar y mejorar la navegaci\u00f3n a los usuarios, recordando por donde naveg\u00f3 en el sitio web, las preferencias y las configuraciones de visualizaci\u00f3n.<\/p>\n<p>Recuerde que antes de empezar a utilizar cualquiera de nuestros servicios o funcionalidades, deber\u00e1 leer en esta Pol\u00edtica de Cookies y la Pol\u00edtica de Privacidad, as\u00ed como el Aviso Legal. En dichas secciones podr\u00e1 ver si se requiere un tratamiento espec\u00edfico de sus datos personales.<\/p>\n<ol>\n<li><strong>\u00bfQu\u00e9 es una cookie?<\/strong><\/li>\n<\/ol>\n<p>Una cookie es un peque\u00f1o archivo que se descarga y almacena en su ordenador al acceder a determinadas p\u00e1ginas web. Las cookies permiten a una p\u00e1gina web, entre otras cosas, almacenar y recuperar informaci\u00f3n sobre la navegaci\u00f3n de un usuario o de su equipo, esta informaci\u00f3n se asocia al navegador permitiendo identificar al usuario de manera an\u00f3nima, por lo que son esenciales para el funcionamiento de Internet, aportando ventajas para la prestaci\u00f3n de servicios interactivos, facilit\u00e1ndole la navegaci\u00f3n al guardar sus preferencias y la usabilidad de nuestra web. Tenga en cuenta que las cookies no pueden da\u00f1ar su equipo y que a cambio el que est\u00e9n activadas nos ayudan a identificar y resolver los errores.<\/p>\n<p>Aquellos usuarios que no deseen la instalaci\u00f3n de cookies o quieran ser informados antes de que se almacenen en su ordenador, pueden configurar su navegador a tal efecto.<\/p>\n<ol>\n<li><strong>Tipos de cookies<\/strong><\/li>\n<\/ol>\n<p>Seg\u00fan quien sea la entidad que gestione el dominio desde donde se env\u00edan las cookies y trate los datos que se obtengan se pueden distinguir dos tipos:<\/p>\n<ul>\n<li>Cookies propias: Son aquellas que se env\u00edan a tu equipo desde nuestros propios equipos o dominios y desde el que prestamos el servicio que nos solicitas.<\/li>\n<li>Cookies de terceros: Son aquellas que se env\u00edan a tu equipo desde un equipo o dominio que no es gestionado por nosotros, sino por otra entidad colaboradora. Como, por ejemplo, las usadas por redes sociales, o por contenido externo como Google Maps.<\/li>\n<\/ul>\n<p>Existe tambi\u00e9n una segunda clasificaci\u00f3n seg\u00fan el plazo de tiempo que permanecen almacenadas en el navegador del cliente, pudiendo tratarse de:<\/p>\n<ul>\n<li>Cookies de sesi\u00f3n: son archivos temporales que caducan inmediatamente o pocos segundos despu\u00e9s de que los usuarios abandonen el navegador web. Entre otros usos, estas cookies son utilizadas por sitios web de comercio electr\u00f3nico para recordar el producto colocado en el carrito por los usuarios, para mantener a las mismas conectadas y para calcular cada sesi\u00f3n de los usuarios con fines anal\u00edticos.<\/li>\n<li>Cookies persistentes: permanecen en el navegador de los usuarios durante mucho tiempo y el sitio web las lee cada vez que los usuarios realicen una nueva visita. Por lo general, las cookies persistentes deben tener una fecha de vencimiento que puede oscilar entre un segundo y diez a\u00f1os. Los editores utilizan cookies persistentes para rastrear a un solo usuario y su interacci\u00f3n con su sitio web.<\/li>\n<\/ul>\n<p>Por \u00faltimo, existe otra clasificaci\u00f3n con cinco tipos de cookies seg\u00fan la finalidad para la que se traten los datos obtenidos:<\/p>\n<ul>\n<li>Cookies t\u00e9cnicas: son las que permiten a los usuarios navegar por una p\u00e1gina web, sitio online o aplicaci\u00f3n y utilizar sus servicios o funciones, como por ejemplo recordar los elementos de un carrito, realizar el proceso de inscripci\u00f3n, almacenar contenidos para la difusi\u00f3n de v\u00eddeos, etc.<\/li>\n<li>Cookies de personalizaci\u00f3n: son las que permiten acceder al servicio con unas caracter\u00edsticas predefinidas en funci\u00f3n de una serie de criterios de los usuarios, como por ejemplo el idioma, el tipo de navegador a trav\u00e9s del cual se accede al servicio, la configuraci\u00f3n regional desde donde se accede al servicio, etc.<\/li>\n<li>Cookies anal\u00edticas: son las que permiten determinar el uso de un sitio, pueden rastrear a un usuario individual y as\u00ed realizar la medici\u00f3n y an\u00e1lisis estad\u00edstico de la utilizaci\u00f3n que hacen los usuarios de los servicios prestados, pero solo en la medida en que permitan a los usuarios viajar a trav\u00e9s del sitio. Para ello se analiza la navegaci\u00f3n en la p\u00e1gina web con el fin de mejorar la oferta de productos y servicios ofrecidos por la web.<\/li>\n<li>Cookies publicitarias: son las que permiten la gesti\u00f3n, de la forma m\u00e1s eficaz posible, de los espacios publicitarios que se pudieran incluir en la p\u00e1gina web y est\u00e1n dise\u00f1adas espec\u00edficamente para reunir informaci\u00f3n de los usuarios en su dispositivo de visualizaci\u00f3n de anuncios para enviarle publicidad en base a los temas relevantes que le interesan (podr\u00edamos decir que, entre los diferentes tipos de cookies, son cookies para vender). Estas cookies son casi siempre cookies persistentes de terceros. Esto significa que las cookies pueden seguir al usuario mientras visita otros sitios web.<\/li>\n<li>Cookies de publicidad comportamental: son las que almacenan informaci\u00f3n del comportamiento de los usuarios obtenida a trav\u00e9s de la observaci\u00f3n continuada. Estas sirven para recopilar informaci\u00f3n sobre la actividad de navegaci\u00f3n, se conocen los h\u00e1bitos de navegaci\u00f3n en internet y se muestra publicidad relacionada con el perfil de navegaci\u00f3n de los usuarios.<\/li>\n<li>Cookies de complementos: son aquellas que se generan al usar complementos de proveedores externos de contenido y que permiten a los usuarios acceder a contenidos o servicios proporcionados por terceros, como, por ejemplo, las localizaciones en Google maps, la conexi\u00f3n con redes sociales o el acceso a YouTube. Las condiciones de utilizaci\u00f3n de estas cookies y la informaci\u00f3n recopilada se regulan por la pol\u00edtica de privacidad de la plataforma social correspondiente.<\/li>\n<li>Cookies de reproductor multimedia: son las que permiten la reproducci\u00f3n de audio o video de manera autom\u00e1tica que se encuentre en el sitio web.<\/li>\n<\/ul>\n<ol>\n<li><strong>Cookies utilizadas en la web<\/strong><\/li>\n<\/ol>\n<p>A continuaci\u00f3n, se identifican las cookies utilizadas en este Sitio Web. Puede cambiar la configuraci\u00f3n de las cookies siempre que quiera.<\/p>\n<p>Tabla detallada de las cookies propias y de terceros que se utilizan en este sitio web.<\/p>\n<table width=\"100%\">\n<tbody>\n<tr>\n<td colspan=\"3\" width=\"100%\"><strong>Cookies propias<\/strong><\/td>\n<\/tr>\n<tr>\n<td width=\"26%\"><strong>Tipo<\/strong><\/td>\n<td width=\"36%\">Nombre<\/td>\n<td width=\"36%\">Funci\u00f3n<\/td>\n<\/tr>\n<tr>\n<td width=\"26%\"><strong>Identificador de sesi\u00f3n<\/strong><\/td>\n<td width=\"36%\">JSESSIONID<\/td>\n<td width=\"36%\">Cookie de sesi\u00f3n generada por JSF, utilizada para mantener la sesi\u00f3n del usuario.<\/td>\n<\/tr>\n<tr>\n<td width=\"26%\"><strong>CSRF<\/strong><\/td>\n<td width=\"36%\">XSRF-TOKEN<\/td>\n<td width=\"36%\">Cookie de seguridad utilizada para proteger contra ataques CSRF (Cross-Site Request Forgery).<\/td>\n<\/tr>\n<tr>\n<td width=\"26%\"><strong>Cookie de aceptaci\u00f3n<\/strong><\/td>\n<td width=\"36%\">Viewed_cookie_policy<\/td>\n<td width=\"36%\">Es la cookie que se crea cuando aceptas las pol\u00edticas de cookies de la pagina.<\/td>\n<\/tr>\n<tr>\n<td width=\"26%\"><strong>Cookie CMS<\/strong><\/td>\n<td width=\"36%\">PHPSESSID_hjIncludedInsample<\/td>\n<td width=\"36%\">Cookies de Sesi\u00f3n , Funcionalidad CMS.<\/td>\n<\/tr>\n<tr>\n<td colspan=\"3\" width=\"100%\"><strong>Cookies de terceros<\/strong><\/td>\n<\/tr>\n<tr>\n<td width=\"26%\"><strong>Tipo<\/strong><\/td>\n<td width=\"36%\">Nombre<\/td>\n<td width=\"36%\">Funci\u00f3n<\/td>\n<\/tr>\n<tr>\n<td width=\"26%\"><strong>\u00a0<\/strong><\/td>\n<td width=\"36%\"><\/td>\n<td width=\"36%\"><\/td>\n<\/tr>\n<tr>\n<td width=\"26%\"><strong>Cookie anal\u00edtica de Google<\/strong><\/td>\n<td width=\"36%\">_ga<\/td>\n<td width=\"36%\">Cookie de Google Analytics utilizada para distinguir a los usuarios y recopilar informaci\u00f3n sobre el uso del sitio web.<\/td>\n<\/tr>\n<tr>\n<td width=\"26%\"><strong>Cookie anal\u00edtica de Google<\/strong><\/td>\n<td width=\"36%\">_ga_KMFJC0VM0C<\/td>\n<td width=\"36%\">Cookie de Google Analytics utilizada para distinguir a los usuarios y recopilar informaci\u00f3n sobre el uso del sitio web.<\/td>\n<\/tr>\n<tr>\n<td width=\"26%\"><strong>Cookie anal\u00edtica De Google<\/strong><\/td>\n<td width=\"36%\">_ga_gid<\/td>\n<td width=\"36%\">Datos de navegaci\u00f3n an\u00f3nimos que permiten saber qu\u00e9 se consulta y c\u00f3mo se navega dentro de los webs.La biblioteca ga puede configurar las siguientes cookies:-utma : distingue usuarios y sesiones.-utmt : usa para limitar el porcentaje de solicitudes.-utmb : usa para determinar nuevas sesiones o visitas<\/p>\n<p>-utmc : no se usa en ga.js.<\/p>\n<p>-utmv : almacenar datos de variables personalizadas de visitante<\/p>\n<p>-utmz : almacena la fuente de tr\u00e1fico o la campa\u00f1a que explica c\u00f3mo ha llegado el usuario al sitio.<\/p>\n<p>&nbsp;<\/td>\n<\/tr>\n<tr>\n<td width=\"26%\"><strong>Cookie anal\u00edticaDe Google<\/strong><\/td>\n<td width=\"36%\">_gat_UA-xxxxxxxx-x_dc_gtm_UA-xxxxxx-x<\/td>\n<td width=\"36%\">Cookies de seguimiento anal\u00edticas de google. Se usa para limitar el porcentaje de solicitudes. Duraci\u00f3n Limitada.<\/td>\n<\/tr>\n<tr>\n<td width=\"26%\"><strong>Cookie anal\u00edticaDe Google<\/strong><\/td>\n<td width=\"36%\">NIDCONSENTDV<\/td>\n<td width=\"36%\">Contiene un ID \u00fanico que Google utiliza para recordar tus preferencias y otra informaci\u00f3n.Visualizaci\u00f3n de mapas mediante la aplicaci\u00f3n de Google Maps.<\/td>\n<\/tr>\n<tr>\n<td width=\"26%\"><strong>Cookie anal\u00edticaDe Facebook<\/strong><\/td>\n<td width=\"36%\">.fr<\/td>\n<td width=\"36%\">Cookie del enlace en la web hacia redes sociales.<\/td>\n<\/tr>\n<tr>\n<td width=\"26%\"><strong>Cookie anal\u00edticaDe Doubleclick.net<\/strong><\/td>\n<td width=\"36%\">IDEID\u200b<\/td>\n<td width=\"36%\">Cookie utilizada por Doubleclick.net para la recopilaci\u00f3n de informaci\u00f3n de forma an\u00f3nima, incluyendo el n\u00famero de visitas al sitio web, desde donde han llegado las visitas y las p\u00e1ginas webs visitadas.<\/td>\n<\/tr>\n<\/tbody>\n<\/table>\n<ol>\n<li><strong>Gesti\u00f3n de Cookies<\/strong><\/li>\n<\/ol>\n<p>Usted tiene la opci\u00f3n de permitir, bloquear o eliminar las cookies instaladas en su equipo mediante la configuraci\u00f3n de las opciones del navegador. En cualquier momento podr\u00e1 elegir qu\u00e9 cookies quiere que funcionen en el sitio web. Sin embrago, es posible que, al desactivar cookies, algunos de los servicios disponibles podr\u00edan dejar de estar operativos.<\/p>\n<p>La forma de deshabilitar las cookies es diferente para cada navegador, pero normalmente puede hacerse desde el men\u00fa herramientas u opciones. Tambi\u00e9n puede consultarse el men\u00fa de ayuda del navegador d\u00f3nde puede encontrar instrucciones.<\/p>\n<p>Puede usted permitir, bloquear o eliminar las cookies instaladas en su equipo mediante la configuraci\u00f3n de las opciones del navegador instalado en su ordenador:<\/p>\n<ul>\n<li>Microsoft Internet Explorer o Microsoft Edge:\u202f<a href=\"http:\/\/windows.microsoft.com\/es-es\/windows-vista\/Block-or-allow-cookies\">http:\/\/windows.microsoft.com\/es-es\/windows-vista\/Block-or-allow-cookies<\/a><\/li>\n<li>Mozilla Firefox:\u202f<a href=\"http:\/\/support.mozilla.org\/es\/kb\/impedir-que-los-sitios-web-guarden-sus-preferencia\">http:\/\/support.mozilla.org\/es\/kb\/impedir-que-los-sitios-web-guarden-sus-preferencia<\/a><\/li>\n<li>Chrome:\u202f<a href=\"https:\/\/support.google.com\/accounts\/answer\/61416?hl=es\">https:\/\/support.google.com\/accounts\/answer\/61416?hl=es<\/a><\/li>\n<li>Safari:\u202f<a href=\"http:\/\/safari.helpmax.net\/es\/privacidad-y-seguridad\/como-gestionar-las-cookies\/\">http:\/\/safari.helpmax.net\/es\/privacidad-y-seguridad\/como-gestionar-las-cookies\/<\/a><\/li>\n<li>Opera:\u202f<a href=\"http:\/\/help.opera.com\/Linux\/10.60\/es-ES\/cookies.html\">http:\/\/help.opera.com\/Linux\/10.60\/es-ES\/cookies.html<\/a><\/li>\n<\/ul>\n<p>En el caso de las cookies de Google Analytics, esta empresa almacena las cookies en servidores ubicados en Estados Unidos y se compromete a no compartirla con terceros, excepto en los casos en los que sea necesario para el funcionamiento del sistema o cuando la ley obligue a tal efecto. Seg\u00fan Google no guarda su direcci\u00f3n IP. Google Inc. es una compa\u00f1\u00eda adherida al Escudo de privacidad que garantiza que todos los datos transferidos ser\u00e1n tratados con un nivel de protecci\u00f3n acorde a la normativa europea. Puede consultar informaci\u00f3n detallada a este respecto\u00a0<a href=\"https:\/\/www.privacyshield.gov\/welcome\">en este enlace<\/a>. Si desea informaci\u00f3n sobre el uso que Google da a las cookies\u00a0<a href=\"https:\/\/developers.google.com\/analytics\/devguides\/collection\/analyticsjs\/cookie-usage?hl=es&amp;csw=1\">le adjuntamos este otro enlace<\/a>.<\/p>\n<p>En su sentencia del 16 de julio de 2020, el TJCE declara el Escudo de Privacidad ineficaz, por lo que, para realizar transferencias internacionales de datos, ambas partes deben adherirse a cl\u00e1usulas contractuales tipo.<\/p>\n<ol>\n<li>Aceptaci\u00f3n de la Pol\u00edtica de cookies<strong>\u00a0<\/strong><\/li>\n<\/ol>\n<p>TEAM2GO TALENT MANAGEMENT SOLUTIONS, S.L., asume que usted como persona usuaria del sitio web acepta el uso de cookies. Al navegar y continuar en el sitio web nos indica que est\u00e1 consintiendo el uso de las cookies anteriormente enunciadas, y en las condiciones contenidas en la presente pol\u00edtica de cookies.<\/p>\n<p>En este sitio web no se almacenan los datos personales de los usuarios, a excepci\u00f3n de la direcci\u00f3n IP de acuerdo con lo descrito anteriormente, salvo que quiera registrarse de forma voluntaria con el fin de realizar peticiones sobre productos y\/o servicios de TEAM2GO TALENT MANAGEMENT SOLUTIONS, S.L..<\/p>\n<ul>\n<li>Ante esta informaci\u00f3n es posible llevar a cabo las siguientes acciones:<\/li>\n<li>Aceptar cookies. No se volver\u00e1 a visualizar este aviso al acceder a cualquier p\u00e1gina del portal durante la presente sesi\u00f3n.<\/li>\n<li>Se oculta el aviso en la presente p\u00e1gina.<\/li>\n<\/ul>\n<p>Modificar su configuraci\u00f3n. Podr\u00e1 obtener m\u00e1s informaci\u00f3n sobre qu\u00e9 son las cookies, conocer la Pol\u00edtica de cookies y modificar la configuraci\u00f3n de su navegador accediendo al sitio web o contactando con TEAM2GO TALENT MANAGEMENT SOLUTIONS, S.L..<\/p>\n<p>&nbsp;<\/p>\n<p>&nbsp;<\/p>\n<p>\u00daltima actualizaci\u00f3n: junio 2024[\/vc_column_text][\/vc_column][\/vc_row]\n<\/div>","protected":false},"excerpt":{"rendered":"<p>[vc_row][vc_column][vc_column_text css=&#8221;.vc_custom_1718703577618{margin-bottom: 0px !important;}&#8221;] Pol\u00edtica de Cookies En cumplimiento de la Ley 34\/2002 de Servicios de la Sociedad de la Informaci\u00f3n y Comercio Electr\u00f3nico le informamos de la utilizaci\u00f3n de [&hellip;]<\/p>\n","protected":false},"author":2,"featured_media":0,"parent":0,"menu_order":0,"comment_status":"closed","ping_status":"closed","template":"","meta":{"inline_featured_image":false,"_uag_custom_page_level_css":"","footnotes":""},"class_list":["post-8473","page","type-page","status-publish","hentry"],"yoast_head":"<!-- This site is optimized with the Yoast SEO plugin v27.4 - https:\/\/yoast.com\/product\/yoast-seo-wordpress\/ -->\n<title>Pol\u00edtica de Cookies - Team2go<\/title>\n<meta name=\"robots\" content=\"noindex, nofollow\" \/>\n<meta property=\"og:locale\" content=\"en_US\" \/>\n<meta property=\"og:type\" content=\"article\" \/>\n<meta property=\"og:title\" content=\"Pol\u00edtica de Cookies - Team2go\" \/>\n<meta property=\"og:description\" content=\"[vc_row][vc_column][vc_column_text css=&#8221;.vc_custom_1718703577618{margin-bottom: 0px !important;}&#8221;] Pol\u00edtica de Cookies En cumplimiento de la Ley 34\/2002 de Servicios de la Sociedad de la Informaci\u00f3n y Comercio Electr\u00f3nico le informamos de la utilizaci\u00f3n de [&hellip;]\" \/>\n<meta property=\"og:url\" content=\"https:\/\/team2go.es\/en\/politica-de-cookies\/\" \/>\n<meta property=\"og:site_name\" content=\"Team2go\" \/>\n<meta property=\"article:publisher\" content=\"https:\/\/www.facebook.com\/Team2go-1797808423856946\/\" \/>\n<meta property=\"article:modified_time\" content=\"2024-08-29T11:09:16+00:00\" \/>\n<meta property=\"og:image\" content=\"https:\/\/team2go.es\/wp-content\/uploads\/2022\/02\/logo-team2go.png\" \/>\n\t<meta property=\"og:image:width\" content=\"200\" \/>\n\t<meta property=\"og:image:height\" content=\"200\" \/>\n\t<meta property=\"og:image:type\" content=\"image\/png\" \/>\n<meta name=\"twitter:card\" content=\"summary_large_image\" \/>\n<meta name=\"twitter:site\" content=\"@MYTEAM2GO\" \/>\n<meta name=\"twitter:label1\" content=\"Est. reading time\" \/>\n\t<meta name=\"twitter:data1\" content=\"10 minutes\" \/>\n<script type=\"application\/ld+json\" class=\"yoast-schema-graph\">{\"@context\":\"https:\\\/\\\/schema.org\",\"@graph\":[{\"@type\":\"WebPage\",\"@id\":\"https:\\\/\\\/team2go.es\\\/en\\\/politica-de-cookies\\\/\",\"url\":\"https:\\\/\\\/team2go.es\\\/en\\\/politica-de-cookies\\\/\",\"name\":\"Pol\u00edtica de Cookies - Team2go\",\"isPartOf\":{\"@id\":\"https:\\\/\\\/team2go.es\\\/en\\\/#website\"},\"datePublished\":\"2019-03-12T07:15:54+00:00\",\"dateModified\":\"2024-08-29T11:09:16+00:00\",\"breadcrumb\":{\"@id\":\"https:\\\/\\\/team2go.es\\\/en\\\/politica-de-cookies\\\/#breadcrumb\"},\"inLanguage\":\"en-US\",\"potentialAction\":[{\"@type\":\"ReadAction\",\"target\":[\"https:\\\/\\\/team2go.es\\\/en\\\/politica-de-cookies\\\/\"]}]},{\"@type\":\"BreadcrumbList\",\"@id\":\"https:\\\/\\\/team2go.es\\\/en\\\/politica-de-cookies\\\/#breadcrumb\",\"itemListElement\":[{\"@type\":\"ListItem\",\"position\":1,\"name\":\"Portada\",\"item\":\"https:\\\/\\\/team2go.es\\\/en\\\/\"},{\"@type\":\"ListItem\",\"position\":2,\"name\":\"Pol\u00edtica de Cookies\"}]},{\"@type\":\"WebSite\",\"@id\":\"https:\\\/\\\/team2go.es\\\/en\\\/#website\",\"url\":\"https:\\\/\\\/team2go.es\\\/en\\\/\",\"name\":\"Team2go\",\"description\":\"Software de Recursos Humanos\",\"potentialAction\":[{\"@type\":\"SearchAction\",\"target\":{\"@type\":\"EntryPoint\",\"urlTemplate\":\"https:\\\/\\\/team2go.es\\\/en\\\/?s={search_term_string}\"},\"query-input\":{\"@type\":\"PropertyValueSpecification\",\"valueRequired\":true,\"valueName\":\"search_term_string\"}}],\"inLanguage\":\"en-US\"}]}<\/script>\n<!-- \/ Yoast SEO plugin. -->","yoast_head_json":{"title":"Pol\u00edtica de Cookies - Team2go","robots":{"index":"noindex","follow":"nofollow"},"og_locale":"en_US","og_type":"article","og_title":"Pol\u00edtica de Cookies - Team2go","og_description":"[vc_row][vc_column][vc_column_text css=&#8221;.vc_custom_1718703577618{margin-bottom: 0px !important;}&#8221;] Pol\u00edtica de Cookies En cumplimiento de la Ley 34\/2002 de Servicios de la Sociedad de la Informaci\u00f3n y Comercio Electr\u00f3nico le informamos de la utilizaci\u00f3n de [&hellip;]","og_url":"https:\/\/team2go.es\/en\/politica-de-cookies\/","og_site_name":"Team2go","article_publisher":"https:\/\/www.facebook.com\/Team2go-1797808423856946\/","article_modified_time":"2024-08-29T11:09:16+00:00","og_image":[{"width":200,"height":200,"url":"https:\/\/team2go.es\/wp-content\/uploads\/2022\/02\/logo-team2go.png","type":"image\/png"}],"twitter_card":"summary_large_image","twitter_site":"@MYTEAM2GO","twitter_misc":{"Est. reading time":"10 minutes"},"schema":{"@context":"https:\/\/schema.org","@graph":[{"@type":"WebPage","@id":"https:\/\/team2go.es\/en\/politica-de-cookies\/","url":"https:\/\/team2go.es\/en\/politica-de-cookies\/","name":"Pol\u00edtica de Cookies - Team2go","isPartOf":{"@id":"https:\/\/team2go.es\/en\/#website"},"datePublished":"2019-03-12T07:15:54+00:00","dateModified":"2024-08-29T11:09:16+00:00","breadcrumb":{"@id":"https:\/\/team2go.es\/en\/politica-de-cookies\/#breadcrumb"},"inLanguage":"en-US","potentialAction":[{"@type":"ReadAction","target":["https:\/\/team2go.es\/en\/politica-de-cookies\/"]}]},{"@type":"BreadcrumbList","@id":"https:\/\/team2go.es\/en\/politica-de-cookies\/#breadcrumb","itemListElement":[{"@type":"ListItem","position":1,"name":"Portada","item":"https:\/\/team2go.es\/en\/"},{"@type":"ListItem","position":2,"name":"Pol\u00edtica de Cookies"}]},{"@type":"WebSite","@id":"https:\/\/team2go.es\/en\/#website","url":"https:\/\/team2go.es\/en\/","name":"Team2go","description":"Software de Recursos Humanos","potentialAction":[{"@type":"SearchAction","target":{"@type":"EntryPoint","urlTemplate":"https:\/\/team2go.es\/en\/?s={search_term_string}"},"query-input":{"@type":"PropertyValueSpecification","valueRequired":true,"valueName":"search_term_string"}}],"inLanguage":"en-US"}]}},"uagb_featured_image_src":{"full":false,"thumbnail":false,"medium":false,"medium_large":false,"large":false,"1536x1536":false,"2048x2048":false,"image-size-150x150":false,"image-size-550x550":false,"image-size-550x550-@2x":false,"photo-album-thumbnail-small":false,"photo-album-thumbnail-square":false,"employees-large":false,"employees-small":false,"blog-magazine-thumbnail":false,"blog-magazine-thumbnail-@2x":false,"woocommerce-recent-carousel":false,"blog-carousel":false,"blog-carousel-@2x":false,"blog-showcase":false,"blog-showcase-@2x":false,"portfolio-x_x":false,"portfolio-two_x_x":false,"portfolio-four_x_x":false,"portfolio-x_two_x":false,"portfolio-two_x_two_x":false,"portfolio-three_x_two_x":false,"portfolio-three_x_x":false,"portfolio-four_x_two_x":false,"portfolio-x_x-@2x":false,"portfolio-two_x_x-@2x":false,"portfolio-four_x_x-@2x":false,"portfolio-x_two_x-@2x":false,"portfolio-two_x_two_x-@2x":false,"portfolio-three_x_x-@2x":false,"portfolio-three_x_two_x-@2x":false,"portfolio-four_x_two_x-@2x":false,"portfolio-four_x_x-@mobile":false,"portfolio-three_x_x-@mobile":false,"portfolio-three_x_two_x-@mobile":false,"portfolio-four_x_two_x-@mobile":false,"landscape-desktop":false,"landscape-tablet":false,"landscape-mobile":false,"portrait-desktop":false,"portrait-tablet":false,"portrait-mobile":false,"bdpp-medium":false},"uagb_author_info":{"display_name":"Team2Go","author_link":"https:\/\/team2go.es\/en\/author\/businessgo_2019\/"},"uagb_comment_info":0,"uagb_excerpt":"[vc_row][vc_column][vc_column_text css=&#8221;.vc_custom_1718703577618{margin-bottom: 0px !important;}&#8221;] Pol\u00edtica de Cookies En cumplimiento de la Ley 34\/2002 de Servicios de la Sociedad de la Informaci\u00f3n y Comercio Electr\u00f3nico le informamos de la utilizaci\u00f3n de [&hellip;]","_links":{"self":[{"href":"https:\/\/team2go.es\/en\/wp-json\/wp\/v2\/pages\/8473","targetHints":{"allow":["GET"]}}],"collection":[{"href":"https:\/\/team2go.es\/en\/wp-json\/wp\/v2\/pages"}],"about":[{"href":"https:\/\/team2go.es\/en\/wp-json\/wp\/v2\/types\/page"}],"author":[{"embeddable":true,"href":"https:\/\/team2go.es\/en\/wp-json\/wp\/v2\/users\/2"}],"replies":[{"embeddable":true,"href":"https:\/\/team2go.es\/en\/wp-json\/wp\/v2\/comments?post=8473"}],"version-history":[{"count":0,"href":"https:\/\/team2go.es\/en\/wp-json\/wp\/v2\/pages\/8473\/revisions"}],"wp:attachment":[{"href":"https:\/\/team2go.es\/en\/wp-json\/wp\/v2\/media?parent=8473"}],"curies":[{"name":"wp","href":"https:\/\/api.w.org\/{rel}","templated":true}]}}